{"id":5875,"date":"2025-04-28T15:55:38","date_gmt":"2025-04-28T13:55:38","guid":{"rendered":"https:\/\/tps-electronic.com\/mentions-legales\/"},"modified":"2025-11-24T16:34:09","modified_gmt":"2025-11-24T15:34:09","slug":"mentions-legales","status":"publish","type":"page","link":"https:\/\/tps-elektronik.com\/fr\/mentions-legales\/","title":{"rendered":"Mentions l\u00e9gales"},"content":{"rendered":"\n<div class=\"wp-block-columns is-layout-flex wp-container-core-columns-is-layout-9d6595d7 wp-block-columns-is-layout-flex\">\n<div class=\"wp-block-column is-layout-flow wp-block-column-is-layout-flow\">\n<p><strong>TPS Elektronik GmbH<\/strong><br\/>Senefelderstra\u00dfe 8<br\/>D-41066 M\u00f6nchengladbach<br\/>Allemagne<\/p>\n\n\n\n<p>Responsable du contenu<\/p>\n\n\n\n<p><strong>TPS Elektronik GmbH<\/strong><br\/>Senefelderstra\u00dfe 8<br\/>D-41066 M\u00f6nchengladbach<br\/>Allemagne<\/p>\n\n\n\n<p><strong>T\u00e9l.:<\/strong>\u00a0+49 (0) 21 61 &#8211; 49 52 6 &#8211; 0<br\/><strong>Fax:<\/strong>\u00a0+49 (0) 21 61 &#8211; 49 52 6 &#8211; 29<br\/><strong>E-Mail<\/strong>:\u00a0<a href=\"mailto:office@tps-elektronik.com\">office@tps-elektronik.com<\/a><br\/><strong>Site web<\/strong>: <a href=\"http:\/\/www.tps-elektronik.com\" target=\"_blank\" rel=\"noopener noreferrer nofollow\">http:\/\/www.tps-elektronik.com<\/a><\/p>\n\n\n\n<p><strong>G\u00e9rant<\/strong> : Dipl.-Ing. Zhiyi Li<\/p>\n\n\n\n<p><strong>Inscription au registre du commerce&#13;\nTribunal d\u2019instance: <\/strong>Amtsgericht M\u00f6nchengladbach<br\/><strong>Num\u00e9ro de registre<\/strong>: HRB 6392<\/p>\n\n\n\n<p><strong>Num\u00e9ro d\u2019identification TVA (conform\u00e9ment au \u00a727 a UStG)<\/strong><br\/><br\/>DE 209 364 155<\/p>\n\n\n\n<p><strong>Personne responsable au sens du droit de la presse (V.i.S.d.P.):<\/strong><br\/>Dipl. Ing. Zhiyi Li<\/p>\n\n\n\n<p><\/p>\n\n\n\n<p><strong>R\u00e8glement des litiges de consommation<\/strong><br\/><br\/>Avis juridique<br\/><br\/>La Commission europ\u00e9enne met \u00e0 disposition une plateforme de r\u00e8glement en ligne des litiges (RLL) :<br\/>https:\/\/ec.europa.eu\/consumers\/odr<br\/><br\/>Depuis le 20 mars 2025, il n\u2019est plus possible de d\u00e9poser une plainte via cette plateforme.<br\/><br\/>Notre adresse e-mail figure dans les mentions l\u00e9gales ci-dessus.<\/p>\n\n\n\n<p>Nous ne sommes ni dispos\u00e9s ni oblig\u00e9s \u00e0 participer \u00e0 une proc\u00e9dure de r\u00e8glement des litiges devant un organisme de m\u00e9diation pour consommateurs.<\/p>\n\n\n\n<p><strong>Responsabilit\u00e9 pour les contenus<\/strong><br\/><br\/>En tant que prestataire de services, nous sommes responsables de nos propres contenus pr\u00e9sents sur ces pages conform\u00e9ment au \u00a7 5 DDG et \u00e0 la l\u00e9gislation g\u00e9n\u00e9rale.<br\/><br\/>Nous ne sommes toutefois pas tenus de surveiller les informations tierces transmises ou stock\u00e9es, ni de rechercher activement des indications d\u2019activit\u00e9 ill\u00e9gale.<\/p>\n\n\n\n<p>Les obligations de suppression ou de blocage des informations conform\u00e9ment aux dispositions l\u00e9gales restent inchang\u00e9es.&#13;\nCependant, une responsabilit\u00e9 \u00e0 cet \u00e9gard n\u2019est possible qu\u2019\u00e0 partir du moment o\u00f9 une violation concr\u00e8te est port\u00e9e \u00e0 notre connaissance.&#13;\nD\u00e8s la notification d\u2019une telle violation, nous supprimerons imm\u00e9diatement les contenus concern\u00e9s.<\/p>\n\n\n\n<p><strong>Responsabilit\u00e9 pour les liens<\/strong><br\/><br\/>Notre site contient des liens vers des sites externes appartenant \u00e0 des tiers, sur le contenu desquels nous n\u2019avons aucune influence.<br\/>Par cons\u00e9quent, nous ne pouvons assumer aucune responsabilit\u00e9 quant \u00e0 ces contenus externes.<br\/>Le responsable du contenu des pages li\u00e9es reste toujours leur exploitant respectif.<br\/><br\/>Les pages li\u00e9es ont \u00e9t\u00e9 v\u00e9rifi\u00e9es au moment de la cr\u00e9ation du lien ; aucun contenu illicite n\u2019\u00e9tait identifiable \u00e0 ce moment-l\u00e0.<\/p>\n\n\n\n<p>Un contr\u00f4le permanent des contenus des pages li\u00e9es n\u2019est toutefois pas raisonnablement exigible sans indication concr\u00e8te d\u2019infraction.&#13;\nEn cas de violation av\u00e9r\u00e9e, nous supprimerons imm\u00e9diatement les liens concern\u00e9s.<\/p>\n\n\n\n<p>Droits d\u2019auteur<br\/><br\/>Les contenus et \u0153uvres cr\u00e9\u00e9s par les exploitants du site sont prot\u00e9g\u00e9s par le droit d\u2019auteur allemand.<br\/>La reproduction, le traitement, la distribution ou toute autre forme d\u2019exploitation en dehors des limites du droit d\u2019auteur n\u00e9cessitent l\u2019autorisation \u00e9crite de l\u2019auteur ou du cr\u00e9ateur concern\u00e9.<br\/><br\/>Les t\u00e9l\u00e9chargements et copies de ce site ne sont autoris\u00e9s que pour un usage priv\u00e9 et non commercial.<\/p>\n\n\n\n<p>Lorsque des contenus pr\u00e9sents sur ce site n\u2019ont pas \u00e9t\u00e9 cr\u00e9\u00e9s par l\u2019exploitant, les droits d\u2019auteur de tiers sont respect\u00e9s et ces contenus sont notamment signal\u00e9s comme tels.&#13;\nSi vous constatez n\u00e9anmoins une violation des droits d\u2019auteur, veuillez nous en informer. En cas de violation confirm\u00e9e, nous supprimerons imm\u00e9diatement les contenus concern\u00e9s.<\/p>\n\n\n\n<p><\/p>\n<\/div>\n<\/div>\n","protected":false},"excerpt":{"rendered":"<p>TPS Elektronik GmbHSenefelderstra\u00dfe 8D-41066 M\u00f6nchengladbachAllemagne Responsable du contenu TPS Elektronik GmbHSenefelderstra\u00dfe 8D-41066 M\u00f6nchengladbachAllemagne T\u00e9l.:\u00a0+49 (0) 21 61 &#8211; 49 52 6 &#8211; 0Fax:\u00a0+49 (0) 21 61 &#8211; 49 52 6 &#8211; 29E-Mail:\u00a0office@tps-elektronik.comSite web: http:\/\/www.tps-elektronik.com G\u00e9rant : Dipl.-Ing. Zhiyi Li Inscription au registre du commerce&#13; Tribunal d\u2019instance: Amtsgericht M\u00f6nchengladbachNum\u00e9ro de registre: HRB 6392 Num\u00e9ro d\u2019identification TVA\u2026 <a href=\"https:\/\/tps-elektronik.com\/fr\/mentions-legales\/\">Read More &raquo;<\/a><\/p>\n","protected":false},"author":1,"featured_media":0,"parent":0,"menu_order":98,"comment_status":"closed","ping_status":"closed","template":"page-rechtliches.php","meta":{"_acf_changed":false,"footnotes":""},"class_list":["post-5875","page","type-page","status-publish","hentry"],"acf":[],"yoast_head":"<!-- This site is optimized with the Yoast SEO plugin v27.3 - https:\/\/yoast.com\/product\/yoast-seo-wordpress\/ -->\n<title>Mentions l\u00e9gales de TPS Elektronik GmbH<\/title>\n<meta name=\"description\" content=\"Vous trouverez ici toutes les informations l\u00e9gales concernant notre site et notre entreprise : TPS Elektronik GmbH, Senefelderstra\u00dfe 8, 41066 M\u00f6nchengladbach.\" \/>\n<meta name=\"robots\" content=\"index, follow, max-snippet:-1, max-image-preview:large, max-video-preview:-1\" \/>\n<link rel=\"canonical\" href=\"https:\/\/tps-elektronik.com\/fr\/mentions-legales\/\" \/>\n<meta property=\"og:locale\" content=\"fr_FR\" \/>\n<meta property=\"og:type\" content=\"article\" \/>\n<meta property=\"og:title\" content=\"Mentions l\u00e9gales de TPS Elektronik GmbH\" \/>\n<meta property=\"og:description\" content=\"Vous trouverez ici toutes les informations l\u00e9gales concernant notre site et notre entreprise : TPS Elektronik GmbH, Senefelderstra\u00dfe 8, 41066 M\u00f6nchengladbach.\" \/>\n<meta property=\"og:url\" content=\"https:\/\/tps-elektronik.com\/fr\/mentions-legales\/\" \/>\n<meta property=\"og:site_name\" content=\"TPS\" \/>\n<meta property=\"article:modified_time\" content=\"2025-11-24T15:34:09+00:00\" \/>\n<meta property=\"og:image\" content=\"https:\/\/tps-elektronik.com\/wp-content\/uploads\/2025\/06\/tps-elektronik-platzhalter-historie.jpg\" \/>\n<meta name=\"twitter:card\" content=\"summary_large_image\" \/>\n<meta name=\"twitter:label1\" content=\"Dur\u00e9e de lecture estim\u00e9e\" \/>\n\t<meta name=\"twitter:data1\" content=\"3 minutes\" \/>\n<script type=\"application\/ld+json\" class=\"yoast-schema-graph\">{\"@context\":\"https:\\\/\\\/schema.org\",\"@graph\":[{\"@type\":\"WebPage\",\"@id\":\"https:\\\/\\\/tps-elektronik.com\\\/fr\\\/mentions-legales\\\/\",\"url\":\"https:\\\/\\\/tps-elektronik.com\\\/fr\\\/mentions-legales\\\/\",\"name\":\"Mentions l\u00e9gales de TPS Elektronik GmbH\",\"isPartOf\":{\"@id\":\"https:\\\/\\\/tps-elektronik.com\\\/fr\\\/#website\"},\"datePublished\":\"2025-04-28T13:55:38+00:00\",\"dateModified\":\"2025-11-24T15:34:09+00:00\",\"description\":\"Vous trouverez ici toutes les informations l\u00e9gales concernant notre site et notre entreprise : TPS Elektronik GmbH, Senefelderstra\u00dfe 8, 41066 M\u00f6nchengladbach.\",\"breadcrumb\":{\"@id\":\"https:\\\/\\\/tps-elektronik.com\\\/fr\\\/mentions-legales\\\/#breadcrumb\"},\"inLanguage\":\"fr-FR\",\"potentialAction\":[{\"@type\":\"ReadAction\",\"target\":[\"https:\\\/\\\/tps-elektronik.com\\\/fr\\\/mentions-legales\\\/\"]}]},{\"@type\":\"BreadcrumbList\",\"@id\":\"https:\\\/\\\/tps-elektronik.com\\\/fr\\\/mentions-legales\\\/#breadcrumb\",\"itemListElement\":[{\"@type\":\"ListItem\",\"position\":1,\"name\":\"Startseite\",\"item\":\"https:\\\/\\\/tps-electronic.com\\\/fr\\\/\"},{\"@type\":\"ListItem\",\"position\":2,\"name\":\"Mentions l\u00e9gales\"}]},{\"@type\":\"WebSite\",\"@id\":\"https:\\\/\\\/tps-elektronik.com\\\/fr\\\/#website\",\"url\":\"https:\\\/\\\/tps-elektronik.com\\\/fr\\\/\",\"name\":\"TPS\",\"description\":\"\",\"potentialAction\":[{\"@type\":\"SearchAction\",\"target\":{\"@type\":\"EntryPoint\",\"urlTemplate\":\"https:\\\/\\\/tps-elektronik.com\\\/fr\\\/?s={search_term_string}\"},\"query-input\":{\"@type\":\"PropertyValueSpecification\",\"valueRequired\":true,\"valueName\":\"search_term_string\"}}],\"inLanguage\":\"fr-FR\"}]}<\/script>\n<!-- \/ Yoast SEO plugin. -->","yoast_head_json":{"title":"Mentions l\u00e9gales de TPS Elektronik GmbH","description":"Vous trouverez ici toutes les informations l\u00e9gales concernant notre site et notre entreprise : TPS Elektronik GmbH, Senefelderstra\u00dfe 8, 41066 M\u00f6nchengladbach.","robots":{"index":"index","follow":"follow","max-snippet":"max-snippet:-1","max-image-preview":"max-image-preview:large","max-video-preview":"max-video-preview:-1"},"canonical":"https:\/\/tps-elektronik.com\/fr\/mentions-legales\/","og_locale":"fr_FR","og_type":"article","og_title":"Mentions l\u00e9gales de TPS Elektronik GmbH","og_description":"Vous trouverez ici toutes les informations l\u00e9gales concernant notre site et notre entreprise : TPS Elektronik GmbH, Senefelderstra\u00dfe 8, 41066 M\u00f6nchengladbach.","og_url":"https:\/\/tps-elektronik.com\/fr\/mentions-legales\/","og_site_name":"TPS","article_modified_time":"2025-11-24T15:34:09+00:00","og_image":[{"url":"https:\/\/tps-elektronik.com\/wp-content\/uploads\/2025\/06\/tps-elektronik-platzhalter-historie.jpg","type":"","width":"","height":""}],"twitter_card":"summary_large_image","twitter_misc":{"Dur\u00e9e de lecture estim\u00e9e":"3 minutes"},"schema":{"@context":"https:\/\/schema.org","@graph":[{"@type":"WebPage","@id":"https:\/\/tps-elektronik.com\/fr\/mentions-legales\/","url":"https:\/\/tps-elektronik.com\/fr\/mentions-legales\/","name":"Mentions l\u00e9gales de TPS Elektronik GmbH","isPartOf":{"@id":"https:\/\/tps-elektronik.com\/fr\/#website"},"datePublished":"2025-04-28T13:55:38+00:00","dateModified":"2025-11-24T15:34:09+00:00","description":"Vous trouverez ici toutes les informations l\u00e9gales concernant notre site et notre entreprise : TPS Elektronik GmbH, Senefelderstra\u00dfe 8, 41066 M\u00f6nchengladbach.","breadcrumb":{"@id":"https:\/\/tps-elektronik.com\/fr\/mentions-legales\/#breadcrumb"},"inLanguage":"fr-FR","potentialAction":[{"@type":"ReadAction","target":["https:\/\/tps-elektronik.com\/fr\/mentions-legales\/"]}]},{"@type":"BreadcrumbList","@id":"https:\/\/tps-elektronik.com\/fr\/mentions-legales\/#breadcrumb","itemListElement":[{"@type":"ListItem","position":1,"name":"Startseite","item":"https:\/\/tps-electronic.com\/fr\/"},{"@type":"ListItem","position":2,"name":"Mentions l\u00e9gales"}]},{"@type":"WebSite","@id":"https:\/\/tps-elektronik.com\/fr\/#website","url":"https:\/\/tps-elektronik.com\/fr\/","name":"TPS","description":"","potentialAction":[{"@type":"SearchAction","target":{"@type":"EntryPoint","urlTemplate":"https:\/\/tps-elektronik.com\/fr\/?s={search_term_string}"},"query-input":{"@type":"PropertyValueSpecification","valueRequired":true,"valueName":"search_term_string"}}],"inLanguage":"fr-FR"}]}},"_links":{"self":[{"href":"https:\/\/tps-elektronik.com\/fr\/wp-json\/wp\/v2\/pages\/5875","targetHints":{"allow":["GET"]}}],"collection":[{"href":"https:\/\/tps-elektronik.com\/fr\/wp-json\/wp\/v2\/pages"}],"about":[{"href":"https:\/\/tps-elektronik.com\/fr\/wp-json\/wp\/v2\/types\/page"}],"author":[{"embeddable":true,"href":"https:\/\/tps-elektronik.com\/fr\/wp-json\/wp\/v2\/users\/1"}],"replies":[{"embeddable":true,"href":"https:\/\/tps-elektronik.com\/fr\/wp-json\/wp\/v2\/comments?post=5875"}],"version-history":[{"count":3,"href":"https:\/\/tps-elektronik.com\/fr\/wp-json\/wp\/v2\/pages\/5875\/revisions"}],"predecessor-version":[{"id":5884,"href":"https:\/\/tps-elektronik.com\/fr\/wp-json\/wp\/v2\/pages\/5875\/revisions\/5884"}],"wp:attachment":[{"href":"https:\/\/tps-elektronik.com\/fr\/wp-json\/wp\/v2\/media?parent=5875"}],"curies":[{"name":"wp","href":"https:\/\/api.w.org\/{rel}","templated":true}]}}