{"id":5869,"date":"2025-04-28T15:54:31","date_gmt":"2025-04-28T13:54:31","guid":{"rendered":"https:\/\/tps-elektronik.com\/?page_id=5869"},"modified":"2026-03-23T06:20:42","modified_gmt":"2026-03-23T05:20:42","slug":"contact","status":"publish","type":"page","link":"https:\/\/tps-elektronik.com\/fr\/contact\/","title":{"rendered":"Contactez-nous"},"content":{"rendered":"\n<p><strong>Allemagne<br><\/strong>TPS Elektronik GmbH<br>Senefelderstra\u00dfe 8<br>D-41066 M\u00f6nchengladbach<br>Allemagne<br><strong><a href=\"tel:+49 (0)2161-495260\">+49 (0)2161-495260<\/a><br><a href=\"mailto:vertrieb@tps-elektronik.com\" target=\"_blank\" rel=\"noreferrer noopener\">vertrieb@tps-elektronik.com<\/a><\/a><\/strong><\/p>\n\n\n\n<p><strong>China<\/strong><br>Shanghai TPS Power Electronic Co.,Ltd.<br>Building 19-2F, Minyi Road No.201, <br>Songjiang, 201612 Shanghai, China<br><strong><a href=\"tel:+86 (021) 33730588\">+86 (021) 33730588<\/a><br><a href=\"mailto:info_sh@tps-elektronik.cn\">info_sh@tps-elektronik.cn<\/a><\/strong><\/p>\n\n\n\n<p><strong>\u00c9tats-Unis<\/strong><br>TPS Electronic LCC<br>175-23 Peck Ave, Fresh Meadows, NY 11365<br><strong><a href=\"tel:+1 929 704 1340\">+1 929 704 1340<\/a><\/strong><br><a href=\"mailto:newyork.us@tps-electronic.com\"><strong>newyork.us@tps-electronic.com<\/strong><\/a><br><\/p>\n\n\n<style id=\"wpforms-css-vars-2412-block-220e65f6-5501-47ab-8b28-441fd10bc7e4\">\n\t\t\t\t#wpforms-2412.wpforms-block-220e65f6-5501-47ab-8b28-441fd10bc7e4 {\n\t\t\t\t--wpforms-field-size-input-height: 43px;\n--wpforms-field-size-input-spacing: 15px;\n--wpforms-field-size-font-size: 16px;\n--wpforms-field-size-line-height: 19px;\n--wpforms-field-size-padding-h: 14px;\n--wpforms-field-size-checkbox-size: 16px;\n--wpforms-field-size-sublabel-spacing: 5px;\n--wpforms-field-size-icon-size: 1;\n--wpforms-label-size-font-size: 16px;\n--wpforms-label-size-line-height: 19px;\n--wpforms-label-size-sublabel-font-size: 14px;\n--wpforms-label-size-sublabel-line-height: 17px;\n--wpforms-button-size-font-size: 17px;\n--wpforms-button-size-height: 41px;\n--wpforms-button-size-padding-h: 15px;\n--wpforms-button-size-margin-top: 10px;\n\t\t\t}\n\t\t\t<\/style><div class=\"wpforms-container wpforms-container-full wpforms-block wpforms-block-220e65f6-5501-47ab-8b28-441fd10bc7e4 wpforms-render-modern\" id=\"wpforms-2412\"><form id=\"wpforms-form-2412\" class=\"wpforms-validate wpforms-form wpforms-ajax-form\" data-formid=\"2412\" method=\"post\" enctype=\"multipart\/form-data\" action=\"\/fr\/wp-json\/wp\/v2\/pages\/5869\" data-token=\"a60bcba5c1d0b7fd8ed1a20b7c90f540\" data-token-time=\"1775396718\"><div class=\"wpforms-head-container\"><div class=\"wpforms-title\">Contact Us<\/div><\/div><noscript class=\"wpforms-error-noscript\">Veuillez activer JavaScript dans votre navigateur pour remplir ce formulaire.<\/noscript><div id=\"wpforms-error-noscript\" style=\"display: none;\">Veuillez activer JavaScript dans votre navigateur pour remplir ce formulaire.<\/div><div class=\"wpforms-field-container\"><div id=\"wpforms-2412-field_1-container\" class=\"wpforms-field wpforms-field-name\" data-field-id=\"1\"><fieldset><legend class=\"wpforms-field-label\">Name <span class=\"wpforms-required-label\" aria-hidden=\"true\">*<\/span><\/legend><div class=\"wpforms-field-row wpforms-field-large\"><div class=\"wpforms-field-row-block wpforms-first wpforms-one-half\"><input type=\"text\" id=\"wpforms-2412-field_1\" class=\"wpforms-field-name-first wpforms-field-required\" name=\"wpforms[fields][1][first]\" aria-errormessage=\"wpforms-2412-field_1-error\" required><label for=\"wpforms-2412-field_1\" class=\"wpforms-field-sublabel after\">Pr\u00e9nom<\/label><\/div><div class=\"wpforms-field-row-block wpforms-one-half\"><input type=\"text\" id=\"wpforms-2412-field_1-last\" class=\"wpforms-field-name-last wpforms-field-required\" name=\"wpforms[fields][1][last]\" aria-errormessage=\"wpforms-2412-field_1-last-error\" required><label for=\"wpforms-2412-field_1-last\" class=\"wpforms-field-sublabel after\">Nom<\/label><\/div><\/div><\/fieldset><\/div><div id=\"wpforms-2412-field_4-container\" class=\"wpforms-field wpforms-field-text\" data-field-id=\"4\"><label class=\"wpforms-field-label\" for=\"wpforms-2412-field_4\">Company <span class=\"wpforms-required-label\" aria-hidden=\"true\">*<\/span><\/label><input type=\"text\" id=\"wpforms-2412-field_4\" class=\"wpforms-field-large wpforms-field-required\" name=\"wpforms[fields][4]\" aria-errormessage=\"wpforms-2412-field_4-error\" required><\/div>\t\t<div id=\"wpforms-2412-field_5-container\"\n\t\t\tclass=\"wpforms-field wpforms-field-text\"\n\t\t\tdata-field-type=\"text\"\n\t\t\tdata-field-id=\"5\"\n\t\t\t>\n\t\t\t<label class=\"wpforms-field-label\" for=\"wpforms-2412-field_5\" >Message or Name<\/label>\n\t\t\t<input type=\"text\" id=\"wpforms-2412-field_5\" class=\"wpforms-field-medium\" name=\"wpforms[fields][5]\" >\n\t\t<\/div>\n\t\t<div id=\"wpforms-2412-field_2-container\" class=\"wpforms-field wpforms-field-email\" data-field-id=\"2\"><label class=\"wpforms-field-label\" for=\"wpforms-2412-field_2\">Email <span class=\"wpforms-required-label\" aria-hidden=\"true\">*<\/span><\/label><input type=\"email\" id=\"wpforms-2412-field_2\" class=\"wpforms-field-large wpforms-field-required\" name=\"wpforms[fields][2]\" spellcheck=\"false\" aria-errormessage=\"wpforms-2412-field_2-error\" required><\/div><div id=\"wpforms-2412-field_3-container\" class=\"wpforms-field wpforms-field-textarea\" data-field-id=\"3\"><label class=\"wpforms-field-label\" for=\"wpforms-2412-field_3\">Comment or Message<\/label><textarea id=\"wpforms-2412-field_3\" class=\"wpforms-field-medium\" name=\"wpforms[fields][3]\" aria-errormessage=\"wpforms-2412-field_3-error\" ><\/textarea><\/div><div id=\"wpforms-2412-field_6-container\" class=\"wpforms-field wpforms-field-checkbox\" data-field-id=\"6\"><fieldset><legend class=\"wpforms-field-label wpforms-label-hide\" aria-hidden=\"false\">Checkbox <span class=\"wpforms-required-label\" aria-hidden=\"true\">*<\/span><\/legend><ul id=\"wpforms-2412-field_6\" class=\"wpforms-field-required\"><li class=\"choice-1 depth-1 wpforms-selected\"><input type=\"checkbox\" id=\"wpforms-2412-field_6_1\" name=\"wpforms[fields][6][]\" value=\"I agree to the processing of my information for the purpose of creating a quote.\" aria-errormessage=\"wpforms-2412-field_6_1-error\" required  checked='checked'><label class=\"wpforms-field-label-inline\" for=\"wpforms-2412-field_6_1\">I agree to the processing of my information for the purpose of creating a quote.<\/label><\/li><\/ul><\/fieldset><\/div><script>\n\t\t\t\t( function() {\n\t\t\t\t\tconst style = document.createElement( 'style' );\n\t\t\t\t\tstyle.appendChild( document.createTextNode( '#wpforms-2412-field_5-container { position: absolute !important; overflow: hidden !important; display: inline !important; height: 1px !important; width: 1px !important; z-index: -1000 !important; padding: 0 !important; } #wpforms-2412-field_5-container input { visibility: hidden; } #wpforms-conversational-form-page #wpforms-2412-field_5-container label { counter-increment: none; }' ) );\n\t\t\t\t\tdocument.head.appendChild( style );\n\t\t\t\t\tdocument.currentScript?.remove();\n\t\t\t\t} )();\n\t\t\t<\/script><\/div><!-- .wpforms-field-container --><div class=\"wpforms-submit-container\" ><input type=\"hidden\" name=\"wpforms[id]\" value=\"2412\"><input type=\"hidden\" name=\"page_title\" value=\"\"><input type=\"hidden\" name=\"page_url\" value=\"https:\/\/tps-elektronik.com\/fr\/wp-json\/wp\/v2\/pages\/5869\"><input type=\"hidden\" name=\"url_referer\" value=\"\"><button type=\"submit\" name=\"wpforms[submit]\" id=\"wpforms-submit-2412\" class=\"wpforms-submit\" data-alt-text=\"Sending...\" data-submit-text=\"Submit\" aria-live=\"assertive\" value=\"wpforms-submit\">Submit<\/button><img loading=\"lazy\" decoding=\"async\" src=\"https:\/\/tps-elektronik.com\/wp-content\/plugins\/wpforms-lite\/assets\/images\/submit-spin.svg\" class=\"wpforms-submit-spinner\" style=\"display: none;\" width=\"26\" height=\"26\" alt=\"Chargement en cours\"><\/div><\/form><\/div>  <!-- .wpforms-container -->\n\n\n<p class=\"socials-headline\"><\/p>\n","protected":false},"excerpt":{"rendered":"<p>AllemagneTPS Elektronik GmbHSenefelderstra\u00dfe 8D-41066 M\u00f6nchengladbachAllemagne+49 (0)2161-495260vertrieb@tps-elektronik.com ChinaShanghai TPS Power Electronic Co.,Ltd.Building 19-2F, Minyi Road No.201, Songjiang, 201612 Shanghai, China+86 (021) 33730588info_sh@tps-elektronik.cn \u00c9tats-UnisTPS Electronic LCC175-23 Peck Ave, Fresh Meadows, NY 11365+1 929 704 1340newyork.us@tps-electronic.com<\/p>\n","protected":false},"author":8,"featured_media":5825,"parent":0,"menu_order":5,"comment_status":"closed","ping_status":"closed","template":"page-kontakt.php","meta":{"_acf_changed":false,"footnotes":""},"class_list":["post-5869","page","type-page","status-publish","has-post-thumbnail","hentry"],"acf":[],"yoast_head":"<!-- This site is optimized with the Yoast SEO plugin v27.3 - https:\/\/yoast.com\/product\/yoast-seo-wordpress\/ -->\n<title>Contactez-nous - TPS<\/title>\n<meta name=\"description\" content=\"Vous trouverez ici toutes les coordonn\u00e9es de nos implantations. Vous pouvez nous joindre par t\u00e9l\u00e9phone au +49 (0) 2161-49526-0 ou par e-mail \u00e0 l\u2019adresse office@tps-elektronik.com.\" \/>\n<meta name=\"robots\" content=\"index, follow, max-snippet:-1, max-image-preview:large, max-video-preview:-1\" \/>\n<link rel=\"canonical\" href=\"https:\/\/tps-elektronik.com\/fr\/contact\/\" \/>\n<meta property=\"og:locale\" content=\"fr_FR\" \/>\n<meta property=\"og:type\" content=\"article\" \/>\n<meta property=\"og:title\" content=\"Contactez-nous - TPS\" \/>\n<meta property=\"og:description\" content=\"Vous trouverez ici toutes les coordonn\u00e9es de nos implantations. Vous pouvez nous joindre par t\u00e9l\u00e9phone au +49 (0) 2161-49526-0 ou par e-mail \u00e0 l\u2019adresse office@tps-elektronik.com.\" \/>\n<meta property=\"og:url\" content=\"https:\/\/tps-elektronik.com\/fr\/contact\/\" \/>\n<meta property=\"og:site_name\" content=\"TPS\" \/>\n<meta property=\"article:modified_time\" content=\"2026-03-23T05:20:42+00:00\" \/>\n<meta property=\"og:image\" content=\"https:\/\/tps-elektronik.com\/wp-content\/uploads\/2025\/04\/platzhalter-img-header-unterseiten.jpg\" \/>\n\t<meta property=\"og:image:width\" content=\"1920\" \/>\n\t<meta property=\"og:image:height\" content=\"817\" \/>\n\t<meta property=\"og:image:type\" content=\"image\/jpeg\" \/>\n<meta name=\"twitter:card\" content=\"summary_large_image\" \/>\n<meta name=\"twitter:label1\" content=\"Dur\u00e9e de lecture estim\u00e9e\" \/>\n\t<meta name=\"twitter:data1\" content=\"1 minute\" \/>\n<script type=\"application\/ld+json\" class=\"yoast-schema-graph\">{\"@context\":\"https:\\\/\\\/schema.org\",\"@graph\":[{\"@type\":\"WebPage\",\"@id\":\"https:\\\/\\\/tps-elektronik.com\\\/fr\\\/contact\\\/\",\"url\":\"https:\\\/\\\/tps-elektronik.com\\\/fr\\\/contact\\\/\",\"name\":\"Contactez-nous - TPS\",\"isPartOf\":{\"@id\":\"https:\\\/\\\/tps-elektronik.com\\\/fr\\\/#website\"},\"primaryImageOfPage\":{\"@id\":\"https:\\\/\\\/tps-elektronik.com\\\/fr\\\/contact\\\/#primaryimage\"},\"image\":{\"@id\":\"https:\\\/\\\/tps-elektronik.com\\\/fr\\\/contact\\\/#primaryimage\"},\"thumbnailUrl\":\"https:\\\/\\\/tps-elektronik.com\\\/wp-content\\\/uploads\\\/2025\\\/04\\\/platzhalter-img-header-unterseiten.jpg\",\"datePublished\":\"2025-04-28T13:54:31+00:00\",\"dateModified\":\"2026-03-23T05:20:42+00:00\",\"description\":\"Vous trouverez ici toutes les coordonn\u00e9es de nos implantations. Vous pouvez nous joindre par t\u00e9l\u00e9phone au +49 (0) 2161-49526-0 ou par e-mail \u00e0 l\u2019adresse office@tps-elektronik.com.\",\"breadcrumb\":{\"@id\":\"https:\\\/\\\/tps-elektronik.com\\\/fr\\\/contact\\\/#breadcrumb\"},\"inLanguage\":\"fr-FR\",\"potentialAction\":[{\"@type\":\"ReadAction\",\"target\":[\"https:\\\/\\\/tps-elektronik.com\\\/fr\\\/contact\\\/\"]}]},{\"@type\":\"ImageObject\",\"inLanguage\":\"fr-FR\",\"@id\":\"https:\\\/\\\/tps-elektronik.com\\\/fr\\\/contact\\\/#primaryimage\",\"url\":\"https:\\\/\\\/tps-elektronik.com\\\/wp-content\\\/uploads\\\/2025\\\/04\\\/platzhalter-img-header-unterseiten.jpg\",\"contentUrl\":\"https:\\\/\\\/tps-elektronik.com\\\/wp-content\\\/uploads\\\/2025\\\/04\\\/platzhalter-img-header-unterseiten.jpg\",\"width\":1920,\"height\":817},{\"@type\":\"BreadcrumbList\",\"@id\":\"https:\\\/\\\/tps-elektronik.com\\\/fr\\\/contact\\\/#breadcrumb\",\"itemListElement\":[{\"@type\":\"ListItem\",\"position\":1,\"name\":\"Startseite\",\"item\":\"https:\\\/\\\/tps-electronic.com\\\/fr\\\/\"},{\"@type\":\"ListItem\",\"position\":2,\"name\":\"Contactez-nous\"}]},{\"@type\":\"WebSite\",\"@id\":\"https:\\\/\\\/tps-elektronik.com\\\/fr\\\/#website\",\"url\":\"https:\\\/\\\/tps-elektronik.com\\\/fr\\\/\",\"name\":\"TPS\",\"description\":\"\",\"potentialAction\":[{\"@type\":\"SearchAction\",\"target\":{\"@type\":\"EntryPoint\",\"urlTemplate\":\"https:\\\/\\\/tps-elektronik.com\\\/fr\\\/?s={search_term_string}\"},\"query-input\":{\"@type\":\"PropertyValueSpecification\",\"valueRequired\":true,\"valueName\":\"search_term_string\"}}],\"inLanguage\":\"fr-FR\"}]}<\/script>\n<!-- \/ Yoast SEO plugin. -->","yoast_head_json":{"title":"Contactez-nous - TPS","description":"Vous trouverez ici toutes les coordonn\u00e9es de nos implantations. Vous pouvez nous joindre par t\u00e9l\u00e9phone au +49 (0) 2161-49526-0 ou par e-mail \u00e0 l\u2019adresse office@tps-elektronik.com.","robots":{"index":"index","follow":"follow","max-snippet":"max-snippet:-1","max-image-preview":"max-image-preview:large","max-video-preview":"max-video-preview:-1"},"canonical":"https:\/\/tps-elektronik.com\/fr\/contact\/","og_locale":"fr_FR","og_type":"article","og_title":"Contactez-nous - TPS","og_description":"Vous trouverez ici toutes les coordonn\u00e9es de nos implantations. Vous pouvez nous joindre par t\u00e9l\u00e9phone au +49 (0) 2161-49526-0 ou par e-mail \u00e0 l\u2019adresse office@tps-elektronik.com.","og_url":"https:\/\/tps-elektronik.com\/fr\/contact\/","og_site_name":"TPS","article_modified_time":"2026-03-23T05:20:42+00:00","og_image":[{"width":1920,"height":817,"url":"https:\/\/tps-elektronik.com\/wp-content\/uploads\/2025\/04\/platzhalter-img-header-unterseiten.jpg","type":"image\/jpeg"}],"twitter_card":"summary_large_image","twitter_misc":{"Dur\u00e9e de lecture estim\u00e9e":"1 minute"},"schema":{"@context":"https:\/\/schema.org","@graph":[{"@type":"WebPage","@id":"https:\/\/tps-elektronik.com\/fr\/contact\/","url":"https:\/\/tps-elektronik.com\/fr\/contact\/","name":"Contactez-nous - TPS","isPartOf":{"@id":"https:\/\/tps-elektronik.com\/fr\/#website"},"primaryImageOfPage":{"@id":"https:\/\/tps-elektronik.com\/fr\/contact\/#primaryimage"},"image":{"@id":"https:\/\/tps-elektronik.com\/fr\/contact\/#primaryimage"},"thumbnailUrl":"https:\/\/tps-elektronik.com\/wp-content\/uploads\/2025\/04\/platzhalter-img-header-unterseiten.jpg","datePublished":"2025-04-28T13:54:31+00:00","dateModified":"2026-03-23T05:20:42+00:00","description":"Vous trouverez ici toutes les coordonn\u00e9es de nos implantations. Vous pouvez nous joindre par t\u00e9l\u00e9phone au +49 (0) 2161-49526-0 ou par e-mail \u00e0 l\u2019adresse office@tps-elektronik.com.","breadcrumb":{"@id":"https:\/\/tps-elektronik.com\/fr\/contact\/#breadcrumb"},"inLanguage":"fr-FR","potentialAction":[{"@type":"ReadAction","target":["https:\/\/tps-elektronik.com\/fr\/contact\/"]}]},{"@type":"ImageObject","inLanguage":"fr-FR","@id":"https:\/\/tps-elektronik.com\/fr\/contact\/#primaryimage","url":"https:\/\/tps-elektronik.com\/wp-content\/uploads\/2025\/04\/platzhalter-img-header-unterseiten.jpg","contentUrl":"https:\/\/tps-elektronik.com\/wp-content\/uploads\/2025\/04\/platzhalter-img-header-unterseiten.jpg","width":1920,"height":817},{"@type":"BreadcrumbList","@id":"https:\/\/tps-elektronik.com\/fr\/contact\/#breadcrumb","itemListElement":[{"@type":"ListItem","position":1,"name":"Startseite","item":"https:\/\/tps-electronic.com\/fr\/"},{"@type":"ListItem","position":2,"name":"Contactez-nous"}]},{"@type":"WebSite","@id":"https:\/\/tps-elektronik.com\/fr\/#website","url":"https:\/\/tps-elektronik.com\/fr\/","name":"TPS","description":"","potentialAction":[{"@type":"SearchAction","target":{"@type":"EntryPoint","urlTemplate":"https:\/\/tps-elektronik.com\/fr\/?s={search_term_string}"},"query-input":{"@type":"PropertyValueSpecification","valueRequired":true,"valueName":"search_term_string"}}],"inLanguage":"fr-FR"}]}},"_links":{"self":[{"href":"https:\/\/tps-elektronik.com\/fr\/wp-json\/wp\/v2\/pages\/5869","targetHints":{"allow":["GET"]}}],"collection":[{"href":"https:\/\/tps-elektronik.com\/fr\/wp-json\/wp\/v2\/pages"}],"about":[{"href":"https:\/\/tps-elektronik.com\/fr\/wp-json\/wp\/v2\/types\/page"}],"author":[{"embeddable":true,"href":"https:\/\/tps-elektronik.com\/fr\/wp-json\/wp\/v2\/users\/8"}],"replies":[{"embeddable":true,"href":"https:\/\/tps-elektronik.com\/fr\/wp-json\/wp\/v2\/comments?post=5869"}],"version-history":[{"count":3,"href":"https:\/\/tps-elektronik.com\/fr\/wp-json\/wp\/v2\/pages\/5869\/revisions"}],"predecessor-version":[{"id":9474,"href":"https:\/\/tps-elektronik.com\/fr\/wp-json\/wp\/v2\/pages\/5869\/revisions\/9474"}],"wp:featuredmedia":[{"embeddable":true,"href":"https:\/\/tps-elektronik.com\/fr\/wp-json\/wp\/v2\/media\/5825"}],"wp:attachment":[{"href":"https:\/\/tps-elektronik.com\/fr\/wp-json\/wp\/v2\/media?parent=5869"}],"curies":[{"name":"wp","href":"https:\/\/api.w.org\/{rel}","templated":true}]}}