{"id":5850,"date":"2025-04-28T15:54:20","date_gmt":"2025-04-28T13:54:20","guid":{"rendered":"https:\/\/tps-electronic.com\/a-propos-de-tps-electronics\/"},"modified":"2025-11-24T14:37:56","modified_gmt":"2025-11-24T13:37:56","slug":"a-propos-de-tps-electronics","status":"publish","type":"page","link":"https:\/\/tps-elektronik.com\/fr\/a-propos-de-tps-electronics\/","title":{"rendered":"\u00c0 propos de TPS Electronics"},"content":{"rendered":"\n<h2 class=\"wp-block-heading\">Ce qui nous distingue<\/h2>\n\n<div class=\"wp-block-columns is-layout-flex wp-container-core-columns-is-layout-9d6595d7 wp-block-columns-is-layout-flex\">\n<div class=\"wp-block-column is-layout-flow wp-block-column-is-layout-flow\">\n<p>Notre vision a toujours \u00e9t\u00e9 \u2014 et reste \u2014 de r\u00e9aliser des syst\u00e8mes complets \u00e0 partir d\u2019une source unique, en offrant bien plus qu\u2019un simple service EMS standard.&#13;\nPour garantir que nos solutions suivent en permanence les exigences du march\u00e9 et de nos clients, tant sur le plan technique qu\u2019\u00e9conomique, nous exploitons les synergies entre nos diff\u00e9rentes divisions, afin d\u2019optimiser la rentabilit\u00e9 et de renforcer des partenariats durables avec nos clients et fournisseurs dans le monde entier.&#13;\n&#13;\nNous combinons notre expertise intersectorielle et intertechnologique, ainsi que des d\u00e9cennies d\u2019exp\u00e9rience, avec les points forts de nos clients pour ouvrir ensemble de nouveaux march\u00e9s et transformer les id\u00e9es en r\u00e9ussites concr\u00e8tes.&#13;\nGr\u00e2ce \u00e0 notre positionnement \u00e9tendu dans l\u2019industrie, nous mettons \u00e0 profit les synergies issues de nombreux secteurs pour cr\u00e9er de nouvelles opportunit\u00e9s pour nos clients.&#13;\n<\/p>\n<\/div>\n\n\n\n<div class=\"wp-block-column is-layout-flow wp-block-column-is-layout-flow\">\n<p>De l\u2019\u00e9lectronique et la m\u00e9canique aux composants inductifs : nous restons toujours \u00e0 la pointe de la technologie dans tous nos domaines. Afin d\u2019exploiter de mani\u00e8re optimale ces technologies et syst\u00e8mes pour vous, nous accordons \u00e9galement une importance particuli\u00e8re \u00e0 la formation continue de nos collaborateurs.&#13;\n<\/p>\n\n\n\n<p>Ce qui nous caract\u00e9rise, c\u2019est notre fiabilit\u00e9 et la mani\u00e8re dont nous travaillons ensemble pour concr\u00e9tiser de nouvelles id\u00e9es, inspirer et oser tenter de nouvelles approches afin d\u2019atteindre le succ\u00e8s commun.&#13;\nNous attachons une grande importance \u00e0 offrir \u00e0 nos clients un accompagnement complet et personnalis\u00e9 \u2014 avant, pendant et apr\u00e8s la r\u00e9alisation de leur projet. Nous apportons un soutien cibl\u00e9 l\u00e0 o\u00f9 notre expertise est la plus utile.<\/p>\n<\/div>\n<\/div>\n\n<p><\/p>\n","protected":false},"excerpt":{"rendered":"<p>Ce qui nous distingue Notre vision a toujours \u00e9t\u00e9 \u2014 et reste \u2014 de r\u00e9aliser des syst\u00e8mes complets \u00e0 partir d\u2019une source unique, en offrant bien plus qu\u2019un simple service EMS standard.&#13; Pour garantir que nos solutions suivent en permanence les exigences du march\u00e9 et de nos clients, tant sur le plan technique qu\u2019\u00e9conomique, nous\u2026 <a href=\"https:\/\/tps-elektronik.com\/fr\/a-propos-de-tps-electronics\/\">Read More &raquo;<\/a><\/p>\n","protected":false},"author":1,"featured_media":5853,"parent":0,"menu_order":4,"comment_status":"closed","ping_status":"closed","template":"page-about.php","meta":{"_acf_changed":false,"footnotes":""},"class_list":["post-5850","page","type-page","status-publish","has-post-thumbnail","hentry"],"acf":[],"yoast_head":"<!-- This site is optimized with the Yoast SEO plugin v27.3 - https:\/\/yoast.com\/product\/yoast-seo-wordpress\/ -->\n<title>\u00c0 propos de TPS Elektronik GmbH : nos valeurs, notre histoire, nos implantations<\/title>\n<meta name=\"description\" content=\"Fond\u00e9e en 2000, notre entreprise conna\u00eet depuis une croissance continue et est aujourd\u2019hui pr\u00e9sente en Allemagne, en Chine, en Inde et aux \u00c9tats-Unis. D\u00e9couvrez-en davantage sur notre soci\u00e9t\u00e9.\" \/>\n<meta name=\"robots\" content=\"index, follow, max-snippet:-1, max-image-preview:large, max-video-preview:-1\" \/>\n<link rel=\"canonical\" href=\"https:\/\/tps-elektronik.com\/fr\/a-propos-de-tps-electronics\/\" \/>\n<meta property=\"og:locale\" content=\"fr_FR\" \/>\n<meta property=\"og:type\" content=\"article\" \/>\n<meta property=\"og:title\" content=\"\u00c0 propos de TPS Elektronik GmbH : nos valeurs, notre histoire, nos implantations\" \/>\n<meta property=\"og:description\" content=\"Fond\u00e9e en 2000, notre entreprise conna\u00eet depuis une croissance continue et est aujourd\u2019hui pr\u00e9sente en Allemagne, en Chine, en Inde et aux \u00c9tats-Unis. D\u00e9couvrez-en davantage sur notre soci\u00e9t\u00e9.\" \/>\n<meta property=\"og:url\" content=\"https:\/\/tps-elektronik.com\/fr\/a-propos-de-tps-electronics\/\" \/>\n<meta property=\"og:site_name\" content=\"TPS\" \/>\n<meta property=\"article:modified_time\" content=\"2025-11-24T13:37:56+00:00\" \/>\n<meta property=\"og:image\" content=\"https:\/\/tps-elektronik.com\/wp-content\/uploads\/2025\/06\/TPSUnterstuetzungMarketing.jpg\" \/>\n<meta name=\"twitter:card\" content=\"summary_large_image\" \/>\n<meta name=\"twitter:label1\" content=\"Dur\u00e9e de lecture estim\u00e9e\" \/>\n\t<meta name=\"twitter:data1\" content=\"1 minute\" \/>\n<script type=\"application\/ld+json\" class=\"yoast-schema-graph\">{\"@context\":\"https:\\\/\\\/schema.org\",\"@graph\":[{\"@type\":\"WebPage\",\"@id\":\"https:\\\/\\\/tps-elektronik.com\\\/fr\\\/a-propos-de-tps-electronics\\\/\",\"url\":\"https:\\\/\\\/tps-elektronik.com\\\/fr\\\/a-propos-de-tps-electronics\\\/\",\"name\":\"\u00c0 propos de TPS Elektronik GmbH : nos valeurs, notre histoire, nos implantations\",\"isPartOf\":{\"@id\":\"https:\\\/\\\/tps-elektronik.com\\\/fr\\\/#website\"},\"primaryImageOfPage\":{\"@id\":\"https:\\\/\\\/tps-elektronik.com\\\/fr\\\/a-propos-de-tps-electronics\\\/#primaryimage\"},\"image\":{\"@id\":\"https:\\\/\\\/tps-elektronik.com\\\/fr\\\/a-propos-de-tps-electronics\\\/#primaryimage\"},\"thumbnailUrl\":\"https:\\\/\\\/tps-elektronik.com\\\/wp-content\\\/uploads\\\/2025\\\/05\\\/tps-elektronik-ueber-tps-header.jpeg\",\"datePublished\":\"2025-04-28T13:54:20+00:00\",\"dateModified\":\"2025-11-24T13:37:56+00:00\",\"description\":\"Fond\u00e9e en 2000, notre entreprise conna\u00eet depuis une croissance continue et est aujourd\u2019hui pr\u00e9sente en Allemagne, en Chine, en Inde et aux \u00c9tats-Unis. D\u00e9couvrez-en davantage sur notre soci\u00e9t\u00e9.\",\"breadcrumb\":{\"@id\":\"https:\\\/\\\/tps-elektronik.com\\\/fr\\\/a-propos-de-tps-electronics\\\/#breadcrumb\"},\"inLanguage\":\"fr-FR\",\"potentialAction\":[{\"@type\":\"ReadAction\",\"target\":[\"https:\\\/\\\/tps-elektronik.com\\\/fr\\\/a-propos-de-tps-electronics\\\/\"]}]},{\"@type\":\"ImageObject\",\"inLanguage\":\"fr-FR\",\"@id\":\"https:\\\/\\\/tps-elektronik.com\\\/fr\\\/a-propos-de-tps-electronics\\\/#primaryimage\",\"url\":\"https:\\\/\\\/tps-elektronik.com\\\/wp-content\\\/uploads\\\/2025\\\/05\\\/tps-elektronik-ueber-tps-header.jpeg\",\"contentUrl\":\"https:\\\/\\\/tps-elektronik.com\\\/wp-content\\\/uploads\\\/2025\\\/05\\\/tps-elektronik-ueber-tps-header.jpeg\",\"width\":1920,\"height\":1131},{\"@type\":\"BreadcrumbList\",\"@id\":\"https:\\\/\\\/tps-elektronik.com\\\/fr\\\/a-propos-de-tps-electronics\\\/#breadcrumb\",\"itemListElement\":[{\"@type\":\"ListItem\",\"position\":1,\"name\":\"Startseite\",\"item\":\"https:\\\/\\\/tps-electronic.com\\\/fr\\\/\"},{\"@type\":\"ListItem\",\"position\":2,\"name\":\"\u00c0 propos de TPS Electronics\"}]},{\"@type\":\"WebSite\",\"@id\":\"https:\\\/\\\/tps-elektronik.com\\\/fr\\\/#website\",\"url\":\"https:\\\/\\\/tps-elektronik.com\\\/fr\\\/\",\"name\":\"TPS\",\"description\":\"\",\"potentialAction\":[{\"@type\":\"SearchAction\",\"target\":{\"@type\":\"EntryPoint\",\"urlTemplate\":\"https:\\\/\\\/tps-elektronik.com\\\/fr\\\/?s={search_term_string}\"},\"query-input\":{\"@type\":\"PropertyValueSpecification\",\"valueRequired\":true,\"valueName\":\"search_term_string\"}}],\"inLanguage\":\"fr-FR\"}]}<\/script>\n<!-- \/ Yoast SEO plugin. -->","yoast_head_json":{"title":"\u00c0 propos de TPS Elektronik GmbH : nos valeurs, notre histoire, nos implantations","description":"Fond\u00e9e en 2000, notre entreprise conna\u00eet depuis une croissance continue et est aujourd\u2019hui pr\u00e9sente en Allemagne, en Chine, en Inde et aux \u00c9tats-Unis. D\u00e9couvrez-en davantage sur notre soci\u00e9t\u00e9.","robots":{"index":"index","follow":"follow","max-snippet":"max-snippet:-1","max-image-preview":"max-image-preview:large","max-video-preview":"max-video-preview:-1"},"canonical":"https:\/\/tps-elektronik.com\/fr\/a-propos-de-tps-electronics\/","og_locale":"fr_FR","og_type":"article","og_title":"\u00c0 propos de TPS Elektronik GmbH : nos valeurs, notre histoire, nos implantations","og_description":"Fond\u00e9e en 2000, notre entreprise conna\u00eet depuis une croissance continue et est aujourd\u2019hui pr\u00e9sente en Allemagne, en Chine, en Inde et aux \u00c9tats-Unis. D\u00e9couvrez-en davantage sur notre soci\u00e9t\u00e9.","og_url":"https:\/\/tps-elektronik.com\/fr\/a-propos-de-tps-electronics\/","og_site_name":"TPS","article_modified_time":"2025-11-24T13:37:56+00:00","og_image":[{"url":"https:\/\/tps-elektronik.com\/wp-content\/uploads\/2025\/06\/TPSUnterstuetzungMarketing.jpg","type":"","width":"","height":""}],"twitter_card":"summary_large_image","twitter_misc":{"Dur\u00e9e de lecture estim\u00e9e":"1 minute"},"schema":{"@context":"https:\/\/schema.org","@graph":[{"@type":"WebPage","@id":"https:\/\/tps-elektronik.com\/fr\/a-propos-de-tps-electronics\/","url":"https:\/\/tps-elektronik.com\/fr\/a-propos-de-tps-electronics\/","name":"\u00c0 propos de TPS Elektronik GmbH : nos valeurs, notre histoire, nos implantations","isPartOf":{"@id":"https:\/\/tps-elektronik.com\/fr\/#website"},"primaryImageOfPage":{"@id":"https:\/\/tps-elektronik.com\/fr\/a-propos-de-tps-electronics\/#primaryimage"},"image":{"@id":"https:\/\/tps-elektronik.com\/fr\/a-propos-de-tps-electronics\/#primaryimage"},"thumbnailUrl":"https:\/\/tps-elektronik.com\/wp-content\/uploads\/2025\/05\/tps-elektronik-ueber-tps-header.jpeg","datePublished":"2025-04-28T13:54:20+00:00","dateModified":"2025-11-24T13:37:56+00:00","description":"Fond\u00e9e en 2000, notre entreprise conna\u00eet depuis une croissance continue et est aujourd\u2019hui pr\u00e9sente en Allemagne, en Chine, en Inde et aux \u00c9tats-Unis. D\u00e9couvrez-en davantage sur notre soci\u00e9t\u00e9.","breadcrumb":{"@id":"https:\/\/tps-elektronik.com\/fr\/a-propos-de-tps-electronics\/#breadcrumb"},"inLanguage":"fr-FR","potentialAction":[{"@type":"ReadAction","target":["https:\/\/tps-elektronik.com\/fr\/a-propos-de-tps-electronics\/"]}]},{"@type":"ImageObject","inLanguage":"fr-FR","@id":"https:\/\/tps-elektronik.com\/fr\/a-propos-de-tps-electronics\/#primaryimage","url":"https:\/\/tps-elektronik.com\/wp-content\/uploads\/2025\/05\/tps-elektronik-ueber-tps-header.jpeg","contentUrl":"https:\/\/tps-elektronik.com\/wp-content\/uploads\/2025\/05\/tps-elektronik-ueber-tps-header.jpeg","width":1920,"height":1131},{"@type":"BreadcrumbList","@id":"https:\/\/tps-elektronik.com\/fr\/a-propos-de-tps-electronics\/#breadcrumb","itemListElement":[{"@type":"ListItem","position":1,"name":"Startseite","item":"https:\/\/tps-electronic.com\/fr\/"},{"@type":"ListItem","position":2,"name":"\u00c0 propos de TPS Electronics"}]},{"@type":"WebSite","@id":"https:\/\/tps-elektronik.com\/fr\/#website","url":"https:\/\/tps-elektronik.com\/fr\/","name":"TPS","description":"","potentialAction":[{"@type":"SearchAction","target":{"@type":"EntryPoint","urlTemplate":"https:\/\/tps-elektronik.com\/fr\/?s={search_term_string}"},"query-input":{"@type":"PropertyValueSpecification","valueRequired":true,"valueName":"search_term_string"}}],"inLanguage":"fr-FR"}]}},"_links":{"self":[{"href":"https:\/\/tps-elektronik.com\/fr\/wp-json\/wp\/v2\/pages\/5850","targetHints":{"allow":["GET"]}}],"collection":[{"href":"https:\/\/tps-elektronik.com\/fr\/wp-json\/wp\/v2\/pages"}],"about":[{"href":"https:\/\/tps-elektronik.com\/fr\/wp-json\/wp\/v2\/types\/page"}],"author":[{"embeddable":true,"href":"https:\/\/tps-elektronik.com\/fr\/wp-json\/wp\/v2\/users\/1"}],"replies":[{"embeddable":true,"href":"https:\/\/tps-elektronik.com\/fr\/wp-json\/wp\/v2\/comments?post=5850"}],"version-history":[{"count":1,"href":"https:\/\/tps-elektronik.com\/fr\/wp-json\/wp\/v2\/pages\/5850\/revisions"}],"predecessor-version":[{"id":5868,"href":"https:\/\/tps-elektronik.com\/fr\/wp-json\/wp\/v2\/pages\/5850\/revisions\/5868"}],"wp:featuredmedia":[{"embeddable":true,"href":"https:\/\/tps-elektronik.com\/fr\/wp-json\/wp\/v2\/media\/5853"}],"wp:attachment":[{"href":"https:\/\/tps-elektronik.com\/fr\/wp-json\/wp\/v2\/media?parent=5850"}],"curies":[{"name":"wp","href":"https:\/\/api.w.org\/{rel}","templated":true}]}}