{"id":5846,"date":"2025-04-28T15:54:04","date_gmt":"2025-04-28T13:54:04","guid":{"rendered":"https:\/\/tps-electronic.com\/partenaires\/"},"modified":"2025-11-24T12:56:54","modified_gmt":"2025-11-24T11:56:54","slug":"partenaires","status":"publish","type":"page","link":"https:\/\/tps-elektronik.com\/fr\/partenaires\/","title":{"rendered":"Partenaires"},"content":{"rendered":"\n<p class=\"preheadline\"><strong>Ensemble pour votre r\u00e9ussite<\/strong><\/p>\n\n<h2 class=\"wp-block-heading\">Partenaires<\/h2>\n\n<div class=\"wp-block-columns is-layout-flex wp-container-core-columns-is-layout-9d6595d7 wp-block-columns-is-layout-flex\">\n<div class=\"wp-block-column is-layout-flow wp-block-column-is-layout-flow\">\n<p>En tant que prestataire EMS, nous savons que la r\u00e9ussite d\u2019un projet n\u00e9cessite souvent un \u00e9ventail de comp\u00e9tences plus large que ce qu\u2019une seule entreprise peut offrir. C\u2019est pourquoi nous avons constitu\u00e9 un r\u00e9seau soigneusement s\u00e9lectionn\u00e9 de partenaires qui compl\u00e8tent id\u00e9alement notre portefeuille et que nous recommandons volontiers.<\/p>\n\n\n\n<p><strong>Un r\u00e9seau pour votre r\u00e9ussite<\/strong><br\/><br\/>Lors du choix de nos partenaires, nous accordons une grande importance \u00e0 la transparence ainsi qu\u2019\u00e0 des standards identiques de qualit\u00e9 et d\u2019expertise.<br\/>Seules la flexibilit\u00e9 et l\u2019adaptabilit\u00e9 permettent \u00e0 notre r\u00e9seau croissant d\u2019entreprises partenaires de r\u00e9agir aux \u00e9volutions mondiales et de mettre en \u0153uvre des solutions innovantes.<br\/>Cette coop\u00e9ration \u00e9troite et fond\u00e9e sur la confiance garantit des produits r\u00e9pondant aux crit\u00e8res de qualit\u00e9 les plus \u00e9lev\u00e9s et durables sur le march\u00e9.<\/p>\n<\/div>\n\n\n\n<div class=\"wp-block-column is-layout-flow wp-block-column-is-layout-flow\">\n<p><strong>Ce sur quoi vous pouvez compter<\/strong><\/p>\n\n\n\n<p><strong>La confiance avant tout<\/strong><br\/>Nous connaissons les entreprises de notre r\u00e9seau gr\u00e2ce \u00e0 de nombreuses ann\u00e9es de collaboration r\u00e9ussie. Elles partagent nos valeurs en mati\u00e8re de qualit\u00e9, de fiabilit\u00e9 et d\u2019expertise technique.<\/p>\n\n\n\n<p><strong>La communication transparente<\/strong> est tout aussi essentielle dans nos relations avec nos partenaires. Nous ne recommandons que des entreprises dont les processus sont ouverts, transparents et orient\u00e9s solutions.<br\/><\/p>\n\n\n\n<p><strong>Flexibilit\u00e9 et adaptabilit\u00e9<\/strong>, car que vous ayez besoin d\u2019un soutien en d\u00e9veloppement, de technologies de production sp\u00e9cifiques ou de services suppl\u00e9mentaires, nous vous mettons en relation avec des partenaires capables de r\u00e9pondre rapidement et efficacement \u00e0 vos exigences.<\/p>\n<\/div>\n<\/div>\n","protected":false},"excerpt":{"rendered":"<p>Ensemble pour votre r\u00e9ussite Partenaires En tant que prestataire EMS, nous savons que la r\u00e9ussite d\u2019un projet n\u00e9cessite souvent un \u00e9ventail de comp\u00e9tences plus large que ce qu\u2019une seule entreprise peut offrir. C\u2019est pourquoi nous avons constitu\u00e9 un r\u00e9seau soigneusement s\u00e9lectionn\u00e9 de partenaires qui compl\u00e8tent id\u00e9alement notre portefeuille et que nous recommandons volontiers. Un r\u00e9seau\u2026 <a href=\"https:\/\/tps-elektronik.com\/fr\/partenaires\/\">Read More &raquo;<\/a><\/p>\n","protected":false},"author":1,"featured_media":5847,"parent":0,"menu_order":3,"comment_status":"closed","ping_status":"closed","template":"archive-partner.php","meta":{"_acf_changed":false,"footnotes":""},"class_list":["post-5846","page","type-page","status-publish","has-post-thumbnail","hentry"],"acf":[],"yoast_head":"<!-- This site is optimized with the Yoast SEO plugin v27.3 - https:\/\/yoast.com\/product\/yoast-seo-wordpress\/ -->\n<title>Partenaires internationaux de TPS Elektronik GmbH<\/title>\n<meta name=\"description\" content=\"Aper\u00e7u de notre puissant r\u00e9seau de partenaires. Vous souhaitez devenir partenaire de TPS Elektronik GmbH ? D\u00e9couvrez notre entreprise et vos avantages.\" \/>\n<meta name=\"robots\" content=\"index, follow, max-snippet:-1, max-image-preview:large, max-video-preview:-1\" \/>\n<link rel=\"canonical\" href=\"https:\/\/tps-elektronik.com\/fr\/partenaires\/\" \/>\n<meta property=\"og:locale\" content=\"fr_FR\" \/>\n<meta property=\"og:type\" content=\"article\" \/>\n<meta property=\"og:title\" content=\"Partenaires internationaux de TPS Elektronik GmbH\" \/>\n<meta property=\"og:description\" content=\"Aper\u00e7u de notre puissant r\u00e9seau de partenaires. Vous souhaitez devenir partenaire de TPS Elektronik GmbH ? D\u00e9couvrez notre entreprise et vos avantages.\" \/>\n<meta property=\"og:url\" content=\"https:\/\/tps-elektronik.com\/fr\/partenaires\/\" \/>\n<meta property=\"og:site_name\" content=\"TPS\" \/>\n<meta property=\"article:modified_time\" content=\"2025-11-24T11:56:54+00:00\" \/>\n<meta property=\"og:image\" content=\"https:\/\/tps-elektronik.com\/wp-content\/uploads\/2025\/05\/tps-elektronik-partner-header.jpeg\" \/>\n<meta name=\"twitter:card\" content=\"summary_large_image\" \/>\n<meta name=\"twitter:label1\" content=\"Dur\u00e9e de lecture estim\u00e9e\" \/>\n\t<meta name=\"twitter:data1\" content=\"1 minute\" \/>\n<script type=\"application\/ld+json\" class=\"yoast-schema-graph\">{\"@context\":\"https:\\\/\\\/schema.org\",\"@graph\":[{\"@type\":\"WebPage\",\"@id\":\"https:\\\/\\\/tps-elektronik.com\\\/fr\\\/partenaires\\\/\",\"url\":\"https:\\\/\\\/tps-elektronik.com\\\/fr\\\/partenaires\\\/\",\"name\":\"Partenaires internationaux de TPS Elektronik GmbH\",\"isPartOf\":{\"@id\":\"https:\\\/\\\/tps-elektronik.com\\\/fr\\\/#website\"},\"primaryImageOfPage\":{\"@id\":\"https:\\\/\\\/tps-elektronik.com\\\/fr\\\/partenaires\\\/#primaryimage\"},\"image\":{\"@id\":\"https:\\\/\\\/tps-elektronik.com\\\/fr\\\/partenaires\\\/#primaryimage\"},\"thumbnailUrl\":\"https:\\\/\\\/tps-elektronik.com\\\/wp-content\\\/uploads\\\/2025\\\/05\\\/tps-elektronik-partner-header.jpeg\",\"datePublished\":\"2025-04-28T13:54:04+00:00\",\"dateModified\":\"2025-11-24T11:56:54+00:00\",\"description\":\"Aper\u00e7u de notre puissant r\u00e9seau de partenaires. Vous souhaitez devenir partenaire de TPS Elektronik GmbH ? D\u00e9couvrez notre entreprise et vos avantages.\",\"breadcrumb\":{\"@id\":\"https:\\\/\\\/tps-elektronik.com\\\/fr\\\/partenaires\\\/#breadcrumb\"},\"inLanguage\":\"fr-FR\",\"potentialAction\":[{\"@type\":\"ReadAction\",\"target\":[\"https:\\\/\\\/tps-elektronik.com\\\/fr\\\/partenaires\\\/\"]}]},{\"@type\":\"ImageObject\",\"inLanguage\":\"fr-FR\",\"@id\":\"https:\\\/\\\/tps-elektronik.com\\\/fr\\\/partenaires\\\/#primaryimage\",\"url\":\"https:\\\/\\\/tps-elektronik.com\\\/wp-content\\\/uploads\\\/2025\\\/05\\\/tps-elektronik-partner-header.jpeg\",\"contentUrl\":\"https:\\\/\\\/tps-elektronik.com\\\/wp-content\\\/uploads\\\/2025\\\/05\\\/tps-elektronik-partner-header.jpeg\",\"width\":1920,\"height\":1280},{\"@type\":\"BreadcrumbList\",\"@id\":\"https:\\\/\\\/tps-elektronik.com\\\/fr\\\/partenaires\\\/#breadcrumb\",\"itemListElement\":[{\"@type\":\"ListItem\",\"position\":1,\"name\":\"Startseite\",\"item\":\"https:\\\/\\\/tps-electronic.com\\\/fr\\\/\"},{\"@type\":\"ListItem\",\"position\":2,\"name\":\"Partenaires\"}]},{\"@type\":\"WebSite\",\"@id\":\"https:\\\/\\\/tps-elektronik.com\\\/fr\\\/#website\",\"url\":\"https:\\\/\\\/tps-elektronik.com\\\/fr\\\/\",\"name\":\"TPS\",\"description\":\"\",\"potentialAction\":[{\"@type\":\"SearchAction\",\"target\":{\"@type\":\"EntryPoint\",\"urlTemplate\":\"https:\\\/\\\/tps-elektronik.com\\\/fr\\\/?s={search_term_string}\"},\"query-input\":{\"@type\":\"PropertyValueSpecification\",\"valueRequired\":true,\"valueName\":\"search_term_string\"}}],\"inLanguage\":\"fr-FR\"}]}<\/script>\n<!-- \/ Yoast SEO plugin. -->","yoast_head_json":{"title":"Partenaires internationaux de TPS Elektronik GmbH","description":"Aper\u00e7u de notre puissant r\u00e9seau de partenaires. Vous souhaitez devenir partenaire de TPS Elektronik GmbH ? D\u00e9couvrez notre entreprise et vos avantages.","robots":{"index":"index","follow":"follow","max-snippet":"max-snippet:-1","max-image-preview":"max-image-preview:large","max-video-preview":"max-video-preview:-1"},"canonical":"https:\/\/tps-elektronik.com\/fr\/partenaires\/","og_locale":"fr_FR","og_type":"article","og_title":"Partenaires internationaux de TPS Elektronik GmbH","og_description":"Aper\u00e7u de notre puissant r\u00e9seau de partenaires. Vous souhaitez devenir partenaire de TPS Elektronik GmbH ? D\u00e9couvrez notre entreprise et vos avantages.","og_url":"https:\/\/tps-elektronik.com\/fr\/partenaires\/","og_site_name":"TPS","article_modified_time":"2025-11-24T11:56:54+00:00","og_image":[{"url":"https:\/\/tps-elektronik.com\/wp-content\/uploads\/2025\/05\/tps-elektronik-partner-header.jpeg","type":"","width":"","height":""}],"twitter_card":"summary_large_image","twitter_misc":{"Dur\u00e9e de lecture estim\u00e9e":"1 minute"},"schema":{"@context":"https:\/\/schema.org","@graph":[{"@type":"WebPage","@id":"https:\/\/tps-elektronik.com\/fr\/partenaires\/","url":"https:\/\/tps-elektronik.com\/fr\/partenaires\/","name":"Partenaires internationaux de TPS Elektronik GmbH","isPartOf":{"@id":"https:\/\/tps-elektronik.com\/fr\/#website"},"primaryImageOfPage":{"@id":"https:\/\/tps-elektronik.com\/fr\/partenaires\/#primaryimage"},"image":{"@id":"https:\/\/tps-elektronik.com\/fr\/partenaires\/#primaryimage"},"thumbnailUrl":"https:\/\/tps-elektronik.com\/wp-content\/uploads\/2025\/05\/tps-elektronik-partner-header.jpeg","datePublished":"2025-04-28T13:54:04+00:00","dateModified":"2025-11-24T11:56:54+00:00","description":"Aper\u00e7u de notre puissant r\u00e9seau de partenaires. Vous souhaitez devenir partenaire de TPS Elektronik GmbH ? D\u00e9couvrez notre entreprise et vos avantages.","breadcrumb":{"@id":"https:\/\/tps-elektronik.com\/fr\/partenaires\/#breadcrumb"},"inLanguage":"fr-FR","potentialAction":[{"@type":"ReadAction","target":["https:\/\/tps-elektronik.com\/fr\/partenaires\/"]}]},{"@type":"ImageObject","inLanguage":"fr-FR","@id":"https:\/\/tps-elektronik.com\/fr\/partenaires\/#primaryimage","url":"https:\/\/tps-elektronik.com\/wp-content\/uploads\/2025\/05\/tps-elektronik-partner-header.jpeg","contentUrl":"https:\/\/tps-elektronik.com\/wp-content\/uploads\/2025\/05\/tps-elektronik-partner-header.jpeg","width":1920,"height":1280},{"@type":"BreadcrumbList","@id":"https:\/\/tps-elektronik.com\/fr\/partenaires\/#breadcrumb","itemListElement":[{"@type":"ListItem","position":1,"name":"Startseite","item":"https:\/\/tps-electronic.com\/fr\/"},{"@type":"ListItem","position":2,"name":"Partenaires"}]},{"@type":"WebSite","@id":"https:\/\/tps-elektronik.com\/fr\/#website","url":"https:\/\/tps-elektronik.com\/fr\/","name":"TPS","description":"","potentialAction":[{"@type":"SearchAction","target":{"@type":"EntryPoint","urlTemplate":"https:\/\/tps-elektronik.com\/fr\/?s={search_term_string}"},"query-input":{"@type":"PropertyValueSpecification","valueRequired":true,"valueName":"search_term_string"}}],"inLanguage":"fr-FR"}]}},"_links":{"self":[{"href":"https:\/\/tps-elektronik.com\/fr\/wp-json\/wp\/v2\/pages\/5846","targetHints":{"allow":["GET"]}}],"collection":[{"href":"https:\/\/tps-elektronik.com\/fr\/wp-json\/wp\/v2\/pages"}],"about":[{"href":"https:\/\/tps-elektronik.com\/fr\/wp-json\/wp\/v2\/types\/page"}],"author":[{"embeddable":true,"href":"https:\/\/tps-elektronik.com\/fr\/wp-json\/wp\/v2\/users\/1"}],"replies":[{"embeddable":true,"href":"https:\/\/tps-elektronik.com\/fr\/wp-json\/wp\/v2\/comments?post=5846"}],"version-history":[{"count":1,"href":"https:\/\/tps-elektronik.com\/fr\/wp-json\/wp\/v2\/pages\/5846\/revisions"}],"predecessor-version":[{"id":5849,"href":"https:\/\/tps-elektronik.com\/fr\/wp-json\/wp\/v2\/pages\/5846\/revisions\/5849"}],"wp:featuredmedia":[{"embeddable":true,"href":"https:\/\/tps-elektronik.com\/fr\/wp-json\/wp\/v2\/media\/5847"}],"wp:attachment":[{"href":"https:\/\/tps-elektronik.com\/fr\/wp-json\/wp\/v2\/media?parent=5846"}],"curies":[{"name":"wp","href":"https:\/\/api.w.org\/{rel}","templated":true}]}}