{"id":5838,"date":"2025-04-28T15:53:39","date_gmt":"2025-04-28T13:53:39","guid":{"rendered":"https:\/\/tps-electronic.com\/produits\/"},"modified":"2025-11-24T11:55:04","modified_gmt":"2025-11-24T10:55:04","slug":"produits","status":"publish","type":"page","link":"https:\/\/tps-elektronik.com\/fr\/produits\/","title":{"rendered":"Produits"},"content":{"rendered":"\n<h2 class=\"wp-block-heading\">Engagement envers la qualit\u00e9<\/h2>\n\n<div class=\"wp-block-columns is-layout-flex wp-container-core-columns-is-layout-9d6595d7 wp-block-columns-is-layout-flex\">\n<div class=\"wp-block-column is-layout-flow wp-block-column-is-layout-flow\">\n<p>En tant que fabricant sous contrat pour l\u2019industrie de l\u2019\u00e9lectronique de puissance, nous accordons une importance essentielle \u00e0 la qualit\u00e9. Afin d\u2019offrir \u00e0 nos clients des produits et des services du plus haut niveau, nous nous engageons sur les points suivants : <\/p>\n\n\n\n<p><strong>Gestion de la qualit\u00e9<\/strong><br\/>Nous avons mis en place un syst\u00e8me complet de gestion de la qualit\u00e9 couvrant l\u2019ensemble du processus, de l\u2019approvisionnement en mati\u00e8res premi\u00e8res \u00e0 la livraison des produits finis. Gr\u00e2ce \u00e0 des contr\u00f4les qualit\u00e9 rigoureux, nous garantissons que chaque \u00e9tape r\u00e9pond aux exigences et standards les plus \u00e9lev\u00e9s.<br\/><br\/>Notre syst\u00e8me de gestion de la qualit\u00e9 est r\u00e9guli\u00e8rement audit\u00e9 et optimis\u00e9 afin de l\u2019adapter aux \u00e9volutions du march\u00e9 et aux progr\u00e8s technologiques.<\/p>\n\n\n\n<p><strong>Mati\u00e8res premi\u00e8res de haute qualit\u00e9<\/strong><br\/>Nous s\u00e9lectionnons exclusivement des fournisseurs strictement contr\u00f4l\u00e9s et certifi\u00e9s afin de garantir que les mati\u00e8res premi\u00e8res r\u00e9pondent \u00e0 nos exigences \u00e9lev\u00e9es en mati\u00e8re de qualit\u00e9. Pour \u00e9viter que des mat\u00e9riaux inappropri\u00e9s n\u2019entrent dans le processus de production, les mati\u00e8res premi\u00e8res sont soumises \u00e0 une surveillance et \u00e0 des tests rigoureux.<\/p>\n\n\n\n<p><strong>Technologies &amp; \u00e9quipements<\/strong><br\/>Nous utilisons des technologies de production avanc\u00e9es et des \u00e9quipements modernes afin d\u2019augmenter l\u2019efficacit\u00e9 de production et d\u2019assurer une stabilit\u00e9 optimale de la qualit\u00e9 des produits. Nous introduisons continuellement de nouvelles technologies et proc\u00e9d\u00e9s pour am\u00e9liorer nos capacit\u00e9s de production et renforcer la comp\u00e9titivit\u00e9 de nos produits.<\/p>\n<\/div>\n\n\n\n<div class=\"wp-block-column is-layout-flow wp-block-column-is-layout-flow\">\n<p><strong>\u00c9quipe technique hautement qualifi\u00e9e<\/strong><br\/>Nous disposons d\u2019une \u00e9quipe de techniciens exp\u00e9riment\u00e9s et comp\u00e9tents, en mesure d\u2019offrir \u00e0 nos clients un support technique professionnel et des solutions adapt\u00e9es. Nous assurons une formation continue et des \u00e9valuations r\u00e9guli\u00e8res pour am\u00e9liorer en permanence leur niveau technique et leur qualit\u00e9 globale.<\/p>\n\n\n\n<p><strong> Tests rigoureux des produits finis<\/strong><br\/>Chaque lot de produits finis est minutieusement contr\u00f4l\u00e9 et test\u00e9 afin de garantir qu\u2019il r\u00e9pond aux normes applicables et aux exigences des clients. Seuls les produits ayant r\u00e9ussi l\u2019ensemble des tests sont livr\u00e9s, assurant ainsi une qualit\u00e9 \u00e9lev\u00e9e et constante pour nos clients.<\/p>\n\n\n\n<p><strong>Service client d\u2019excellence<\/strong><br\/>Nous proposons un service client complet et r\u00e9pondons rapidement aux besoins et retours de nos clients. Nous pr\u00eatons attention \u00e0 leurs questions et suggestions et d\u00e9veloppons des solutions pratiques et efficaces sur cette base.<\/p>\n<\/div>\n<\/div>\n","protected":false},"excerpt":{"rendered":"<p>Engagement envers la qualit\u00e9 En tant que fabricant sous contrat pour l\u2019industrie de l\u2019\u00e9lectronique de puissance, nous accordons une importance essentielle \u00e0 la qualit\u00e9. Afin d\u2019offrir \u00e0 nos clients des produits et des services du plus haut niveau, nous nous engageons sur les points suivants : Gestion de la qualit\u00e9Nous avons mis en place un\u2026 <a href=\"https:\/\/tps-elektronik.com\/fr\/produits\/\">Read More &raquo;<\/a><\/p>\n","protected":false},"author":1,"featured_media":5825,"parent":0,"menu_order":2,"comment_status":"closed","ping_status":"closed","template":"page-produkte.php","meta":{"_acf_changed":false,"footnotes":""},"class_list":["post-5838","page","type-page","status-publish","has-post-thumbnail","hentry"],"acf":[],"yoast_head":"<!-- This site is optimized with the Yoast SEO plugin v27.3 - https:\/\/yoast.com\/product\/yoast-seo-wordpress\/ -->\n<title>Produits EMS de la plus haute qualit\u00e9 | TPS Elektronik GmbH<\/title>\n<meta name=\"description\" content=\"En tant que fabricant sous contrat pour l\u2019industrie de l\u2019\u00e9lectronique de puissance, nous \u2014 l\u2019\u00e9quipe TPS Elektronik \u2014 accordons une importance essentielle \u00e0 la qualit\u00e9. Faites connaissance avec notre entreprise.\" \/>\n<meta name=\"robots\" content=\"index, follow, max-snippet:-1, max-image-preview:large, max-video-preview:-1\" \/>\n<link rel=\"canonical\" href=\"https:\/\/tps-elektronik.com\/fr\/produits\/\" \/>\n<meta property=\"og:locale\" content=\"fr_FR\" \/>\n<meta property=\"og:type\" content=\"article\" \/>\n<meta property=\"og:title\" content=\"Produits EMS de la plus haute qualit\u00e9 | TPS Elektronik GmbH\" \/>\n<meta property=\"og:description\" content=\"En tant que fabricant sous contrat pour l\u2019industrie de l\u2019\u00e9lectronique de puissance, nous \u2014 l\u2019\u00e9quipe TPS Elektronik \u2014 accordons une importance essentielle \u00e0 la qualit\u00e9. Faites connaissance avec notre entreprise.\" \/>\n<meta property=\"og:url\" content=\"https:\/\/tps-elektronik.com\/fr\/produits\/\" \/>\n<meta property=\"og:site_name\" content=\"TPS\" \/>\n<meta property=\"article:modified_time\" content=\"2025-11-24T10:55:04+00:00\" \/>\n<meta property=\"og:image\" content=\"https:\/\/tps-elektronik.com\/wp-content\/uploads\/2025\/05\/tps-elektronik-ems-service-pcb-bestueckung.jpg\" \/>\n<meta name=\"twitter:card\" content=\"summary_large_image\" \/>\n<meta name=\"twitter:label1\" content=\"Dur\u00e9e de lecture estim\u00e9e\" \/>\n\t<meta name=\"twitter:data1\" content=\"2 minutes\" \/>\n<script type=\"application\/ld+json\" class=\"yoast-schema-graph\">{\"@context\":\"https:\\\/\\\/schema.org\",\"@graph\":[{\"@type\":\"WebPage\",\"@id\":\"https:\\\/\\\/tps-elektronik.com\\\/fr\\\/produits\\\/\",\"url\":\"https:\\\/\\\/tps-elektronik.com\\\/fr\\\/produits\\\/\",\"name\":\"Produits EMS de la plus haute qualit\u00e9 | TPS Elektronik GmbH\",\"isPartOf\":{\"@id\":\"https:\\\/\\\/tps-elektronik.com\\\/fr\\\/#website\"},\"primaryImageOfPage\":{\"@id\":\"https:\\\/\\\/tps-elektronik.com\\\/fr\\\/produits\\\/#primaryimage\"},\"image\":{\"@id\":\"https:\\\/\\\/tps-elektronik.com\\\/fr\\\/produits\\\/#primaryimage\"},\"thumbnailUrl\":\"https:\\\/\\\/tps-elektronik.com\\\/wp-content\\\/uploads\\\/2025\\\/04\\\/platzhalter-img-header-unterseiten.jpg\",\"datePublished\":\"2025-04-28T13:53:39+00:00\",\"dateModified\":\"2025-11-24T10:55:04+00:00\",\"description\":\"En tant que fabricant sous contrat pour l\u2019industrie de l\u2019\u00e9lectronique de puissance, nous \u2014 l\u2019\u00e9quipe TPS Elektronik \u2014 accordons une importance essentielle \u00e0 la qualit\u00e9. Faites connaissance avec notre entreprise.\",\"breadcrumb\":{\"@id\":\"https:\\\/\\\/tps-elektronik.com\\\/fr\\\/produits\\\/#breadcrumb\"},\"inLanguage\":\"fr-FR\",\"potentialAction\":[{\"@type\":\"ReadAction\",\"target\":[\"https:\\\/\\\/tps-elektronik.com\\\/fr\\\/produits\\\/\"]}]},{\"@type\":\"ImageObject\",\"inLanguage\":\"fr-FR\",\"@id\":\"https:\\\/\\\/tps-elektronik.com\\\/fr\\\/produits\\\/#primaryimage\",\"url\":\"https:\\\/\\\/tps-elektronik.com\\\/wp-content\\\/uploads\\\/2025\\\/04\\\/platzhalter-img-header-unterseiten.jpg\",\"contentUrl\":\"https:\\\/\\\/tps-elektronik.com\\\/wp-content\\\/uploads\\\/2025\\\/04\\\/platzhalter-img-header-unterseiten.jpg\",\"width\":1920,\"height\":817},{\"@type\":\"BreadcrumbList\",\"@id\":\"https:\\\/\\\/tps-elektronik.com\\\/fr\\\/produits\\\/#breadcrumb\",\"itemListElement\":[{\"@type\":\"ListItem\",\"position\":1,\"name\":\"Startseite\",\"item\":\"https:\\\/\\\/tps-electronic.com\\\/fr\\\/\"},{\"@type\":\"ListItem\",\"position\":2,\"name\":\"Produits\"}]},{\"@type\":\"WebSite\",\"@id\":\"https:\\\/\\\/tps-elektronik.com\\\/fr\\\/#website\",\"url\":\"https:\\\/\\\/tps-elektronik.com\\\/fr\\\/\",\"name\":\"TPS\",\"description\":\"\",\"potentialAction\":[{\"@type\":\"SearchAction\",\"target\":{\"@type\":\"EntryPoint\",\"urlTemplate\":\"https:\\\/\\\/tps-elektronik.com\\\/fr\\\/?s={search_term_string}\"},\"query-input\":{\"@type\":\"PropertyValueSpecification\",\"valueRequired\":true,\"valueName\":\"search_term_string\"}}],\"inLanguage\":\"fr-FR\"}]}<\/script>\n<!-- \/ Yoast SEO plugin. -->","yoast_head_json":{"title":"Produits EMS de la plus haute qualit\u00e9 | TPS Elektronik GmbH","description":"En tant que fabricant sous contrat pour l\u2019industrie de l\u2019\u00e9lectronique de puissance, nous \u2014 l\u2019\u00e9quipe TPS Elektronik \u2014 accordons une importance essentielle \u00e0 la qualit\u00e9. Faites connaissance avec notre entreprise.","robots":{"index":"index","follow":"follow","max-snippet":"max-snippet:-1","max-image-preview":"max-image-preview:large","max-video-preview":"max-video-preview:-1"},"canonical":"https:\/\/tps-elektronik.com\/fr\/produits\/","og_locale":"fr_FR","og_type":"article","og_title":"Produits EMS de la plus haute qualit\u00e9 | TPS Elektronik GmbH","og_description":"En tant que fabricant sous contrat pour l\u2019industrie de l\u2019\u00e9lectronique de puissance, nous \u2014 l\u2019\u00e9quipe TPS Elektronik \u2014 accordons une importance essentielle \u00e0 la qualit\u00e9. Faites connaissance avec notre entreprise.","og_url":"https:\/\/tps-elektronik.com\/fr\/produits\/","og_site_name":"TPS","article_modified_time":"2025-11-24T10:55:04+00:00","og_image":[{"url":"https:\/\/tps-elektronik.com\/wp-content\/uploads\/2025\/05\/tps-elektronik-ems-service-pcb-bestueckung.jpg","type":"","width":"","height":""}],"twitter_card":"summary_large_image","twitter_misc":{"Dur\u00e9e de lecture estim\u00e9e":"2 minutes"},"schema":{"@context":"https:\/\/schema.org","@graph":[{"@type":"WebPage","@id":"https:\/\/tps-elektronik.com\/fr\/produits\/","url":"https:\/\/tps-elektronik.com\/fr\/produits\/","name":"Produits EMS de la plus haute qualit\u00e9 | TPS Elektronik GmbH","isPartOf":{"@id":"https:\/\/tps-elektronik.com\/fr\/#website"},"primaryImageOfPage":{"@id":"https:\/\/tps-elektronik.com\/fr\/produits\/#primaryimage"},"image":{"@id":"https:\/\/tps-elektronik.com\/fr\/produits\/#primaryimage"},"thumbnailUrl":"https:\/\/tps-elektronik.com\/wp-content\/uploads\/2025\/04\/platzhalter-img-header-unterseiten.jpg","datePublished":"2025-04-28T13:53:39+00:00","dateModified":"2025-11-24T10:55:04+00:00","description":"En tant que fabricant sous contrat pour l\u2019industrie de l\u2019\u00e9lectronique de puissance, nous \u2014 l\u2019\u00e9quipe TPS Elektronik \u2014 accordons une importance essentielle \u00e0 la qualit\u00e9. Faites connaissance avec notre entreprise.","breadcrumb":{"@id":"https:\/\/tps-elektronik.com\/fr\/produits\/#breadcrumb"},"inLanguage":"fr-FR","potentialAction":[{"@type":"ReadAction","target":["https:\/\/tps-elektronik.com\/fr\/produits\/"]}]},{"@type":"ImageObject","inLanguage":"fr-FR","@id":"https:\/\/tps-elektronik.com\/fr\/produits\/#primaryimage","url":"https:\/\/tps-elektronik.com\/wp-content\/uploads\/2025\/04\/platzhalter-img-header-unterseiten.jpg","contentUrl":"https:\/\/tps-elektronik.com\/wp-content\/uploads\/2025\/04\/platzhalter-img-header-unterseiten.jpg","width":1920,"height":817},{"@type":"BreadcrumbList","@id":"https:\/\/tps-elektronik.com\/fr\/produits\/#breadcrumb","itemListElement":[{"@type":"ListItem","position":1,"name":"Startseite","item":"https:\/\/tps-electronic.com\/fr\/"},{"@type":"ListItem","position":2,"name":"Produits"}]},{"@type":"WebSite","@id":"https:\/\/tps-elektronik.com\/fr\/#website","url":"https:\/\/tps-elektronik.com\/fr\/","name":"TPS","description":"","potentialAction":[{"@type":"SearchAction","target":{"@type":"EntryPoint","urlTemplate":"https:\/\/tps-elektronik.com\/fr\/?s={search_term_string}"},"query-input":{"@type":"PropertyValueSpecification","valueRequired":true,"valueName":"search_term_string"}}],"inLanguage":"fr-FR"}]}},"_links":{"self":[{"href":"https:\/\/tps-elektronik.com\/fr\/wp-json\/wp\/v2\/pages\/5838","targetHints":{"allow":["GET"]}}],"collection":[{"href":"https:\/\/tps-elektronik.com\/fr\/wp-json\/wp\/v2\/pages"}],"about":[{"href":"https:\/\/tps-elektronik.com\/fr\/wp-json\/wp\/v2\/types\/page"}],"author":[{"embeddable":true,"href":"https:\/\/tps-elektronik.com\/fr\/wp-json\/wp\/v2\/users\/1"}],"replies":[{"embeddable":true,"href":"https:\/\/tps-elektronik.com\/fr\/wp-json\/wp\/v2\/comments?post=5838"}],"version-history":[{"count":1,"href":"https:\/\/tps-elektronik.com\/fr\/wp-json\/wp\/v2\/pages\/5838\/revisions"}],"predecessor-version":[{"id":5843,"href":"https:\/\/tps-elektronik.com\/fr\/wp-json\/wp\/v2\/pages\/5838\/revisions\/5843"}],"wp:featuredmedia":[{"embeddable":true,"href":"https:\/\/tps-elektronik.com\/fr\/wp-json\/wp\/v2\/media\/5825"}],"wp:attachment":[{"href":"https:\/\/tps-elektronik.com\/fr\/wp-json\/wp\/v2\/media?parent=5838"}],"curies":[{"name":"wp","href":"https:\/\/api.w.org\/{rel}","templated":true}]}}