{"id":5834,"date":"2025-05-20T11:17:22","date_gmt":"2025-05-20T09:17:22","guid":{"rendered":"https:\/\/tps-elektronik.com\/?page_id=5834"},"modified":"2025-11-24T11:33:33","modified_gmt":"2025-11-24T10:33:33","slug":"services","status":"publish","type":"page","link":"https:\/\/tps-elektronik.com\/fr\/services\/","title":{"rendered":"Services"},"content":{"rendered":"\n<p class=\"preheadline\"><strong><strong>EMS avec service complet<\/strong><\/strong><\/p>\n\n\n\n<h2 class=\"wp-block-heading\"><strong>EMS services<\/strong><\/h2>\n\n\n\n<div class=\"wp-block-columns is-layout-flex wp-container-core-columns-is-layout-9d6595d7 wp-block-columns-is-layout-flex\">\n<div class=\"wp-block-column is-layout-flow wp-block-column-is-layout-flow\">\n<p>TPS Elektronik GmbH est sp\u00e9cialis\u00e9e dans le d\u00e9veloppement d\u2019applications mat\u00e9rielles et logicielles pour l\u2019\u00e9lectronique de puissance. Nos domaines d\u2019application couvrent notamment les sources AC\/DC, les bornes de recharge, les chargeurs embarqu\u00e9s (OBC), les onduleurs photovolta\u00efques, les tests de charge et de d\u00e9charge de batteries, ainsi que les syst\u00e8mes de conversion d\u2019\u00e9nergie (PCS) et la gestion de stockage.<br>Nos solutions couvrent une large gamme de puissances, allant de quelques centaines de watts \u00e0 plusieurs centaines de kilowatts.<\/p>\n<\/div>\n\n\n\n<div class=\"wp-block-column is-layout-flow wp-block-column-is-layout-flow\">\n<p>En tant que prestataire EMS, nous d\u00e9veloppons, produisons et assemblons des ensembles \u00e9lectroniques, appareils et syst\u00e8mes pour nos clients internationaux.<\/p>\n\n\n\n<p>Notre force r\u00e9side \u00e9galement dans notre offre de service complet couvrant l\u2019ensemble de la cha\u00eene de valeur : du d\u00e9veloppement et de l\u2019approvisionnement des composants, jusqu\u2019\u00e0 la production d\u2019\u00e9lectroniques pr\u00eates pour la s\u00e9rie, en passant par la livraison et le service apr\u00e8s-vente en tant que prestations compl\u00e9mentaires.<\/p>\n<\/div>\n<\/div>\n\n\n\n<div style=\"height:50px\" aria-hidden=\"true\" class=\"wp-block-spacer\"><\/div>\n\n\n\n<h2 class=\"wp-block-heading\">EMS Services<\/h2>\n","protected":false},"excerpt":{"rendered":"<p>EMS avec service complet EMS services TPS Elektronik GmbH est sp\u00e9cialis\u00e9e dans le d\u00e9veloppement d\u2019applications mat\u00e9rielles et logicielles pour l\u2019\u00e9lectronique de puissance. Nos domaines d\u2019application couvrent notamment les sources AC\/DC, les bornes de recharge, les chargeurs embarqu\u00e9s (OBC), les onduleurs photovolta\u00efques, les tests de charge et de d\u00e9charge de batteries, ainsi que les syst\u00e8mes de\u2026 <a href=\"https:\/\/tps-elektronik.com\/fr\/services\/\">Read More &raquo;<\/a><\/p>\n","protected":false},"author":8,"featured_media":5835,"parent":0,"menu_order":1,"comment_status":"closed","ping_status":"closed","template":"page-service.php","meta":{"_acf_changed":false,"footnotes":""},"class_list":["post-5834","page","type-page","status-publish","has-post-thumbnail","hentry"],"acf":[],"yoast_head":"<!-- This site is optimized with the Yoast SEO plugin v27.3 - https:\/\/yoast.com\/product\/yoast-seo-wordpress\/ -->\n<title>Services - TPS Elektronik<\/title>\n<meta name=\"description\" content=\"En tant que prestataire EMS, nous d\u00e9veloppons, produisons et assemblons des ensembles \u00e9lectroniques, appareils et syst\u00e8mes pour nos clients internationaux.\" \/>\n<meta name=\"robots\" content=\"index, follow, max-snippet:-1, max-image-preview:large, max-video-preview:-1\" \/>\n<link rel=\"canonical\" href=\"https:\/\/tps-elektronik.com\/fr\/services\/\" \/>\n<meta property=\"og:locale\" content=\"fr_FR\" \/>\n<meta property=\"og:type\" content=\"article\" \/>\n<meta property=\"og:title\" content=\"Services - TPS Elektronik\" \/>\n<meta property=\"og:description\" content=\"En tant que prestataire EMS, nous d\u00e9veloppons, produisons et assemblons des ensembles \u00e9lectroniques, appareils et syst\u00e8mes pour nos clients internationaux.\" \/>\n<meta property=\"og:url\" content=\"https:\/\/tps-elektronik.com\/fr\/services\/\" \/>\n<meta property=\"og:site_name\" content=\"TPS\" \/>\n<meta property=\"article:modified_time\" content=\"2025-11-24T10:33:33+00:00\" \/>\n<meta property=\"og:image\" content=\"https:\/\/tps-elektronik.com\/wp-content\/uploads\/2025\/05\/tps-elektronik-leistungen-header.jpeg\" \/>\n\t<meta property=\"og:image:width\" content=\"1920\" \/>\n\t<meta property=\"og:image:height\" content=\"1280\" \/>\n\t<meta property=\"og:image:type\" content=\"image\/jpeg\" \/>\n<meta name=\"twitter:card\" content=\"summary_large_image\" \/>\n<meta name=\"twitter:label1\" content=\"Dur\u00e9e de lecture estim\u00e9e\" \/>\n\t<meta name=\"twitter:data1\" content=\"1 minute\" \/>\n<script type=\"application\/ld+json\" class=\"yoast-schema-graph\">{\"@context\":\"https:\\\/\\\/schema.org\",\"@graph\":[{\"@type\":\"WebPage\",\"@id\":\"https:\\\/\\\/tps-elektronik.com\\\/fr\\\/services\\\/\",\"url\":\"https:\\\/\\\/tps-elektronik.com\\\/fr\\\/services\\\/\",\"name\":\"Services - TPS Elektronik\",\"isPartOf\":{\"@id\":\"https:\\\/\\\/tps-elektronik.com\\\/fr\\\/#website\"},\"primaryImageOfPage\":{\"@id\":\"https:\\\/\\\/tps-elektronik.com\\\/fr\\\/services\\\/#primaryimage\"},\"image\":{\"@id\":\"https:\\\/\\\/tps-elektronik.com\\\/fr\\\/services\\\/#primaryimage\"},\"thumbnailUrl\":\"https:\\\/\\\/tps-elektronik.com\\\/wp-content\\\/uploads\\\/2025\\\/05\\\/tps-elektronik-leistungen-header.jpeg\",\"datePublished\":\"2025-05-20T09:17:22+00:00\",\"dateModified\":\"2025-11-24T10:33:33+00:00\",\"description\":\"En tant que prestataire EMS, nous d\u00e9veloppons, produisons et assemblons des ensembles \u00e9lectroniques, appareils et syst\u00e8mes pour nos clients internationaux.\",\"breadcrumb\":{\"@id\":\"https:\\\/\\\/tps-elektronik.com\\\/fr\\\/services\\\/#breadcrumb\"},\"inLanguage\":\"fr-FR\",\"potentialAction\":[{\"@type\":\"ReadAction\",\"target\":[\"https:\\\/\\\/tps-elektronik.com\\\/fr\\\/services\\\/\"]}]},{\"@type\":\"ImageObject\",\"inLanguage\":\"fr-FR\",\"@id\":\"https:\\\/\\\/tps-elektronik.com\\\/fr\\\/services\\\/#primaryimage\",\"url\":\"https:\\\/\\\/tps-elektronik.com\\\/wp-content\\\/uploads\\\/2025\\\/05\\\/tps-elektronik-leistungen-header.jpeg\",\"contentUrl\":\"https:\\\/\\\/tps-elektronik.com\\\/wp-content\\\/uploads\\\/2025\\\/05\\\/tps-elektronik-leistungen-header.jpeg\",\"width\":1920,\"height\":1280},{\"@type\":\"BreadcrumbList\",\"@id\":\"https:\\\/\\\/tps-elektronik.com\\\/fr\\\/services\\\/#breadcrumb\",\"itemListElement\":[{\"@type\":\"ListItem\",\"position\":1,\"name\":\"Startseite\",\"item\":\"https:\\\/\\\/tps-electronic.com\\\/fr\\\/\"},{\"@type\":\"ListItem\",\"position\":2,\"name\":\"Services\"}]},{\"@type\":\"WebSite\",\"@id\":\"https:\\\/\\\/tps-elektronik.com\\\/fr\\\/#website\",\"url\":\"https:\\\/\\\/tps-elektronik.com\\\/fr\\\/\",\"name\":\"TPS\",\"description\":\"\",\"potentialAction\":[{\"@type\":\"SearchAction\",\"target\":{\"@type\":\"EntryPoint\",\"urlTemplate\":\"https:\\\/\\\/tps-elektronik.com\\\/fr\\\/?s={search_term_string}\"},\"query-input\":{\"@type\":\"PropertyValueSpecification\",\"valueRequired\":true,\"valueName\":\"search_term_string\"}}],\"inLanguage\":\"fr-FR\"}]}<\/script>\n<!-- \/ Yoast SEO plugin. -->","yoast_head_json":{"title":"Services - TPS Elektronik","description":"En tant que prestataire EMS, nous d\u00e9veloppons, produisons et assemblons des ensembles \u00e9lectroniques, appareils et syst\u00e8mes pour nos clients internationaux.","robots":{"index":"index","follow":"follow","max-snippet":"max-snippet:-1","max-image-preview":"max-image-preview:large","max-video-preview":"max-video-preview:-1"},"canonical":"https:\/\/tps-elektronik.com\/fr\/services\/","og_locale":"fr_FR","og_type":"article","og_title":"Services - TPS Elektronik","og_description":"En tant que prestataire EMS, nous d\u00e9veloppons, produisons et assemblons des ensembles \u00e9lectroniques, appareils et syst\u00e8mes pour nos clients internationaux.","og_url":"https:\/\/tps-elektronik.com\/fr\/services\/","og_site_name":"TPS","article_modified_time":"2025-11-24T10:33:33+00:00","og_image":[{"width":1920,"height":1280,"url":"https:\/\/tps-elektronik.com\/wp-content\/uploads\/2025\/05\/tps-elektronik-leistungen-header.jpeg","type":"image\/jpeg"}],"twitter_card":"summary_large_image","twitter_misc":{"Dur\u00e9e de lecture estim\u00e9e":"1 minute"},"schema":{"@context":"https:\/\/schema.org","@graph":[{"@type":"WebPage","@id":"https:\/\/tps-elektronik.com\/fr\/services\/","url":"https:\/\/tps-elektronik.com\/fr\/services\/","name":"Services - TPS Elektronik","isPartOf":{"@id":"https:\/\/tps-elektronik.com\/fr\/#website"},"primaryImageOfPage":{"@id":"https:\/\/tps-elektronik.com\/fr\/services\/#primaryimage"},"image":{"@id":"https:\/\/tps-elektronik.com\/fr\/services\/#primaryimage"},"thumbnailUrl":"https:\/\/tps-elektronik.com\/wp-content\/uploads\/2025\/05\/tps-elektronik-leistungen-header.jpeg","datePublished":"2025-05-20T09:17:22+00:00","dateModified":"2025-11-24T10:33:33+00:00","description":"En tant que prestataire EMS, nous d\u00e9veloppons, produisons et assemblons des ensembles \u00e9lectroniques, appareils et syst\u00e8mes pour nos clients internationaux.","breadcrumb":{"@id":"https:\/\/tps-elektronik.com\/fr\/services\/#breadcrumb"},"inLanguage":"fr-FR","potentialAction":[{"@type":"ReadAction","target":["https:\/\/tps-elektronik.com\/fr\/services\/"]}]},{"@type":"ImageObject","inLanguage":"fr-FR","@id":"https:\/\/tps-elektronik.com\/fr\/services\/#primaryimage","url":"https:\/\/tps-elektronik.com\/wp-content\/uploads\/2025\/05\/tps-elektronik-leistungen-header.jpeg","contentUrl":"https:\/\/tps-elektronik.com\/wp-content\/uploads\/2025\/05\/tps-elektronik-leistungen-header.jpeg","width":1920,"height":1280},{"@type":"BreadcrumbList","@id":"https:\/\/tps-elektronik.com\/fr\/services\/#breadcrumb","itemListElement":[{"@type":"ListItem","position":1,"name":"Startseite","item":"https:\/\/tps-electronic.com\/fr\/"},{"@type":"ListItem","position":2,"name":"Services"}]},{"@type":"WebSite","@id":"https:\/\/tps-elektronik.com\/fr\/#website","url":"https:\/\/tps-elektronik.com\/fr\/","name":"TPS","description":"","potentialAction":[{"@type":"SearchAction","target":{"@type":"EntryPoint","urlTemplate":"https:\/\/tps-elektronik.com\/fr\/?s={search_term_string}"},"query-input":{"@type":"PropertyValueSpecification","valueRequired":true,"valueName":"search_term_string"}}],"inLanguage":"fr-FR"}]}},"_links":{"self":[{"href":"https:\/\/tps-elektronik.com\/fr\/wp-json\/wp\/v2\/pages\/5834","targetHints":{"allow":["GET"]}}],"collection":[{"href":"https:\/\/tps-elektronik.com\/fr\/wp-json\/wp\/v2\/pages"}],"about":[{"href":"https:\/\/tps-elektronik.com\/fr\/wp-json\/wp\/v2\/types\/page"}],"author":[{"embeddable":true,"href":"https:\/\/tps-elektronik.com\/fr\/wp-json\/wp\/v2\/users\/8"}],"replies":[{"embeddable":true,"href":"https:\/\/tps-elektronik.com\/fr\/wp-json\/wp\/v2\/comments?post=5834"}],"version-history":[{"count":2,"href":"https:\/\/tps-elektronik.com\/fr\/wp-json\/wp\/v2\/pages\/5834\/revisions"}],"predecessor-version":[{"id":5837,"href":"https:\/\/tps-elektronik.com\/fr\/wp-json\/wp\/v2\/pages\/5834\/revisions\/5837"}],"wp:featuredmedia":[{"embeddable":true,"href":"https:\/\/tps-elektronik.com\/fr\/wp-json\/wp\/v2\/media\/5835"}],"wp:attachment":[{"href":"https:\/\/tps-elektronik.com\/fr\/wp-json\/wp\/v2\/media?parent=5834"}],"curies":[{"name":"wp","href":"https:\/\/api.w.org\/{rel}","templated":true}]}}