{"id":5829,"date":"2025-10-09T13:18:39","date_gmt":"2025-10-09T11:18:39","guid":{"rendered":"https:\/\/tps-elektronik.com\/?page_id=5829"},"modified":"2025-11-24T11:22:50","modified_gmt":"2025-11-24T10:22:50","slug":"etudes-de-cas","status":"publish","type":"page","link":"https:\/\/tps-elektronik.com\/fr\/actualites-perspectives\/etudes-de-cas\/","title":{"rendered":"\u00c9tudes de cas"},"content":{"rendered":"","protected":false},"excerpt":{"rendered":"","protected":false},"author":8,"featured_media":5832,"parent":5823,"menu_order":0,"comment_status":"closed","ping_status":"closed","template":"page-case-studies-list.php","meta":{"_acf_changed":false,"footnotes":""},"class_list":["post-5829","page","type-page","status-publish","has-post-thumbnail","hentry"],"acf":[],"yoast_head":"<!-- This site is optimized with the Yoast SEO plugin v27.3 - https:\/\/yoast.com\/product\/yoast-seo-wordpress\/ -->\n<title>\u00c9tudes de cas - TPS Elektronik<\/title>\n<meta name=\"description\" content=\"D\u00e9couvrez les \u00e9tudes de cas de TPS Elektronik.\" \/>\n<meta name=\"robots\" content=\"index, follow, max-snippet:-1, max-image-preview:large, max-video-preview:-1\" \/>\n<link rel=\"canonical\" href=\"https:\/\/tps-elektronik.com\/fr\/actualites-perspectives\/etudes-de-cas\/\" \/>\n<meta property=\"og:locale\" content=\"fr_FR\" \/>\n<meta property=\"og:type\" content=\"article\" \/>\n<meta property=\"og:title\" content=\"\u00c9tudes de cas - TPS Elektronik\" \/>\n<meta property=\"og:description\" content=\"D\u00e9couvrez les \u00e9tudes de cas de TPS Elektronik.\" \/>\n<meta property=\"og:url\" content=\"https:\/\/tps-elektronik.com\/fr\/actualites-perspectives\/etudes-de-cas\/\" \/>\n<meta property=\"og:site_name\" content=\"TPS\" \/>\n<meta property=\"article:modified_time\" content=\"2025-11-24T10:22:50+00:00\" \/>\n<meta property=\"og:image\" content=\"https:\/\/tps-elektronik.com\/wp-content\/uploads\/2025\/10\/\u7b2c40\u9875-40.jpg\" \/>\n\t<meta property=\"og:image:width\" content=\"1920\" \/>\n\t<meta property=\"og:image:height\" content=\"1080\" \/>\n\t<meta property=\"og:image:type\" content=\"image\/jpeg\" \/>\n<meta name=\"twitter:card\" content=\"summary_large_image\" \/>\n<script type=\"application\/ld+json\" class=\"yoast-schema-graph\">{\"@context\":\"https:\\\/\\\/schema.org\",\"@graph\":[{\"@type\":\"WebPage\",\"@id\":\"https:\\\/\\\/tps-elektronik.com\\\/fr\\\/actualites-perspectives\\\/etudes-de-cas\\\/\",\"url\":\"https:\\\/\\\/tps-elektronik.com\\\/fr\\\/actualites-perspectives\\\/etudes-de-cas\\\/\",\"name\":\"\u00c9tudes de cas - TPS Elektronik\",\"isPartOf\":{\"@id\":\"https:\\\/\\\/tps-elektronik.com\\\/fr\\\/#website\"},\"primaryImageOfPage\":{\"@id\":\"https:\\\/\\\/tps-elektronik.com\\\/fr\\\/actualites-perspectives\\\/etudes-de-cas\\\/#primaryimage\"},\"image\":{\"@id\":\"https:\\\/\\\/tps-elektronik.com\\\/fr\\\/actualites-perspectives\\\/etudes-de-cas\\\/#primaryimage\"},\"thumbnailUrl\":\"https:\\\/\\\/tps-elektronik.com\\\/wp-content\\\/uploads\\\/2025\\\/10\\\/\u7b2c40\u9875-40.jpg\",\"datePublished\":\"2025-10-09T11:18:39+00:00\",\"dateModified\":\"2025-11-24T10:22:50+00:00\",\"description\":\"D\u00e9couvrez les \u00e9tudes de cas de TPS Elektronik.\",\"breadcrumb\":{\"@id\":\"https:\\\/\\\/tps-elektronik.com\\\/fr\\\/actualites-perspectives\\\/etudes-de-cas\\\/#breadcrumb\"},\"inLanguage\":\"fr-FR\",\"potentialAction\":[{\"@type\":\"ReadAction\",\"target\":[\"https:\\\/\\\/tps-elektronik.com\\\/fr\\\/actualites-perspectives\\\/etudes-de-cas\\\/\"]}]},{\"@type\":\"ImageObject\",\"inLanguage\":\"fr-FR\",\"@id\":\"https:\\\/\\\/tps-elektronik.com\\\/fr\\\/actualites-perspectives\\\/etudes-de-cas\\\/#primaryimage\",\"url\":\"https:\\\/\\\/tps-elektronik.com\\\/wp-content\\\/uploads\\\/2025\\\/10\\\/\u7b2c40\u9875-40.jpg\",\"contentUrl\":\"https:\\\/\\\/tps-elektronik.com\\\/wp-content\\\/uploads\\\/2025\\\/10\\\/\u7b2c40\u9875-40.jpg\",\"width\":1920,\"height\":1080,\"caption\":\"Case Studies at TPS Elektronik GmbH\"},{\"@type\":\"BreadcrumbList\",\"@id\":\"https:\\\/\\\/tps-elektronik.com\\\/fr\\\/actualites-perspectives\\\/etudes-de-cas\\\/#breadcrumb\",\"itemListElement\":[{\"@type\":\"ListItem\",\"position\":1,\"name\":\"Startseite\",\"item\":\"https:\\\/\\\/tps-electronic.com\\\/fr\\\/\"},{\"@type\":\"ListItem\",\"position\":2,\"name\":\"Actualit\u00e9s &amp; Perspectives\",\"item\":\"https:\\\/\\\/tps-electronic.com\\\/fr\\\/actualites-perspectives\\\/\"},{\"@type\":\"ListItem\",\"position\":3,\"name\":\"\u00c9tudes de cas\"}]},{\"@type\":\"WebSite\",\"@id\":\"https:\\\/\\\/tps-elektronik.com\\\/fr\\\/#website\",\"url\":\"https:\\\/\\\/tps-elektronik.com\\\/fr\\\/\",\"name\":\"TPS\",\"description\":\"\",\"potentialAction\":[{\"@type\":\"SearchAction\",\"target\":{\"@type\":\"EntryPoint\",\"urlTemplate\":\"https:\\\/\\\/tps-elektronik.com\\\/fr\\\/?s={search_term_string}\"},\"query-input\":{\"@type\":\"PropertyValueSpecification\",\"valueRequired\":true,\"valueName\":\"search_term_string\"}}],\"inLanguage\":\"fr-FR\"}]}<\/script>\n<!-- \/ Yoast SEO plugin. -->","yoast_head_json":{"title":"\u00c9tudes de cas - TPS Elektronik","description":"D\u00e9couvrez les \u00e9tudes de cas de TPS Elektronik.","robots":{"index":"index","follow":"follow","max-snippet":"max-snippet:-1","max-image-preview":"max-image-preview:large","max-video-preview":"max-video-preview:-1"},"canonical":"https:\/\/tps-elektronik.com\/fr\/actualites-perspectives\/etudes-de-cas\/","og_locale":"fr_FR","og_type":"article","og_title":"\u00c9tudes de cas - TPS Elektronik","og_description":"D\u00e9couvrez les \u00e9tudes de cas de TPS Elektronik.","og_url":"https:\/\/tps-elektronik.com\/fr\/actualites-perspectives\/etudes-de-cas\/","og_site_name":"TPS","article_modified_time":"2025-11-24T10:22:50+00:00","og_image":[{"width":1920,"height":1080,"url":"https:\/\/tps-elektronik.com\/wp-content\/uploads\/2025\/10\/\u7b2c40\u9875-40.jpg","type":"image\/jpeg"}],"twitter_card":"summary_large_image","schema":{"@context":"https:\/\/schema.org","@graph":[{"@type":"WebPage","@id":"https:\/\/tps-elektronik.com\/fr\/actualites-perspectives\/etudes-de-cas\/","url":"https:\/\/tps-elektronik.com\/fr\/actualites-perspectives\/etudes-de-cas\/","name":"\u00c9tudes de cas - TPS Elektronik","isPartOf":{"@id":"https:\/\/tps-elektronik.com\/fr\/#website"},"primaryImageOfPage":{"@id":"https:\/\/tps-elektronik.com\/fr\/actualites-perspectives\/etudes-de-cas\/#primaryimage"},"image":{"@id":"https:\/\/tps-elektronik.com\/fr\/actualites-perspectives\/etudes-de-cas\/#primaryimage"},"thumbnailUrl":"https:\/\/tps-elektronik.com\/wp-content\/uploads\/2025\/10\/\u7b2c40\u9875-40.jpg","datePublished":"2025-10-09T11:18:39+00:00","dateModified":"2025-11-24T10:22:50+00:00","description":"D\u00e9couvrez les \u00e9tudes de cas de TPS Elektronik.","breadcrumb":{"@id":"https:\/\/tps-elektronik.com\/fr\/actualites-perspectives\/etudes-de-cas\/#breadcrumb"},"inLanguage":"fr-FR","potentialAction":[{"@type":"ReadAction","target":["https:\/\/tps-elektronik.com\/fr\/actualites-perspectives\/etudes-de-cas\/"]}]},{"@type":"ImageObject","inLanguage":"fr-FR","@id":"https:\/\/tps-elektronik.com\/fr\/actualites-perspectives\/etudes-de-cas\/#primaryimage","url":"https:\/\/tps-elektronik.com\/wp-content\/uploads\/2025\/10\/\u7b2c40\u9875-40.jpg","contentUrl":"https:\/\/tps-elektronik.com\/wp-content\/uploads\/2025\/10\/\u7b2c40\u9875-40.jpg","width":1920,"height":1080,"caption":"Case Studies at TPS Elektronik GmbH"},{"@type":"BreadcrumbList","@id":"https:\/\/tps-elektronik.com\/fr\/actualites-perspectives\/etudes-de-cas\/#breadcrumb","itemListElement":[{"@type":"ListItem","position":1,"name":"Startseite","item":"https:\/\/tps-electronic.com\/fr\/"},{"@type":"ListItem","position":2,"name":"Actualit\u00e9s &amp; Perspectives","item":"https:\/\/tps-electronic.com\/fr\/actualites-perspectives\/"},{"@type":"ListItem","position":3,"name":"\u00c9tudes de cas"}]},{"@type":"WebSite","@id":"https:\/\/tps-elektronik.com\/fr\/#website","url":"https:\/\/tps-elektronik.com\/fr\/","name":"TPS","description":"","potentialAction":[{"@type":"SearchAction","target":{"@type":"EntryPoint","urlTemplate":"https:\/\/tps-elektronik.com\/fr\/?s={search_term_string}"},"query-input":{"@type":"PropertyValueSpecification","valueRequired":true,"valueName":"search_term_string"}}],"inLanguage":"fr-FR"}]}},"_links":{"self":[{"href":"https:\/\/tps-elektronik.com\/fr\/wp-json\/wp\/v2\/pages\/5829","targetHints":{"allow":["GET"]}}],"collection":[{"href":"https:\/\/tps-elektronik.com\/fr\/wp-json\/wp\/v2\/pages"}],"about":[{"href":"https:\/\/tps-elektronik.com\/fr\/wp-json\/wp\/v2\/types\/page"}],"author":[{"embeddable":true,"href":"https:\/\/tps-elektronik.com\/fr\/wp-json\/wp\/v2\/users\/8"}],"replies":[{"embeddable":true,"href":"https:\/\/tps-elektronik.com\/fr\/wp-json\/wp\/v2\/comments?post=5829"}],"version-history":[{"count":1,"href":"https:\/\/tps-elektronik.com\/fr\/wp-json\/wp\/v2\/pages\/5829\/revisions"}],"predecessor-version":[{"id":5833,"href":"https:\/\/tps-elektronik.com\/fr\/wp-json\/wp\/v2\/pages\/5829\/revisions\/5833"}],"up":[{"embeddable":true,"href":"https:\/\/tps-elektronik.com\/fr\/wp-json\/wp\/v2\/pages\/5823"}],"wp:featuredmedia":[{"embeddable":true,"href":"https:\/\/tps-elektronik.com\/fr\/wp-json\/wp\/v2\/media\/5832"}],"wp:attachment":[{"href":"https:\/\/tps-elektronik.com\/fr\/wp-json\/wp\/v2\/media?parent=5829"}],"curies":[{"name":"wp","href":"https:\/\/api.w.org\/{rel}","templated":true}]}}