{"id":350,"date":"2025-05-20T11:17:22","date_gmt":"2025-05-20T09:17:22","guid":{"rendered":"https:\/\/tps.nilsrogavac.de\/?page_id=350"},"modified":"2025-10-10T04:52:52","modified_gmt":"2025-10-10T02:52:52","slug":"service","status":"publish","type":"page","link":"https:\/\/tps-elektronik.com\/es\/service\/","title":{"rendered":"Dienste"},"content":{"rendered":"\n<p class=\"preheadline\"><strong><strong>EMS mit Full Dienste<\/strong><\/strong><\/p>\n\n\n\n<h2 class=\"wp-block-heading\"><strong>EMS Dienstleistungen&nbsp;<\/strong><\/h2>\n\n\n\n<div class=\"wp-block-columns is-layout-flex wp-container-core-columns-is-layout-9d6595d7 wp-block-columns-is-layout-flex\">\n<div class=\"wp-block-column is-layout-flow wp-block-column-is-layout-flow\">\n<p>Die TPS Elektronik GmbH ist auf die Entwicklung von Hardware- und Softwareanwendungen f\u00fcr die Leistungselektronik spezialisiert. Anwendungen wie AC- und DC-Quellen, Ladestationen, On-Board-Charger (OBCs), Photovoltaik-Wechselrichter, Batterielade- und -entladetests, Power Conversion System (PCS) Speichermanagement usw. geh\u00f6ren zu unserem Anwendungsbereich, wobei die Leistungsstufen von einigen hundert Watt bis zu mehreren hundert Kilowatt reichen.<\/p>\n<\/div>\n\n\n\n<div class=\"wp-block-column is-layout-flow wp-block-column-is-layout-flow\">\n<p>Als EMS-Dienstleister entwickeln, produzieren und montieren wir im Auftrag unserer weltweiten Kunden elektronische Baugruppen, Ger\u00e4te und Systeme.&nbsp;<\/p>\n\n\n\n<p>Unsere St\u00e4rke liegt zudem im Full-Service, den wir als Dienstleister f\u00fcr die gesamte Wertsch\u00f6pfungskette anbieten. Dies umfasst&nbsp; von der Entwicklung \u00fcber die Materialbeschaffung bis zur Fertigung serienreifer Elektronik alle Schritte einschlie\u00dflich der Auslieferung und dem After-Sales-Service als umfangreiche Zusatzservices.<\/p>\n<\/div>\n<\/div>\n\n\n\n<div style=\"height:50px\" aria-hidden=\"true\" class=\"wp-block-spacer\"><\/div>\n\n\n\n<h2 class=\"wp-block-heading\">EMS Dienste<\/h2>\n","protected":false},"excerpt":{"rendered":"<p>EMS mit Full Dienste EMS Dienstleistungen&nbsp; Die TPS Elektronik GmbH ist auf die Entwicklung von Hardware- und Softwareanwendungen f\u00fcr die Leistungselektronik spezialisiert. Anwendungen wie AC- und DC-Quellen, Ladestationen, On-Board-Charger (OBCs), Photovoltaik-Wechselrichter, Batterielade- und -entladetests, Power Conversion System (PCS) Speichermanagement usw. geh\u00f6ren zu unserem Anwendungsbereich, wobei die Leistungsstufen von einigen hundert Watt bis zu mehreren hundert\u2026 <a href=\"https:\/\/tps-elektronik.com\/es\/service\/\">Read More &raquo;<\/a><\/p>\n","protected":false},"author":1,"featured_media":486,"parent":0,"menu_order":1,"comment_status":"closed","ping_status":"closed","template":"page-service.php","meta":{"_acf_changed":false,"footnotes":""},"class_list":["post-350","page","type-page","status-publish","has-post-thumbnail","hentry"],"acf":[],"yoast_head":"<!-- This site is optimized with the Yoast SEO plugin v27.4 - https:\/\/yoast.com\/product\/yoast-seo-wordpress\/ -->\n<title>Ihr EMS Services aus einer Hand I TPS Elektronik GmbH<\/title>\n<meta name=\"description\" content=\"Als EMS Dienstleister entwickeln, produzieren, montieren wir im Auftrag unserer weltweiten Kunden elektronische Baugruppen, Ger\u00e4te, Systeme\" \/>\n<meta name=\"robots\" content=\"index, follow, max-snippet:-1, max-image-preview:large, max-video-preview:-1\" \/>\n<link rel=\"canonical\" href=\"https:\/\/tps-elektronik.com\/es\/service\/\" \/>\n<meta property=\"og:locale\" content=\"es_ES\" \/>\n<meta property=\"og:type\" content=\"article\" \/>\n<meta property=\"og:title\" content=\"Ihr EMS Services aus einer Hand I TPS Elektronik GmbH\" \/>\n<meta property=\"og:description\" content=\"Als EMS Dienstleister entwickeln, produzieren, montieren wir im Auftrag unserer weltweiten Kunden elektronische Baugruppen, Ger\u00e4te, Systeme\" \/>\n<meta property=\"og:url\" content=\"https:\/\/tps-elektronik.com\/es\/service\/\" \/>\n<meta property=\"og:site_name\" content=\"TPS\" \/>\n<meta property=\"article:modified_time\" content=\"2025-10-10T02:52:52+00:00\" \/>\n<meta property=\"og:image\" content=\"https:\/\/tps-elektronik.com\/wp-content\/uploads\/2025\/05\/tps-elektronik-leistungen-header.jpeg\" \/>\n\t<meta property=\"og:image:width\" content=\"1920\" \/>\n\t<meta property=\"og:image:height\" content=\"1280\" \/>\n\t<meta property=\"og:image:type\" content=\"image\/jpeg\" \/>\n<meta name=\"twitter:card\" content=\"summary_large_image\" \/>\n<meta name=\"twitter:label1\" content=\"Tiempo de lectura\" \/>\n\t<meta name=\"twitter:data1\" content=\"1 minuto\" \/>\n<script type=\"application\/ld+json\" class=\"yoast-schema-graph\">{\"@context\":\"https:\\\/\\\/schema.org\",\"@graph\":[{\"@type\":\"WebPage\",\"@id\":\"https:\\\/\\\/tps-elektronik.com\\\/es\\\/service\\\/\",\"url\":\"https:\\\/\\\/tps-elektronik.com\\\/es\\\/service\\\/\",\"name\":\"Ihr EMS Services aus einer Hand I TPS Elektronik GmbH\",\"isPartOf\":{\"@id\":\"https:\\\/\\\/tps-elektronik.com\\\/es\\\/#website\"},\"primaryImageOfPage\":{\"@id\":\"https:\\\/\\\/tps-elektronik.com\\\/es\\\/service\\\/#primaryimage\"},\"image\":{\"@id\":\"https:\\\/\\\/tps-elektronik.com\\\/es\\\/service\\\/#primaryimage\"},\"thumbnailUrl\":\"https:\\\/\\\/tps-elektronik.com\\\/wp-content\\\/uploads\\\/2025\\\/05\\\/tps-elektronik-leistungen-header.jpeg\",\"datePublished\":\"2025-05-20T09:17:22+00:00\",\"dateModified\":\"2025-10-10T02:52:52+00:00\",\"description\":\"Als EMS Dienstleister entwickeln, produzieren, montieren wir im Auftrag unserer weltweiten Kunden elektronische Baugruppen, Ger\u00e4te, Systeme\",\"breadcrumb\":{\"@id\":\"https:\\\/\\\/tps-elektronik.com\\\/es\\\/service\\\/#breadcrumb\"},\"inLanguage\":\"es\",\"potentialAction\":[{\"@type\":\"ReadAction\",\"target\":[\"https:\\\/\\\/tps-elektronik.com\\\/es\\\/service\\\/\"]}]},{\"@type\":\"ImageObject\",\"inLanguage\":\"es\",\"@id\":\"https:\\\/\\\/tps-elektronik.com\\\/es\\\/service\\\/#primaryimage\",\"url\":\"https:\\\/\\\/tps-elektronik.com\\\/wp-content\\\/uploads\\\/2025\\\/05\\\/tps-elektronik-leistungen-header.jpeg\",\"contentUrl\":\"https:\\\/\\\/tps-elektronik.com\\\/wp-content\\\/uploads\\\/2025\\\/05\\\/tps-elektronik-leistungen-header.jpeg\",\"width\":1920,\"height\":1280},{\"@type\":\"BreadcrumbList\",\"@id\":\"https:\\\/\\\/tps-elektronik.com\\\/es\\\/service\\\/#breadcrumb\",\"itemListElement\":[{\"@type\":\"ListItem\",\"position\":1,\"name\":\"Startseite\",\"item\":\"https:\\\/\\\/tps-elektronik.com\\\/es\\\/\"},{\"@type\":\"ListItem\",\"position\":2,\"name\":\"Dienste\"}]},{\"@type\":\"WebSite\",\"@id\":\"https:\\\/\\\/tps-elektronik.com\\\/es\\\/#website\",\"url\":\"https:\\\/\\\/tps-elektronik.com\\\/es\\\/\",\"name\":\"TPS\",\"description\":\"\",\"potentialAction\":[{\"@type\":\"SearchAction\",\"target\":{\"@type\":\"EntryPoint\",\"urlTemplate\":\"https:\\\/\\\/tps-elektronik.com\\\/es\\\/?s={search_term_string}\"},\"query-input\":{\"@type\":\"PropertyValueSpecification\",\"valueRequired\":true,\"valueName\":\"search_term_string\"}}],\"inLanguage\":\"es\"}]}<\/script>\n<!-- \/ Yoast SEO plugin. -->","yoast_head_json":{"title":"Ihr EMS Services aus einer Hand I TPS Elektronik GmbH","description":"Als EMS Dienstleister entwickeln, produzieren, montieren wir im Auftrag unserer weltweiten Kunden elektronische Baugruppen, Ger\u00e4te, Systeme","robots":{"index":"index","follow":"follow","max-snippet":"max-snippet:-1","max-image-preview":"max-image-preview:large","max-video-preview":"max-video-preview:-1"},"canonical":"https:\/\/tps-elektronik.com\/es\/service\/","og_locale":"es_ES","og_type":"article","og_title":"Ihr EMS Services aus einer Hand I TPS Elektronik GmbH","og_description":"Als EMS Dienstleister entwickeln, produzieren, montieren wir im Auftrag unserer weltweiten Kunden elektronische Baugruppen, Ger\u00e4te, Systeme","og_url":"https:\/\/tps-elektronik.com\/es\/service\/","og_site_name":"TPS","article_modified_time":"2025-10-10T02:52:52+00:00","og_image":[{"width":1920,"height":1280,"url":"https:\/\/tps-elektronik.com\/wp-content\/uploads\/2025\/05\/tps-elektronik-leistungen-header.jpeg","type":"image\/jpeg"}],"twitter_card":"summary_large_image","twitter_misc":{"Tiempo de lectura":"1 minuto"},"schema":{"@context":"https:\/\/schema.org","@graph":[{"@type":"WebPage","@id":"https:\/\/tps-elektronik.com\/es\/service\/","url":"https:\/\/tps-elektronik.com\/es\/service\/","name":"Ihr EMS Services aus einer Hand I TPS Elektronik GmbH","isPartOf":{"@id":"https:\/\/tps-elektronik.com\/es\/#website"},"primaryImageOfPage":{"@id":"https:\/\/tps-elektronik.com\/es\/service\/#primaryimage"},"image":{"@id":"https:\/\/tps-elektronik.com\/es\/service\/#primaryimage"},"thumbnailUrl":"https:\/\/tps-elektronik.com\/wp-content\/uploads\/2025\/05\/tps-elektronik-leistungen-header.jpeg","datePublished":"2025-05-20T09:17:22+00:00","dateModified":"2025-10-10T02:52:52+00:00","description":"Als EMS Dienstleister entwickeln, produzieren, montieren wir im Auftrag unserer weltweiten Kunden elektronische Baugruppen, Ger\u00e4te, Systeme","breadcrumb":{"@id":"https:\/\/tps-elektronik.com\/es\/service\/#breadcrumb"},"inLanguage":"es","potentialAction":[{"@type":"ReadAction","target":["https:\/\/tps-elektronik.com\/es\/service\/"]}]},{"@type":"ImageObject","inLanguage":"es","@id":"https:\/\/tps-elektronik.com\/es\/service\/#primaryimage","url":"https:\/\/tps-elektronik.com\/wp-content\/uploads\/2025\/05\/tps-elektronik-leistungen-header.jpeg","contentUrl":"https:\/\/tps-elektronik.com\/wp-content\/uploads\/2025\/05\/tps-elektronik-leistungen-header.jpeg","width":1920,"height":1280},{"@type":"BreadcrumbList","@id":"https:\/\/tps-elektronik.com\/es\/service\/#breadcrumb","itemListElement":[{"@type":"ListItem","position":1,"name":"Startseite","item":"https:\/\/tps-elektronik.com\/es\/"},{"@type":"ListItem","position":2,"name":"Dienste"}]},{"@type":"WebSite","@id":"https:\/\/tps-elektronik.com\/es\/#website","url":"https:\/\/tps-elektronik.com\/es\/","name":"TPS","description":"","potentialAction":[{"@type":"SearchAction","target":{"@type":"EntryPoint","urlTemplate":"https:\/\/tps-elektronik.com\/es\/?s={search_term_string}"},"query-input":{"@type":"PropertyValueSpecification","valueRequired":true,"valueName":"search_term_string"}}],"inLanguage":"es"}]}},"_links":{"self":[{"href":"https:\/\/tps-elektronik.com\/es\/wp-json\/wp\/v2\/pages\/350","targetHints":{"allow":["GET"]}}],"collection":[{"href":"https:\/\/tps-elektronik.com\/es\/wp-json\/wp\/v2\/pages"}],"about":[{"href":"https:\/\/tps-elektronik.com\/es\/wp-json\/wp\/v2\/types\/page"}],"author":[{"embeddable":true,"href":"https:\/\/tps-elektronik.com\/es\/wp-json\/wp\/v2\/users\/1"}],"replies":[{"embeddable":true,"href":"https:\/\/tps-elektronik.com\/es\/wp-json\/wp\/v2\/comments?post=350"}],"version-history":[{"count":2,"href":"https:\/\/tps-elektronik.com\/es\/wp-json\/wp\/v2\/pages\/350\/revisions"}],"predecessor-version":[{"id":4017,"href":"https:\/\/tps-elektronik.com\/es\/wp-json\/wp\/v2\/pages\/350\/revisions\/4017"}],"wp:featuredmedia":[{"embeddable":true,"href":"https:\/\/tps-elektronik.com\/es\/wp-json\/wp\/v2\/media\/486"}],"wp:attachment":[{"href":"https:\/\/tps-elektronik.com\/es\/wp-json\/wp\/v2\/media?parent=350"}],"curies":[{"name":"wp","href":"https:\/\/api.w.org\/{rel}","templated":true}]}}