{"id":18,"date":"2025-04-28T15:54:20","date_gmt":"2025-04-28T13:54:20","guid":{"rendered":"https:\/\/tps.nilsrogavac.de\/?page_id=18"},"modified":"2025-10-17T03:13:03","modified_gmt":"2025-10-17T01:13:03","slug":"ueber-tps","status":"publish","type":"page","link":"https:\/\/tps-elektronik.com\/es\/ueber-tps\/","title":{"rendered":"\u00dcber TPS Elektronik"},"content":{"rendered":"\n<h2 class=\"wp-block-heading\">Was macht uns aus<\/h2>\n\n\n\n<div class=\"wp-block-columns is-layout-flex wp-container-core-columns-is-layout-9d6595d7 wp-block-columns-is-layout-flex\">\n<div class=\"wp-block-column is-layout-flow wp-block-column-is-layout-flow\">\n<p>Unsere Vision war und ist es, komplette Systeme aus einer Hand zu verwirklichen und mehr als ein Standard EMS-Dienstleister zu bieten. Damit unsere L\u00f6sungen weltweit sowohl technisch als auch wirtschaftlich jederzeit Schritt mit den Kundenanforderungen und dem Markt mithalten, nutzen wir f\u00fcr unsere Kunden weltweit Synergien aus unseren einzelnen Bereichen als Ganzes, verbessern die Rentabilit\u00e4t und setzen auf langfristige Kunden- und Lieferantenpartnerschaften. Wir kombinieren unser branchen- und technologie\u00fcbergreifendes Know-how sowie unsere jahrzehntelange Erfahrung mit den St\u00e4rken unserer Kunden, um gemeinsam neue Wachstumsm\u00e4rkte zu erschlie\u00dfen und aus Ideen Erfolge zu machen. Durch unsere breite Branchenaufstellung k\u00f6nnen wir weltweit Synergien aus den verschiedenen Bereichen nutzen, um neue Potenziale f\u00fcr unsere Kunden zu er\u00f6ffnen&nbsp;<\/p>\n<\/div>\n\n\n\n<div class=\"wp-block-column is-layout-flow wp-block-column-is-layout-flow\">\n<p>Von der Elektronik \u00fcber Mechanik bis hin zu den induktiven Bauelementen: In allen Technologie-Bereichen sind wir st\u00e4ndig f\u00fcr Sie auf dem neuesten Stand der Technik. Um diese Technologien und Anlagen optimal f\u00fcr Sie nutzen zu k\u00f6nnen, legen wir auch besonderen Wert auf die kontinuierliche Weiterbildung unserer Mitarbeitenden.<\/p>\n\n\n\n<p>Was uns auszeichnet, ist unsere Zuverl\u00e4ssigkeit und die Art, zusammen neue Ideen zu verwirklichen, Inspirationen zu geben und stets Neues zu wagen, um gemeinsam erfolgreich zu sein. Wir legen besonders Wert auf eine umfassende und pers\u00f6nliche Betreuung unserer Kunden sowohl vor und w\u00e4hrend als auch nach der  Auftragsdurchf\u00fchrung. Dabei unterst\u00fctzen wir gezielt, wo unsere Kompetenzen gebraucht werden.<\/p>\n<\/div>\n<\/div>\n\n\n\n<p><\/p>\n","protected":false},"excerpt":{"rendered":"<p>Was macht uns aus Unsere Vision war und ist es, komplette Systeme aus einer Hand zu verwirklichen und mehr als ein Standard EMS-Dienstleister zu bieten. Damit unsere L\u00f6sungen weltweit sowohl technisch als auch wirtschaftlich jederzeit Schritt mit den Kundenanforderungen und dem Markt mithalten, nutzen wir f\u00fcr unsere Kunden weltweit Synergien aus unseren einzelnen Bereichen als\u2026 <a href=\"https:\/\/tps-elektronik.com\/es\/ueber-tps\/\">Read More &raquo;<\/a><\/p>\n","protected":false},"author":1,"featured_media":477,"parent":0,"menu_order":4,"comment_status":"closed","ping_status":"closed","template":"page-about.php","meta":{"_acf_changed":false,"footnotes":""},"class_list":["post-18","page","type-page","status-publish","has-post-thumbnail","hentry"],"acf":[],"yoast_head":"<!-- This site is optimized with the Yoast SEO plugin v27.4 - https:\/\/yoast.com\/product\/yoast-seo-wordpress\/ -->\n<title>\u00dcber TPS Elektronik GmbH, unsere Werte, Geschichte, Standorte<\/title>\n<meta name=\"description\" content=\"Gegr\u00fcndet 2000 und seitdem wachsen wir kontinuierlich, weltweit mit Standorten in Deutschland, China, Indien und USA. Erfahren Sie mehr \u00fcber uns.\" \/>\n<meta name=\"robots\" content=\"index, follow, max-snippet:-1, max-image-preview:large, max-video-preview:-1\" \/>\n<link rel=\"canonical\" href=\"https:\/\/tps-elektronik.com\/es\/ueber-tps\/\" \/>\n<meta property=\"og:locale\" content=\"es_ES\" \/>\n<meta property=\"og:type\" content=\"article\" \/>\n<meta property=\"og:title\" content=\"\u00dcber TPS Elektronik GmbH, unsere Werte, Geschichte, Standorte\" \/>\n<meta property=\"og:description\" content=\"Gegr\u00fcndet 2000 und seitdem wachsen wir kontinuierlich, weltweit mit Standorten in Deutschland, China, Indien und USA. Erfahren Sie mehr \u00fcber uns.\" \/>\n<meta property=\"og:url\" content=\"https:\/\/tps-elektronik.com\/es\/ueber-tps\/\" \/>\n<meta property=\"og:site_name\" content=\"TPS\" \/>\n<meta property=\"article:modified_time\" content=\"2025-10-17T01:13:03+00:00\" \/>\n<meta property=\"og:image\" content=\"https:\/\/tps-elektronik.com\/wp-content\/uploads\/2025\/06\/TPSUnterstuetzungMarketing.webp\" \/>\n\t<meta property=\"og:image:width\" content=\"1280\" \/>\n\t<meta property=\"og:image:height\" content=\"720\" \/>\n\t<meta property=\"og:image:type\" content=\"image\/webp\" \/>\n<meta name=\"twitter:card\" content=\"summary_large_image\" \/>\n<meta name=\"twitter:label1\" content=\"Tiempo de lectura\" \/>\n\t<meta name=\"twitter:data1\" content=\"2 minutos\" \/>\n<script type=\"application\/ld+json\" class=\"yoast-schema-graph\">{\"@context\":\"https:\\\/\\\/schema.org\",\"@graph\":[{\"@type\":\"WebPage\",\"@id\":\"https:\\\/\\\/tps-elektronik.com\\\/es\\\/ueber-tps\\\/\",\"url\":\"https:\\\/\\\/tps-elektronik.com\\\/es\\\/ueber-tps\\\/\",\"name\":\"\u00dcber TPS Elektronik GmbH, unsere Werte, Geschichte, Standorte\",\"isPartOf\":{\"@id\":\"https:\\\/\\\/tps-elektronik.com\\\/es\\\/#website\"},\"primaryImageOfPage\":{\"@id\":\"https:\\\/\\\/tps-elektronik.com\\\/es\\\/ueber-tps\\\/#primaryimage\"},\"image\":{\"@id\":\"https:\\\/\\\/tps-elektronik.com\\\/es\\\/ueber-tps\\\/#primaryimage\"},\"thumbnailUrl\":\"https:\\\/\\\/tps-elektronik.com\\\/wp-content\\\/uploads\\\/2025\\\/05\\\/tps-elektronik-ueber-tps-header.jpeg\",\"datePublished\":\"2025-04-28T13:54:20+00:00\",\"dateModified\":\"2025-10-17T01:13:03+00:00\",\"description\":\"Gegr\u00fcndet 2000 und seitdem wachsen wir kontinuierlich, weltweit mit Standorten in Deutschland, China, Indien und USA. Erfahren Sie mehr \u00fcber uns.\",\"breadcrumb\":{\"@id\":\"https:\\\/\\\/tps-elektronik.com\\\/es\\\/ueber-tps\\\/#breadcrumb\"},\"inLanguage\":\"es\",\"potentialAction\":[{\"@type\":\"ReadAction\",\"target\":[\"https:\\\/\\\/tps-elektronik.com\\\/es\\\/ueber-tps\\\/\"]}]},{\"@type\":\"ImageObject\",\"inLanguage\":\"es\",\"@id\":\"https:\\\/\\\/tps-elektronik.com\\\/es\\\/ueber-tps\\\/#primaryimage\",\"url\":\"https:\\\/\\\/tps-elektronik.com\\\/wp-content\\\/uploads\\\/2025\\\/05\\\/tps-elektronik-ueber-tps-header.jpeg\",\"contentUrl\":\"https:\\\/\\\/tps-elektronik.com\\\/wp-content\\\/uploads\\\/2025\\\/05\\\/tps-elektronik-ueber-tps-header.jpeg\",\"width\":1920,\"height\":1131},{\"@type\":\"BreadcrumbList\",\"@id\":\"https:\\\/\\\/tps-elektronik.com\\\/es\\\/ueber-tps\\\/#breadcrumb\",\"itemListElement\":[{\"@type\":\"ListItem\",\"position\":1,\"name\":\"Startseite\",\"item\":\"https:\\\/\\\/tps-elektronik.com\\\/es\\\/\"},{\"@type\":\"ListItem\",\"position\":2,\"name\":\"\u00dcber TPS Elektronik\"}]},{\"@type\":\"WebSite\",\"@id\":\"https:\\\/\\\/tps-elektronik.com\\\/es\\\/#website\",\"url\":\"https:\\\/\\\/tps-elektronik.com\\\/es\\\/\",\"name\":\"TPS\",\"description\":\"\",\"potentialAction\":[{\"@type\":\"SearchAction\",\"target\":{\"@type\":\"EntryPoint\",\"urlTemplate\":\"https:\\\/\\\/tps-elektronik.com\\\/es\\\/?s={search_term_string}\"},\"query-input\":{\"@type\":\"PropertyValueSpecification\",\"valueRequired\":true,\"valueName\":\"search_term_string\"}}],\"inLanguage\":\"es\"}]}<\/script>\n<!-- \/ Yoast SEO plugin. -->","yoast_head_json":{"title":"\u00dcber TPS Elektronik GmbH, unsere Werte, Geschichte, Standorte","description":"Gegr\u00fcndet 2000 und seitdem wachsen wir kontinuierlich, weltweit mit Standorten in Deutschland, China, Indien und USA. Erfahren Sie mehr \u00fcber uns.","robots":{"index":"index","follow":"follow","max-snippet":"max-snippet:-1","max-image-preview":"max-image-preview:large","max-video-preview":"max-video-preview:-1"},"canonical":"https:\/\/tps-elektronik.com\/es\/ueber-tps\/","og_locale":"es_ES","og_type":"article","og_title":"\u00dcber TPS Elektronik GmbH, unsere Werte, Geschichte, Standorte","og_description":"Gegr\u00fcndet 2000 und seitdem wachsen wir kontinuierlich, weltweit mit Standorten in Deutschland, China, Indien und USA. Erfahren Sie mehr \u00fcber uns.","og_url":"https:\/\/tps-elektronik.com\/es\/ueber-tps\/","og_site_name":"TPS","article_modified_time":"2025-10-17T01:13:03+00:00","og_image":[{"width":1280,"height":720,"url":"https:\/\/tps-elektronik.com\/wp-content\/uploads\/2025\/06\/TPSUnterstuetzungMarketing.webp","type":"image\/webp"}],"twitter_card":"summary_large_image","twitter_misc":{"Tiempo de lectura":"2 minutos"},"schema":{"@context":"https:\/\/schema.org","@graph":[{"@type":"WebPage","@id":"https:\/\/tps-elektronik.com\/es\/ueber-tps\/","url":"https:\/\/tps-elektronik.com\/es\/ueber-tps\/","name":"\u00dcber TPS Elektronik GmbH, unsere Werte, Geschichte, Standorte","isPartOf":{"@id":"https:\/\/tps-elektronik.com\/es\/#website"},"primaryImageOfPage":{"@id":"https:\/\/tps-elektronik.com\/es\/ueber-tps\/#primaryimage"},"image":{"@id":"https:\/\/tps-elektronik.com\/es\/ueber-tps\/#primaryimage"},"thumbnailUrl":"https:\/\/tps-elektronik.com\/wp-content\/uploads\/2025\/05\/tps-elektronik-ueber-tps-header.jpeg","datePublished":"2025-04-28T13:54:20+00:00","dateModified":"2025-10-17T01:13:03+00:00","description":"Gegr\u00fcndet 2000 und seitdem wachsen wir kontinuierlich, weltweit mit Standorten in Deutschland, China, Indien und USA. Erfahren Sie mehr \u00fcber uns.","breadcrumb":{"@id":"https:\/\/tps-elektronik.com\/es\/ueber-tps\/#breadcrumb"},"inLanguage":"es","potentialAction":[{"@type":"ReadAction","target":["https:\/\/tps-elektronik.com\/es\/ueber-tps\/"]}]},{"@type":"ImageObject","inLanguage":"es","@id":"https:\/\/tps-elektronik.com\/es\/ueber-tps\/#primaryimage","url":"https:\/\/tps-elektronik.com\/wp-content\/uploads\/2025\/05\/tps-elektronik-ueber-tps-header.jpeg","contentUrl":"https:\/\/tps-elektronik.com\/wp-content\/uploads\/2025\/05\/tps-elektronik-ueber-tps-header.jpeg","width":1920,"height":1131},{"@type":"BreadcrumbList","@id":"https:\/\/tps-elektronik.com\/es\/ueber-tps\/#breadcrumb","itemListElement":[{"@type":"ListItem","position":1,"name":"Startseite","item":"https:\/\/tps-elektronik.com\/es\/"},{"@type":"ListItem","position":2,"name":"\u00dcber TPS Elektronik"}]},{"@type":"WebSite","@id":"https:\/\/tps-elektronik.com\/es\/#website","url":"https:\/\/tps-elektronik.com\/es\/","name":"TPS","description":"","potentialAction":[{"@type":"SearchAction","target":{"@type":"EntryPoint","urlTemplate":"https:\/\/tps-elektronik.com\/es\/?s={search_term_string}"},"query-input":{"@type":"PropertyValueSpecification","valueRequired":true,"valueName":"search_term_string"}}],"inLanguage":"es"}]}},"_links":{"self":[{"href":"https:\/\/tps-elektronik.com\/es\/wp-json\/wp\/v2\/pages\/18","targetHints":{"allow":["GET"]}}],"collection":[{"href":"https:\/\/tps-elektronik.com\/es\/wp-json\/wp\/v2\/pages"}],"about":[{"href":"https:\/\/tps-elektronik.com\/es\/wp-json\/wp\/v2\/types\/page"}],"author":[{"embeddable":true,"href":"https:\/\/tps-elektronik.com\/es\/wp-json\/wp\/v2\/users\/1"}],"replies":[{"embeddable":true,"href":"https:\/\/tps-elektronik.com\/es\/wp-json\/wp\/v2\/comments?post=18"}],"version-history":[{"count":3,"href":"https:\/\/tps-elektronik.com\/es\/wp-json\/wp\/v2\/pages\/18\/revisions"}],"predecessor-version":[{"id":4465,"href":"https:\/\/tps-elektronik.com\/es\/wp-json\/wp\/v2\/pages\/18\/revisions\/4465"}],"wp:featuredmedia":[{"embeddable":true,"href":"https:\/\/tps-elektronik.com\/es\/wp-json\/wp\/v2\/media\/477"}],"wp:attachment":[{"href":"https:\/\/tps-elektronik.com\/es\/wp-json\/wp\/v2\/media?parent=18"}],"curies":[{"name":"wp","href":"https:\/\/api.w.org\/{rel}","templated":true}]}}