{"id":14,"date":"2025-04-28T15:53:39","date_gmt":"2025-04-28T13:53:39","guid":{"rendered":"https:\/\/tps.nilsrogavac.de\/?page_id=14"},"modified":"2025-07-04T11:37:12","modified_gmt":"2025-07-04T09:37:12","slug":"produkte","status":"publish","type":"page","link":"https:\/\/tps-elektronik.com\/es\/produkte\/","title":{"rendered":"Produkte"},"content":{"rendered":"\n<h2 class=\"wp-block-heading\">Verpflichtung zur Qualit\u00e4t<\/h2>\n\n\n\n<div class=\"wp-block-columns is-layout-flex wp-container-core-columns-is-layout-9d6595d7 wp-block-columns-is-layout-flex\">\n<div class=\"wp-block-column is-layout-flow wp-block-column-is-layout-flow\">\n<p>Als Auftragsfertiger von Ger\u00e4ten f\u00fcr die Leistungselektronikindustrie legen wir gro\u00dfen Wert auf Qualit\u00e4t. Um unseren Kunden Produkte und Dienstleistungen von h\u00f6chster G\u00fcte zu bieten, verpflichten wir uns wie folgt:<\/p>\n\n\n\n<p><strong>Qualit\u00e4tsmanagement<\/strong><br>Wir haben ein umfassendes Qualit\u00e4tsmanagementsystem implementiert, das den kompletten Ablauf von der Rohstoffbeschaffung bis hin zur Produktauslieferung beinhaltet. Durch stringente Qualit\u00e4tskontrollprozesse stellen wir sicher, dass jeder Schritt den h\u00f6chsten Anforderungen und Ma\u00dfst\u00e4ben gerecht wird. <br><br>Unser Qualit\u00e4tsmanagementsystem wird regelm\u00e4\u00dfig \u00fcberpr\u00fcft und optimiert, um es an die wechselnden Marktanforderungen und technologischen Entwicklungen anzupassen.<\/p>\n\n\n\n<p><strong>Hochwertige Rohstoffe<\/strong><br>Wir w\u00e4hlen ausschlie\u00dflich Lieferanten aus, die streng gepr\u00fcft und zertifiziert wurden, um sicherzustellen, dass die erworbenen Rohstoffe unseren hohen Qualit\u00e4tsanforderungen entsprechen. Um zu verhindern, dass ungeeignete Materialien in den Produktionsprozess gelangen, werden die Rohstoffe streng \u00fcberwacht und getestet.<\/p>\n\n\n\n<p><strong>Technologie und Ausr\u00fcstung<\/strong><br>Wir setzen fortschrittliche Produktionstechnologien und -ger\u00e4te ein, um die Produktionseffizienz zu steigern und die Stabilit\u00e4t der Produktqualit\u00e4t zu erh\u00f6hen. Wir f\u00fchren kontinuierlich neue Technologien und Verfahren ein, um unsere Produktionskapazit\u00e4t und die Wettbewerbsf\u00e4higkeit unserer Produkte zu verbessern.&nbsp;<\/p>\n<\/div>\n\n\n\n<div class=\"wp-block-column is-layout-flow wp-block-column-is-layout-flow\">\n<p><strong>Hochqualifiziertes Technikerteam<\/strong><br>Wir verf\u00fcgen \u00fcber ein erfahrenes und fachkundiges Technikerteam, das unseren Kunden professionellen technischen Support und L\u00f6sungen anbieten kann. Wir bieten dem technischen Personal regelm\u00e4\u00dfige Schulungen und Bewertungen an, um ihr technisches Niveau und ihre Gesamtqualit\u00e4t kontinuierlich zu verbessern.<\/p>\n\n\n\n<p><strong>Strenge Endproduktpr\u00fcfung<\/strong><br>Jede Charge fertiger Produkte wird streng gepr\u00fcft und getestet, um sicherzustellen, dass die Produkte den einschl\u00e4gigen Normen und Anforderungen der Kunden entsprechen. Nur Produkte, die die Pr\u00fcfung erfolgreich bestehen, k\u00f6nnen an die Kunden ausgeliefert werden. Dadurch wird gew\u00e4hrleistet, dass die Kunden Produkte von hoher Qualit\u00e4t erhalten.<\/p>\n\n\n\n<p><strong>Exzellenter Kundenservice<\/strong><br>Wir bieten einen umfassenden Kundenservice und reagieren unverz\u00fcglich auf die Bed\u00fcrfnisse und R\u00fcckmeldungen der Kunden. Wir nehmen die Fragen und Vorschl\u00e4ge unserer Kunden und entwickeln auf dieser Basis praktikable und effektive L\u00f6sungen.<\/p>\n<\/div>\n<\/div>\n","protected":false},"excerpt":{"rendered":"<p>Verpflichtung zur Qualit\u00e4t Als Auftragsfertiger von Ger\u00e4ten f\u00fcr die Leistungselektronikindustrie legen wir gro\u00dfen Wert auf Qualit\u00e4t. Um unseren Kunden Produkte und Dienstleistungen von h\u00f6chster G\u00fcte zu bieten, verpflichten wir uns wie folgt: Qualit\u00e4tsmanagementWir haben ein umfassendes Qualit\u00e4tsmanagementsystem implementiert, das den kompletten Ablauf von der Rohstoffbeschaffung bis hin zur Produktauslieferung beinhaltet. Durch stringente Qualit\u00e4tskontrollprozesse stellen wir\u2026 <a href=\"https:\/\/tps-elektronik.com\/es\/produkte\/\">Read More &raquo;<\/a><\/p>\n","protected":false},"author":1,"featured_media":43,"parent":0,"menu_order":2,"comment_status":"closed","ping_status":"closed","template":"page-produkte.php","meta":{"_acf_changed":false,"footnotes":""},"class_list":["post-14","page","type-page","status-publish","has-post-thumbnail","hentry"],"acf":[],"yoast_head":"<!-- This site is optimized with the Yoast SEO plugin v27.4 - https:\/\/yoast.com\/product\/yoast-seo-wordpress\/ -->\n<title>EMS Produkte mit h\u00f6chster Qualit\u00e4t I TPS Elektronik GmbH<\/title>\n<meta name=\"description\" content=\"Als Auftragsfertiger von Ger\u00e4ten f\u00fcr die Leistungselektronikindustrie legen wir, das TPS Elektronik Team, gro\u00dfen Wert auf Qualit\u00e4t. Lernen Sie uns kennen.\" \/>\n<meta name=\"robots\" content=\"index, follow, max-snippet:-1, max-image-preview:large, max-video-preview:-1\" \/>\n<link rel=\"canonical\" href=\"https:\/\/tps-elektronik.com\/es\/produkte\/\" \/>\n<meta property=\"og:locale\" content=\"es_ES\" \/>\n<meta property=\"og:type\" content=\"article\" \/>\n<meta property=\"og:title\" content=\"EMS Produkte mit h\u00f6chster Qualit\u00e4t I TPS Elektronik GmbH\" \/>\n<meta property=\"og:description\" content=\"Als Auftragsfertiger von Ger\u00e4ten f\u00fcr die Leistungselektronikindustrie legen wir, das TPS Elektronik Team, gro\u00dfen Wert auf Qualit\u00e4t. Lernen Sie uns kennen.\" \/>\n<meta property=\"og:url\" content=\"https:\/\/tps-elektronik.com\/es\/produkte\/\" \/>\n<meta property=\"og:site_name\" content=\"TPS\" \/>\n<meta property=\"article:modified_time\" content=\"2025-07-04T09:37:12+00:00\" \/>\n<meta property=\"og:image\" content=\"https:\/\/tps-elektronik.com\/wp-content\/uploads\/2025\/05\/tps-elektronik-ems-service-pcb-bestueckung.jpg\" \/>\n\t<meta property=\"og:image:width\" content=\"1692\" \/>\n\t<meta property=\"og:image:height\" content=\"720\" \/>\n\t<meta property=\"og:image:type\" content=\"image\/jpeg\" \/>\n<meta name=\"twitter:card\" content=\"summary_large_image\" \/>\n<meta name=\"twitter:label1\" content=\"Tiempo de lectura\" \/>\n\t<meta name=\"twitter:data1\" content=\"2 minutos\" \/>\n<script type=\"application\/ld+json\" class=\"yoast-schema-graph\">{\"@context\":\"https:\\\/\\\/schema.org\",\"@graph\":[{\"@type\":\"WebPage\",\"@id\":\"https:\\\/\\\/tps-elektronik.com\\\/es\\\/produkte\\\/\",\"url\":\"https:\\\/\\\/tps-elektronik.com\\\/es\\\/produkte\\\/\",\"name\":\"EMS Produkte mit h\u00f6chster Qualit\u00e4t I TPS Elektronik GmbH\",\"isPartOf\":{\"@id\":\"https:\\\/\\\/tps-elektronik.com\\\/es\\\/#website\"},\"primaryImageOfPage\":{\"@id\":\"https:\\\/\\\/tps-elektronik.com\\\/es\\\/produkte\\\/#primaryimage\"},\"image\":{\"@id\":\"https:\\\/\\\/tps-elektronik.com\\\/es\\\/produkte\\\/#primaryimage\"},\"thumbnailUrl\":\"https:\\\/\\\/tps-elektronik.com\\\/wp-content\\\/uploads\\\/2025\\\/04\\\/platzhalter-img-header-unterseiten.jpg\",\"datePublished\":\"2025-04-28T13:53:39+00:00\",\"dateModified\":\"2025-07-04T09:37:12+00:00\",\"description\":\"Als Auftragsfertiger von Ger\u00e4ten f\u00fcr die Leistungselektronikindustrie legen wir, das TPS Elektronik Team, gro\u00dfen Wert auf Qualit\u00e4t. Lernen Sie uns kennen.\",\"breadcrumb\":{\"@id\":\"https:\\\/\\\/tps-elektronik.com\\\/es\\\/produkte\\\/#breadcrumb\"},\"inLanguage\":\"es\",\"potentialAction\":[{\"@type\":\"ReadAction\",\"target\":[\"https:\\\/\\\/tps-elektronik.com\\\/es\\\/produkte\\\/\"]}]},{\"@type\":\"ImageObject\",\"inLanguage\":\"es\",\"@id\":\"https:\\\/\\\/tps-elektronik.com\\\/es\\\/produkte\\\/#primaryimage\",\"url\":\"https:\\\/\\\/tps-elektronik.com\\\/wp-content\\\/uploads\\\/2025\\\/04\\\/platzhalter-img-header-unterseiten.jpg\",\"contentUrl\":\"https:\\\/\\\/tps-elektronik.com\\\/wp-content\\\/uploads\\\/2025\\\/04\\\/platzhalter-img-header-unterseiten.jpg\",\"width\":1920,\"height\":817},{\"@type\":\"BreadcrumbList\",\"@id\":\"https:\\\/\\\/tps-elektronik.com\\\/es\\\/produkte\\\/#breadcrumb\",\"itemListElement\":[{\"@type\":\"ListItem\",\"position\":1,\"name\":\"Startseite\",\"item\":\"https:\\\/\\\/tps-elektronik.com\\\/es\\\/\"},{\"@type\":\"ListItem\",\"position\":2,\"name\":\"Produkte\"}]},{\"@type\":\"WebSite\",\"@id\":\"https:\\\/\\\/tps-elektronik.com\\\/es\\\/#website\",\"url\":\"https:\\\/\\\/tps-elektronik.com\\\/es\\\/\",\"name\":\"TPS\",\"description\":\"\",\"potentialAction\":[{\"@type\":\"SearchAction\",\"target\":{\"@type\":\"EntryPoint\",\"urlTemplate\":\"https:\\\/\\\/tps-elektronik.com\\\/es\\\/?s={search_term_string}\"},\"query-input\":{\"@type\":\"PropertyValueSpecification\",\"valueRequired\":true,\"valueName\":\"search_term_string\"}}],\"inLanguage\":\"es\"}]}<\/script>\n<!-- \/ Yoast SEO plugin. -->","yoast_head_json":{"title":"EMS Produkte mit h\u00f6chster Qualit\u00e4t I TPS Elektronik GmbH","description":"Als Auftragsfertiger von Ger\u00e4ten f\u00fcr die Leistungselektronikindustrie legen wir, das TPS Elektronik Team, gro\u00dfen Wert auf Qualit\u00e4t. Lernen Sie uns kennen.","robots":{"index":"index","follow":"follow","max-snippet":"max-snippet:-1","max-image-preview":"max-image-preview:large","max-video-preview":"max-video-preview:-1"},"canonical":"https:\/\/tps-elektronik.com\/es\/produkte\/","og_locale":"es_ES","og_type":"article","og_title":"EMS Produkte mit h\u00f6chster Qualit\u00e4t I TPS Elektronik GmbH","og_description":"Als Auftragsfertiger von Ger\u00e4ten f\u00fcr die Leistungselektronikindustrie legen wir, das TPS Elektronik Team, gro\u00dfen Wert auf Qualit\u00e4t. Lernen Sie uns kennen.","og_url":"https:\/\/tps-elektronik.com\/es\/produkte\/","og_site_name":"TPS","article_modified_time":"2025-07-04T09:37:12+00:00","og_image":[{"width":1692,"height":720,"url":"https:\/\/tps-elektronik.com\/wp-content\/uploads\/2025\/05\/tps-elektronik-ems-service-pcb-bestueckung.jpg","type":"image\/jpeg"}],"twitter_card":"summary_large_image","twitter_misc":{"Tiempo de lectura":"2 minutos"},"schema":{"@context":"https:\/\/schema.org","@graph":[{"@type":"WebPage","@id":"https:\/\/tps-elektronik.com\/es\/produkte\/","url":"https:\/\/tps-elektronik.com\/es\/produkte\/","name":"EMS Produkte mit h\u00f6chster Qualit\u00e4t I TPS Elektronik GmbH","isPartOf":{"@id":"https:\/\/tps-elektronik.com\/es\/#website"},"primaryImageOfPage":{"@id":"https:\/\/tps-elektronik.com\/es\/produkte\/#primaryimage"},"image":{"@id":"https:\/\/tps-elektronik.com\/es\/produkte\/#primaryimage"},"thumbnailUrl":"https:\/\/tps-elektronik.com\/wp-content\/uploads\/2025\/04\/platzhalter-img-header-unterseiten.jpg","datePublished":"2025-04-28T13:53:39+00:00","dateModified":"2025-07-04T09:37:12+00:00","description":"Als Auftragsfertiger von Ger\u00e4ten f\u00fcr die Leistungselektronikindustrie legen wir, das TPS Elektronik Team, gro\u00dfen Wert auf Qualit\u00e4t. Lernen Sie uns kennen.","breadcrumb":{"@id":"https:\/\/tps-elektronik.com\/es\/produkte\/#breadcrumb"},"inLanguage":"es","potentialAction":[{"@type":"ReadAction","target":["https:\/\/tps-elektronik.com\/es\/produkte\/"]}]},{"@type":"ImageObject","inLanguage":"es","@id":"https:\/\/tps-elektronik.com\/es\/produkte\/#primaryimage","url":"https:\/\/tps-elektronik.com\/wp-content\/uploads\/2025\/04\/platzhalter-img-header-unterseiten.jpg","contentUrl":"https:\/\/tps-elektronik.com\/wp-content\/uploads\/2025\/04\/platzhalter-img-header-unterseiten.jpg","width":1920,"height":817},{"@type":"BreadcrumbList","@id":"https:\/\/tps-elektronik.com\/es\/produkte\/#breadcrumb","itemListElement":[{"@type":"ListItem","position":1,"name":"Startseite","item":"https:\/\/tps-elektronik.com\/es\/"},{"@type":"ListItem","position":2,"name":"Produkte"}]},{"@type":"WebSite","@id":"https:\/\/tps-elektronik.com\/es\/#website","url":"https:\/\/tps-elektronik.com\/es\/","name":"TPS","description":"","potentialAction":[{"@type":"SearchAction","target":{"@type":"EntryPoint","urlTemplate":"https:\/\/tps-elektronik.com\/es\/?s={search_term_string}"},"query-input":{"@type":"PropertyValueSpecification","valueRequired":true,"valueName":"search_term_string"}}],"inLanguage":"es"}]}},"_links":{"self":[{"href":"https:\/\/tps-elektronik.com\/es\/wp-json\/wp\/v2\/pages\/14","targetHints":{"allow":["GET"]}}],"collection":[{"href":"https:\/\/tps-elektronik.com\/es\/wp-json\/wp\/v2\/pages"}],"about":[{"href":"https:\/\/tps-elektronik.com\/es\/wp-json\/wp\/v2\/types\/page"}],"author":[{"embeddable":true,"href":"https:\/\/tps-elektronik.com\/es\/wp-json\/wp\/v2\/users\/1"}],"replies":[{"embeddable":true,"href":"https:\/\/tps-elektronik.com\/es\/wp-json\/wp\/v2\/comments?post=14"}],"version-history":[{"count":3,"href":"https:\/\/tps-elektronik.com\/es\/wp-json\/wp\/v2\/pages\/14\/revisions"}],"predecessor-version":[{"id":1056,"href":"https:\/\/tps-elektronik.com\/es\/wp-json\/wp\/v2\/pages\/14\/revisions\/1056"}],"wp:featuredmedia":[{"embeddable":true,"href":"https:\/\/tps-elektronik.com\/es\/wp-json\/wp\/v2\/media\/43"}],"wp:attachment":[{"href":"https:\/\/tps-elektronik.com\/es\/wp-json\/wp\/v2\/media?parent=14"}],"curies":[{"name":"wp","href":"https:\/\/api.w.org\/{rel}","templated":true}]}}