{"id":11060,"date":"2025-04-28T15:55:38","date_gmt":"2025-04-28T13:55:38","guid":{"rendered":"https:\/\/tps-elektronik.com\/aviso-legal\/"},"modified":"2026-04-15T13:30:49","modified_gmt":"2026-04-15T11:30:49","slug":"aviso-legal","status":"publish","type":"page","link":"https:\/\/tps-elektronik.com\/es\/aviso-legal\/","title":{"rendered":"Aviso legal"},"content":{"rendered":"\n<div class=\"wp-block-columns is-layout-flex wp-container-core-columns-is-layout-9d6595d7 wp-block-columns-is-layout-flex\">\n<div class=\"wp-block-column is-layout-flow wp-block-column-is-layout-flow\">\n<p><strong>TPS Elektronik GmbH<\/strong><br\/>Senefelderstra\u00dfe 8<br\/>D-41066 M\u00f6nchengladbach<br\/><\/p>\n\n\n\n<p>Responsable del contenido<\/p>\n\n\n\n<p><strong>TPS Elektronik GmbH<\/strong><br\/>Senefelderstra\u00dfe 8<br\/>D-41066 M\u00f6nchengladbach<\/p>\n\n\n\n<p><strong>Tel.:<\/strong>\u00a0+49 (0) 21 61 &#8211; 49 52 6 &#8211; 0<br\/><strong>Fax:<\/strong>\u00a0+49 (0) 21 61 &#8211; 49 52 6 &#8211; 29<br\/><strong>E-Mail<\/strong>:\u00a0<a href=\"mailto:office@tps-elektronik.com\">office@tps-elektronik.com<\/a><br\/><strong>Web<\/strong>:\u00a0<a href=\"http:\/\/www.tps-elektronik.com\" target=\"_blank\" rel=\"noopener noreferrer nofollow\">http:\/\/www.tps-elektronik.com<\/a><\/p>\n\n\n\n<p>Managing Director: Dipl. Ing. Zhiyi Li<\/p>\n\n\n\n<p>Inscripci\u00f3n en el Registro Mercantil.<br\/>Juzgado de registro: Juzgado de Primera Instancia de M\u00f6nchengladbach<br\/>N\u00famero de registro: HRB 6392<\/p>\n\n\n\n<p>N\u00famero de identificaci\u00f3n fiscal de conformidad con el art\u00edculo 27 a de la Ley del Impuesto sobre el Valor A\u00f1adido:<br\/>DE 209 364 155<\/p>\n\n\n\n<p><strong>Persona de contacto<\/strong> (responsable del contenido):<br\/>Ing. Zhiyi Li<\/p>\n\n\n\n<p>Aviso legal<\/p>\n\n\n\n<p><strong>Dispute resolution<\/strong><\/p>\n\n\n\n<p>La Comisi\u00f3n Europea ofrece una plataforma para la resoluci\u00f3n de litigios en l\u00ednea (ODR): https:\/\/ec.europa.eu\/consumers\/odr.<\/p>\n\n\n\n<p>Desde el 20 de marzo de 2025, ya no es posible presentar reclamaciones a trav\u00e9s de la plataforma ODR.<\/p>\n\n\n\n<p>Puedes encontrar nuestra direcci\u00f3n de correo electr\u00f3nico en el aviso legal que aparece m\u00e1s arriba.<\/p>\n\n\n\n<p>Resoluci\u00f3n de litigios en materia de consumo<\/p>\n\n\n\n<p>No estamos dispuestos ni obligados a participar en procedimientos de resoluci\u00f3n de litigios ante una junta de arbitraje de consumo.<\/p>\n\n\n\n<p>Responsabilidad por los contenidos<br\/>Como prestadores de servicios, somos responsables de nuestros propios contenidos en estas p\u00e1ginas, de conformidad con el art\u00edculo 5 de la DDG y la legislaci\u00f3n general. Sin embargo, como prestadores de servicios, no estamos obligados a supervisar la informaci\u00f3n de terceros que se transmita o almacene, ni a investigar circunstancias que indiquen una actividad ilegal.<\/p>\n\n\n\n<p>Esto no afecta a la obligaci\u00f3n de eliminar o bloquear el uso de la informaci\u00f3n de conformidad con la legislaci\u00f3n general. No obstante, solo se podr\u00e1 exigir responsabilidad al respecto a partir del momento en que se tenga conocimiento de una infracci\u00f3n concreta. Tan pronto como tengamos conocimiento de tales infracciones, eliminaremos dicho contenido de inmediato.<\/p>\n\n\n\n<p>Responsabilidad por los enlaces<br\/>Nuestro sitio web contiene enlaces a sitios web externos de terceros sobre cuyo contenido no tenemos ninguna influencia. Por lo tanto, no podemos asumir ninguna responsabilidad por dichos contenidos de terceros. El proveedor u operador correspondiente de las p\u00e1ginas es siempre responsable del contenido de las p\u00e1ginas enlazadas. En el momento de establecer el enlace, se comprob\u00f3 que las p\u00e1ginas enlazadas no infringieran la ley. En ese momento no se detect\u00f3 ning\u00fan contenido ilegal.<\/p>\n\n\n\n<p>No obstante, no resulta razonable llevar a cabo un control permanente del contenido de las p\u00e1ginas enlazadas sin pruebas concretas de una infracci\u00f3n. Si tuvi\u00e9ramos conocimiento de alguna infracci\u00f3n legal, eliminar\u00edamos dichos enlaces de inmediato.<\/p>\n\n\n\n<p>Derechos de autor<br\/>Los contenidos y las obras creadas por los administradores del sitio web en estas p\u00e1ginas est\u00e1n sujetos a la legislaci\u00f3n alemana en materia de derechos de autor. La reproducci\u00f3n, el tratamiento, la distribuci\u00f3n y cualquier tipo de uso fuera de los l\u00edmites establecidos por la ley de derechos de autor requieren el consentimiento por escrito del autor o creador correspondiente. Las descargas y copias de este sitio web solo est\u00e1n permitidas para uso privado y no comercial.<\/p>\n\n\n\n<p>En la medida en que los contenidos de este sitio web no hayan sido creados por el operador, se respetan los derechos de autor de terceros. En particular, los contenidos de terceros se identifican como tales. No obstante, si detectara alguna infracci\u00f3n de los derechos de autor, le rogamos que nos lo comunique. Si tuvi\u00e9ramos conocimiento de alguna infracci\u00f3n, eliminaremos dichos contenidos de inmediato.<\/p>\n\n\n\n<p><\/p>\n<\/div>\n<\/div>\n","protected":false},"excerpt":{"rendered":"<p>TPS Elektronik GmbHSenefelderstra\u00dfe 8D-41066 M\u00f6nchengladbach Responsable del contenido TPS Elektronik GmbHSenefelderstra\u00dfe 8D-41066 M\u00f6nchengladbach Tel.:\u00a0+49 (0) 21 61 &#8211; 49 52 6 &#8211; 0Fax:\u00a0+49 (0) 21 61 &#8211; 49 52 6 &#8211; 29E-Mail:\u00a0office@tps-elektronik.comWeb:\u00a0http:\/\/www.tps-elektronik.com Managing Director: Dipl. Ing. Zhiyi Li Inscripci\u00f3n en el Registro Mercantil.Juzgado de registro: Juzgado de Primera Instancia de M\u00f6nchengladbachN\u00famero de registro: HRB 6392\u2026 <a href=\"https:\/\/tps-elektronik.com\/es\/aviso-legal\/\">Read More &raquo;<\/a><\/p>\n","protected":false},"author":1,"featured_media":0,"parent":0,"menu_order":98,"comment_status":"closed","ping_status":"closed","template":"page-rechtliches.php","meta":{"_acf_changed":false,"footnotes":""},"class_list":["post-11060","page","type-page","status-publish","hentry"],"acf":[],"yoast_head":"<!-- This site is optimized with the Yoast SEO plugin v27.4 - https:\/\/yoast.com\/product\/yoast-seo-wordpress\/ -->\n<title>Aviso legal de TPS Elektronik GmbH en Alemania<\/title>\n<meta name=\"description\" content=\"Aqu\u00ed encontrar\u00e1 toda la informaci\u00f3n legal relativa a nuestra sede y nuestro sitio web: TPS Elektronik GmbH, Senefelderstra\u00dfe 8, 41066 M\u00f6nchengladbach\" \/>\n<meta name=\"robots\" content=\"index, follow, max-snippet:-1, max-image-preview:large, max-video-preview:-1\" \/>\n<link rel=\"canonical\" href=\"https:\/\/tps-elektronik.com\/es\/aviso-legal\/\" \/>\n<meta property=\"og:locale\" content=\"es_ES\" \/>\n<meta property=\"og:type\" content=\"article\" \/>\n<meta property=\"og:title\" content=\"Aviso legal de TPS Elektronik GmbH en Alemania\" \/>\n<meta property=\"og:description\" content=\"Aqu\u00ed encontrar\u00e1 toda la informaci\u00f3n legal relativa a nuestra sede y nuestro sitio web: TPS Elektronik GmbH, Senefelderstra\u00dfe 8, 41066 M\u00f6nchengladbach\" \/>\n<meta property=\"og:url\" content=\"https:\/\/tps-elektronik.com\/es\/aviso-legal\/\" \/>\n<meta property=\"og:site_name\" content=\"TPS\" \/>\n<meta property=\"article:modified_time\" content=\"2026-04-15T11:30:49+00:00\" \/>\n<meta property=\"og:image\" content=\"https:\/\/tps-elektronik.com\/wp-content\/uploads\/2025\/06\/tps-elektronik-platzhalter-historie.jpg\" \/>\n<meta name=\"twitter:card\" content=\"summary_large_image\" \/>\n<meta name=\"twitter:label1\" content=\"Tiempo de lectura\" \/>\n\t<meta name=\"twitter:data1\" content=\"3 minutos\" \/>\n<script type=\"application\/ld+json\" class=\"yoast-schema-graph\">{\"@context\":\"https:\\\/\\\/schema.org\",\"@graph\":[{\"@type\":\"WebPage\",\"@id\":\"https:\\\/\\\/tps-elektronik.com\\\/es\\\/aviso-legal\\\/\",\"url\":\"https:\\\/\\\/tps-elektronik.com\\\/es\\\/aviso-legal\\\/\",\"name\":\"Aviso legal de TPS Elektronik GmbH en Alemania\",\"isPartOf\":{\"@id\":\"https:\\\/\\\/tps-elektronik.com\\\/es\\\/#website\"},\"datePublished\":\"2025-04-28T13:55:38+00:00\",\"dateModified\":\"2026-04-15T11:30:49+00:00\",\"description\":\"Aqu\u00ed encontrar\u00e1 toda la informaci\u00f3n legal relativa a nuestra sede y nuestro sitio web: TPS Elektronik GmbH, Senefelderstra\u00dfe 8, 41066 M\u00f6nchengladbach\",\"breadcrumb\":{\"@id\":\"https:\\\/\\\/tps-elektronik.com\\\/es\\\/aviso-legal\\\/#breadcrumb\"},\"inLanguage\":\"es\",\"potentialAction\":[{\"@type\":\"ReadAction\",\"target\":[\"https:\\\/\\\/tps-elektronik.com\\\/es\\\/aviso-legal\\\/\"]}]},{\"@type\":\"BreadcrumbList\",\"@id\":\"https:\\\/\\\/tps-elektronik.com\\\/es\\\/aviso-legal\\\/#breadcrumb\",\"itemListElement\":[{\"@type\":\"ListItem\",\"position\":1,\"name\":\"Startseite\",\"item\":\"https:\\\/\\\/tps-elektronik.com\\\/es\\\/\"},{\"@type\":\"ListItem\",\"position\":2,\"name\":\"Aviso legal\"}]},{\"@type\":\"WebSite\",\"@id\":\"https:\\\/\\\/tps-elektronik.com\\\/es\\\/#website\",\"url\":\"https:\\\/\\\/tps-elektronik.com\\\/es\\\/\",\"name\":\"TPS\",\"description\":\"\",\"potentialAction\":[{\"@type\":\"SearchAction\",\"target\":{\"@type\":\"EntryPoint\",\"urlTemplate\":\"https:\\\/\\\/tps-elektronik.com\\\/es\\\/?s={search_term_string}\"},\"query-input\":{\"@type\":\"PropertyValueSpecification\",\"valueRequired\":true,\"valueName\":\"search_term_string\"}}],\"inLanguage\":\"es\"}]}<\/script>\n<!-- \/ Yoast SEO plugin. -->","yoast_head_json":{"title":"Aviso legal de TPS Elektronik GmbH en Alemania","description":"Aqu\u00ed encontrar\u00e1 toda la informaci\u00f3n legal relativa a nuestra sede y nuestro sitio web: TPS Elektronik GmbH, Senefelderstra\u00dfe 8, 41066 M\u00f6nchengladbach","robots":{"index":"index","follow":"follow","max-snippet":"max-snippet:-1","max-image-preview":"max-image-preview:large","max-video-preview":"max-video-preview:-1"},"canonical":"https:\/\/tps-elektronik.com\/es\/aviso-legal\/","og_locale":"es_ES","og_type":"article","og_title":"Aviso legal de TPS Elektronik GmbH en Alemania","og_description":"Aqu\u00ed encontrar\u00e1 toda la informaci\u00f3n legal relativa a nuestra sede y nuestro sitio web: TPS Elektronik GmbH, Senefelderstra\u00dfe 8, 41066 M\u00f6nchengladbach","og_url":"https:\/\/tps-elektronik.com\/es\/aviso-legal\/","og_site_name":"TPS","article_modified_time":"2026-04-15T11:30:49+00:00","og_image":[{"url":"https:\/\/tps-elektronik.com\/wp-content\/uploads\/2025\/06\/tps-elektronik-platzhalter-historie.jpg","type":"","width":"","height":""}],"twitter_card":"summary_large_image","twitter_misc":{"Tiempo de lectura":"3 minutos"},"schema":{"@context":"https:\/\/schema.org","@graph":[{"@type":"WebPage","@id":"https:\/\/tps-elektronik.com\/es\/aviso-legal\/","url":"https:\/\/tps-elektronik.com\/es\/aviso-legal\/","name":"Aviso legal de TPS Elektronik GmbH en Alemania","isPartOf":{"@id":"https:\/\/tps-elektronik.com\/es\/#website"},"datePublished":"2025-04-28T13:55:38+00:00","dateModified":"2026-04-15T11:30:49+00:00","description":"Aqu\u00ed encontrar\u00e1 toda la informaci\u00f3n legal relativa a nuestra sede y nuestro sitio web: TPS Elektronik GmbH, Senefelderstra\u00dfe 8, 41066 M\u00f6nchengladbach","breadcrumb":{"@id":"https:\/\/tps-elektronik.com\/es\/aviso-legal\/#breadcrumb"},"inLanguage":"es","potentialAction":[{"@type":"ReadAction","target":["https:\/\/tps-elektronik.com\/es\/aviso-legal\/"]}]},{"@type":"BreadcrumbList","@id":"https:\/\/tps-elektronik.com\/es\/aviso-legal\/#breadcrumb","itemListElement":[{"@type":"ListItem","position":1,"name":"Startseite","item":"https:\/\/tps-elektronik.com\/es\/"},{"@type":"ListItem","position":2,"name":"Aviso legal"}]},{"@type":"WebSite","@id":"https:\/\/tps-elektronik.com\/es\/#website","url":"https:\/\/tps-elektronik.com\/es\/","name":"TPS","description":"","potentialAction":[{"@type":"SearchAction","target":{"@type":"EntryPoint","urlTemplate":"https:\/\/tps-elektronik.com\/es\/?s={search_term_string}"},"query-input":{"@type":"PropertyValueSpecification","valueRequired":true,"valueName":"search_term_string"}}],"inLanguage":"es"}]}},"_links":{"self":[{"href":"https:\/\/tps-elektronik.com\/es\/wp-json\/wp\/v2\/pages\/11060","targetHints":{"allow":["GET"]}}],"collection":[{"href":"https:\/\/tps-elektronik.com\/es\/wp-json\/wp\/v2\/pages"}],"about":[{"href":"https:\/\/tps-elektronik.com\/es\/wp-json\/wp\/v2\/types\/page"}],"author":[{"embeddable":true,"href":"https:\/\/tps-elektronik.com\/es\/wp-json\/wp\/v2\/users\/1"}],"replies":[{"embeddable":true,"href":"https:\/\/tps-elektronik.com\/es\/wp-json\/wp\/v2\/comments?post=11060"}],"version-history":[{"count":1,"href":"https:\/\/tps-elektronik.com\/es\/wp-json\/wp\/v2\/pages\/11060\/revisions"}],"predecessor-version":[{"id":11061,"href":"https:\/\/tps-elektronik.com\/es\/wp-json\/wp\/v2\/pages\/11060\/revisions\/11061"}],"wp:attachment":[{"href":"https:\/\/tps-elektronik.com\/es\/wp-json\/wp\/v2\/media?parent=11060"}],"curies":[{"name":"wp","href":"https:\/\/api.w.org\/{rel}","templated":true}]}}