{"id":11058,"date":"2025-04-28T15:56:22","date_gmt":"2025-04-28T13:56:22","guid":{"rendered":"https:\/\/tps-elektronik.com\/condiciones-generales\/"},"modified":"2026-04-15T12:03:59","modified_gmt":"2026-04-15T10:03:59","slug":"condiciones-generales","status":"publish","type":"page","link":"https:\/\/tps-elektronik.com\/es\/condiciones-generales\/","title":{"rendered":"Condiciones generales"},"content":{"rendered":"\n<div class=\"wp-block-columns is-layout-flex wp-container-core-columns-is-layout-9d6595d7 wp-block-columns-is-layout-flex\">\n<div class=\"wp-block-column is-layout-flow wp-block-column-is-layout-flow\">\n<p><strong>GENERAL<\/strong><br\/>Las entregas las realizamos exclusivamente de conformidad con las presentes condiciones de venta. Al aceptar nuestra oferta, el cliente acepta estas condiciones, incluso en caso de que contradigan, total o parcialmente, sus propias condiciones. Si el cliente no desea aceptar nuestras condiciones, deber\u00e1 rechazar nuestra oferta.<\/p>\n\n\n\n<p><strong>1 REALIZACI\u00d3N DEL PEDIDO<\/strong><br\/>Nuestras ofertas est\u00e1n sujetas a cambios. Podemos aceptar los pedidos y las \u00f3rdenes de compra de nuestros clientes mediante notificaci\u00f3n expresa por escrito, por fax, verbalmente o por tel\u00e9fono, o mediante el env\u00edo directo e inmediato de la mercanc\u00eda en un plazo de 8 d\u00edas. Tenemos derecho a rescindir los contratos si se ha producido un deterioro significativo de la situaci\u00f3n financiera del comprador, se ha presentado una solicitud de insolvencia o de concurso de acreedores, o si la parte contratante se encuentra en mora en el pago de un env\u00edo.<\/p>\n\n\n\n<p><strong>2 TRANSPORTE<\/strong><br\/>El riesgo del transporte correr\u00e1 a cargo del destinatario, incluso en caso de entrega a portes pagados. Nos reservamos el derecho a decidir la forma de env\u00edo (ruta de transporte). Salvo que el cliente indique expresamente lo contrario por escrito, la mercanc\u00eda ser\u00e1 asegurada obligatoriamente por nosotros para el transporte. Los da\u00f1os y p\u00e9rdidas durante el transporte deber\u00e1n comunicarse de inmediato. El comprador est\u00e1 obligado, asimismo, a aceptar entregas parciales sin necesidad de su consentimiento expreso previo.<\/p>\n\n\n\n<p><strong>3A DISPOSICIONES DE LA GARANT\u00cdA<\/strong><br\/>El plazo de garant\u00eda es de 24 meses a partir de la entrega desde nuestro almac\u00e9n. Para hacer valer una reclamaci\u00f3n de garant\u00eda, por lo general es necesario adjuntar una descripci\u00f3n del defecto, indicando el modelo y el n\u00famero de serie, as\u00ed como una copia del albar\u00e1n de entrega o de la factura con la que se entreg\u00f3 el dispositivo, junto con la pieza defectuosa. La garant\u00eda no da lugar a nuevos plazos de garant\u00eda. Quedan excluidos de la garant\u00eda los signos de desgaste y las consecuencias de un uso inadecuado de la mercanc\u00eda por parte del cliente. Nuestra obligaci\u00f3n de garant\u00eda expira si el cliente no nos notifica por escrito los defectos evidentes en el plazo de una semana desde la recepci\u00f3n de la mercanc\u00eda. No es posible el cambio anticipado. Las devoluciones deben enviarse a portes pagados. La obligaci\u00f3n de garant\u00eda de TPS Elektronik GmbH se limita a la reparaci\u00f3n de la mercanc\u00eda en cuesti\u00f3n. Si la reparaci\u00f3n fracasa, se realizar\u00e1 una entrega posterior (entrega de sustituci\u00f3n). A partir de ese momento, el comprador tiene derecho a la rescisi\u00f3n del contrato o a una reducci\u00f3n del precio sin restricciones.<\/p>\n\n\n\n<p><strong>3B OTRAS DISPOSICIONES RELATIVAS A LA GARANT\u00cdA<\/strong><br\/>TPS Elektronik GmbH cede al cliente de TPS Elektronik GmbH los derechos de garant\u00eda que le corresponden frente a sus proveedores. Cualquier reclamaci\u00f3n de garant\u00eda que los clientes interpongan contra TPS Elektronik GmbH estar\u00e1 supeditada al ejercicio previo de acciones legales contra los proveedores de TPS Elektronik GmbH. TPS Elektronik GmbH solo responder\u00e1 en virtud de la garant\u00eda en caso de que las acciones legales previas contra los proveedores no prosperen.<\/p>\n\n\n\n<p><strong>3C RESPONSABILIDAD<\/strong><br\/>Quedan excluidas las reclamaciones por da\u00f1os y perjuicios presentadas por el cliente derivadas de culpa in contrahendo, del incumplimiento de obligaciones contractuales accesorias derivadas de un incumplimiento positivo del contrato, en particular por da\u00f1os indirectos, salvo que se basen en dolo o negligencia grave por nuestra parte o por parte de nuestros auxiliares ejecutivos. En lo que respecta a los productos fabricados por TPS Elektronik GmbH, queda excluida cualquier reclamaci\u00f3n derivada de la responsabilidad del fabricante en la medida en que se refiera a un cliente directo.<\/p>\n\n\n\n<p><strong>3D INDEMNIZACI\u00d3N POR GARANT\u00cdA<\/strong><br\/>La obligaci\u00f3n de garant\u00eda de TPS Elektronik GmbH quedar\u00e1 sin efecto en caso de que se haya aplicado o concedido de forma visible un descuento por garant\u00eda sobre el precio de compra.<\/p>\n\n\n\n<p><strong>4 PLAZO DE ENTREGA<\/strong><br\/>El plazo de entrega comenzar\u00e1 tan pronto como se haya llegado a un acuerdo sobre todas las condiciones del pedido y se hayan aclarado todas las modalidades contractuales. Solo se podr\u00e1n presentar reclamaciones por incumplimiento de un plazo de entrega si se ha fijado un plazo de gracia de al menos dos semanas mediante carta certificada y dicho plazo de gracia tampoco se ha respetado. Las interrupciones operativas \u2014independientemente del \u00e1mbito y de la causa\u2014 nos eximir\u00e1n de la obligaci\u00f3n de cumplir determinados plazos de entrega acordados. Dar\u00e1n derecho al cliente a rescindir el contrato en su totalidad o en parte. Quedan excluidas las reclamaciones por da\u00f1os y perjuicios.<\/p>\n\n\n\n<p>5 PRECIOS<br\/>Los precios est\u00e1n sujetos a cambios.<\/p>\n\n\n\n<p><strong>6. PAGO<\/strong><br\/>El env\u00edo se realizar\u00e1 tras recibir el pago por adelantado. Se admiten otras formas de pago previo acuerdo.<\/p>\n\n\n\n<p>Una vez vencidas nuestras condiciones de pago, el comprador se compromete a abonar intereses sobre nuestra deuda a un tipo del 5 % por encima del tipo de descuento del Deutsche Bundesbank, sin necesidad de requerimiento especial. Esto no excluye la reclamaci\u00f3n de otros da\u00f1os y perjuicios causados por el incumplimiento. Cualquier acuerdo en contrario deber\u00e1 formalizarse por escrito. A menos que se hayan acordado otras condiciones de pago expresas, el vendedor est\u00e1 autorizado a cobrar el precio de compra al comprador mediante domiciliaci\u00f3n bancaria. Por la presente, el comprador autoriza al vendedor a cobrar el precio de compra mediante domiciliaci\u00f3n bancaria. Cualquier acuerdo en contrario deber\u00e1 formalizarse por escrito.<\/p>\n\n\n\n<p><strong>7 RESERVA DE PROPIEDAD<\/strong><br\/>El vendedor se reserva la propiedad de la mercanc\u00eda hasta que se hayan liquidado todas las deudas del comprador con el vendedor derivadas de la relaci\u00f3n comercial, incluidas las deudas futuras derivadas de contratos celebrados simult\u00e1neamente o posteriormente. La reserva de propiedad se extender\u00e1 tambi\u00e9n al saldo reconocido, en la medida en que las deudas frente a la parte contratante se contabilicen en una cuenta corriente. (reserva de cuenta corriente)<br\/>En caso de incumplimiento grave del contrato, en particular de impago, TPS Elektronik GmbH tendr\u00e1 derecho a recuperar la mercanc\u00eda entregada. El comprador est\u00e1 obligado a entregar la mercanc\u00eda. La recuperaci\u00f3n de un art\u00edculo entregado no constituye una rescisi\u00f3n del contrato, a menos que TPS Elektronik GmbH lo haya declarado expresamente por escrito. En caso de que se embargue el art\u00edculo entregado por TPS Elektronik GmbH, se deber\u00e1 informar inmediatamente a TPS Elektronik GmbH y se deber\u00e1 notificar a la parte que haya llevado a cabo el embargo, a fin de que se puedan emprender acciones legales de conformidad con el art\u00edculo 771 del C\u00f3digo de Procedimiento Civil alem\u00e1n (ZPO).<\/p>\n\n\n\n<p>El cliente deber\u00e1 custodiar la mercanc\u00eda sujeta a reserva de dominio con el debido cuidado comercial en nombre de TPS Elektronik GmbH y asegurarla adecuadamente contra incendios, da\u00f1os por agua, robo y otros riesgos de responsabilidad civil, corriendo con los gastos correspondientes. Por la presente, el cliente cede a TPS Elektronik GmbH sus derechos derivados de los contratos de seguro. TPS Elektronik GmbH acepta dicha cesi\u00f3n.<br\/>Si el comprador abona el precio de compra mediante letra de cambio o cheque, ello solo constituir\u00e1 un cr\u00e9dito del vendedor en virtud de la letra de cambio o del cheque. La reserva de dominio, as\u00ed como los cr\u00e9ditos derivados de la entrega de la mercanc\u00eda o los cr\u00e9ditos derivados de la reserva de dominio ampliada, solo expirar\u00e1n cuando el comprador, en su calidad de librado, haya abonado la letra de cambio o el cheque.<br\/>El comprador est\u00e1 autorizado a revender la mercanc\u00eda sujeta a reserva de dominio en el curso normal de sus actividades comerciales. Por la presente, cede a TPS Elektronik GmbH todos los derechos derivados de la reventa frente a clientes o terceros, independientemente de si el objeto de entrega se ha revendido con o sin acuerdo. TPS Elektronik GmbH acepta por la presente la cesi\u00f3n.<\/p>\n\n\n\n<p>Si los bienes sujetos a reserva de dominio se venden sin transformar o, tras su transformaci\u00f3n, en combinaci\u00f3n con art\u00edculos que son propiedad exclusiva del Comprador, el Comprador cede por la presente al Vendedor la totalidad del cr\u00e9dito derivado de la reventa. Si el Comprador vende la mercanc\u00eda sujeta a reserva de dominio tras su transformaci\u00f3n o combinaci\u00f3n con mercanc\u00edas que no pertenecen al Vendedor, el Comprador cede por la presente los cr\u00e9ditos derivados de la reventa por el importe del valor de la mercanc\u00eda sujeta a reserva de dominio, con todos los derechos accesorios y con prioridad sobre el resto. El Vendedor acepta la cesi\u00f3n.<\/p>\n\n\n\n<p>El comprador est\u00e1 autorizado a cobrar este cr\u00e9dito incluso tras la cesi\u00f3n. La autorizaci\u00f3n del vendedor para cobrar \u00e9l mismo el cr\u00e9dito no se ve afectada por ello. No obstante, el vendedor se compromete a no cobrar el cr\u00e9dito mientras el comprador cumpla con sus obligaciones de pago y de otro tipo. El vendedor podr\u00e1 exigir que el comprador le informe de los cr\u00e9ditos cedidos y de sus deudores, le facilite toda la informaci\u00f3n necesaria para el cobro y le entregue los documentos correspondientes, en particular los pedidos de los clientes, las copias de las confirmaciones de pedido y las copias de las facturas, y que el comprador informe a sus deudores de la cesi\u00f3n a TPS Elektronik GmbH.<br\/>El procesamiento o la transformaci\u00f3n de la mercanc\u00eda sujeta a reserva de dominio lo lleva a cabo siempre el comprador por cuenta del vendedor. Si la mercanc\u00eda sujeta a reserva de dominio se procesa con art\u00edculos de propiedad exclusiva del comprador o con art\u00edculos para los que no existe una reserva de dominio ampliada, el vendedor tendr\u00e1 derecho a la propiedad exclusiva del nuevo art\u00edculo. Si la mercanc\u00eda reservada se transforma con otros elementos que no pertenecen al vendedor, este tendr\u00e1 derecho a la copropiedad del nuevo elemento en la proporci\u00f3n del valor de la mercanc\u00eda reservada respecto a los dem\u00e1s elementos transformados en el momento de la transformaci\u00f3n.<br\/>Si el valor de las garant\u00edas existentes excede en m\u00e1s de un 15 % los cr\u00e9ditos que deben garantizarse, el vendedor estar\u00e1 obligado a liberarlas a petici\u00f3n del comprador.<\/p>\n<\/div>\n\n\n\n<div class=\"wp-block-column is-layout-flow wp-block-column-is-layout-flow\">\n<p><strong>8 LUGAR DE CUMPLIMIENTO Y JURISDICCI\u00d3N<\/strong><br\/>El lugar de cumplimiento para el pago y la entrega para ambas partes contratantes es M\u00f6nchengladbach. La jurisdicci\u00f3n competente es M\u00f6nchengladbach. En caso de que otros t\u00e9rminos y condiciones indiquen jurisdicciones diferentes, se acuerda por la presente que M\u00f6nchengladbach ser\u00e1 la jurisdicci\u00f3n competente.<\/p>\n\n\n\n<p><strong>9 DISPOSICI\u00d3N FINAL<\/strong><br\/>La nulidad de alguna de las disposiciones no afectar\u00e1 al car\u00e1cter vinculante del resto del contrato. La disposici\u00f3n nula ser\u00e1 sustituida por otra v\u00e1lida que se acerque lo m\u00e1s posible a la disposici\u00f3n nula. Con la publicaci\u00f3n de las presentes condiciones, todas las condiciones anteriores quedan sin efecto.<\/p>\n\n\n\n<p><strong>10 TIENDA ONLINE<\/strong><br\/><strong>10A \u00c1mbito de aplicaci\u00f3n<\/strong><br\/>Las presentes Condiciones Generales (CG) se aplican a todas las entregas realizadas por TPS Elektronik GmbH (en lo sucesivo, \u00abTPS\u00bb) a consumidores.<br\/>Se entiende por consumidor toda persona f\u00edsica que celebre un negocio jur\u00eddico con fines que no puedan atribuirse principalmente a su actividad comercial o profesional independiente.<\/p>\n\n\n\n<p><strong>10B Contractual partner&#13;\n<\/strong>The purchase contract is concluded with TPS Elektronik GmbH, Managing Director: Dipl. Ingenieur Zhiyi Li , Senefelderstr. 8, 41066 M\u00f6nchengladbach, Commercial Register: M\u00f6nchengladbach Local Court, HRB 6392.<\/p>\n\n\n\n<p><strong>10C Celebraci\u00f3n del contrato<\/strong><br\/>La presentaci\u00f3n de los productos en la tienda online no constituye una oferta legalmente vinculante, sino \u00fanicamente una invitaci\u00f3n a realizar un pedido.<br\/>Al hacer clic en el bot\u00f3n [Comprar\/Pedir al precio de coste], usted realiza un pedido vinculante de los productos que figuran en la p\u00e1gina de pedido. El contrato de compraventa se celebra cuando aceptamos su pedido envi\u00e1ndole una confirmaci\u00f3n del mismo por correo electr\u00f3nico inmediatamente despu\u00e9s de recibirlo.<\/p>\n\n\n\n<p><strong>Derecho de desistimiento<\/strong><br\/>Si usted es un consumidor (es decir, una persona f\u00edsica que realiza el pedido con fines ajenos a su actividad comercial o profesional independiente), tiene derecho de desistimiento de conformidad con las disposiciones legales.<br\/>Si ejerce su derecho de desistimiento como consumidor de conformidad con el apartado 4.1, deber\u00e1 correr con los gastos habituales de devoluci\u00f3n de la mercanc\u00eda.<\/p>\n\n\n\n<p>En todos los dem\u00e1s aspectos, se aplicar\u00e1n al derecho de desistimiento las disposiciones detalladas a continuaci\u00f3n<\/p>\n\n\n\n<p><strong>Pol\u00edtica de cancelaci\u00f3n\u00b9<\/strong><br\/><br\/>Tiene derecho a rescindir este contrato en un plazo de catorce d\u00edas sin necesidad de justificar los motivos.<\/p>\n\n\n\n<p>El plazo de desistimiento es de catorce d\u00edas a partir del d\u00eda en que usted o un tercero designado por usted, que no sea el transportista, haya tomado posesi\u00f3n de los bienes.<\/p>\n\n\n\n<p>Para ejercer su derecho de desistimiento, deber\u00e1 comunicarnos [TPS Elektronik GmbH, Senefelderstr. 8, 41066 M\u00f6nchengladbach, Tel. +49 (0) 2161 49526-0, office@tps-elektronik.com] su decisi\u00f3n de desistir del presente contrato mediante una declaraci\u00f3n clara (por ejemplo, una carta enviada por correo postal o por correo electr\u00f3nico). Puede utilizar el modelo de formulario de desistimiento adjunto, aunque no es obligatorio. Tambi\u00e9n puede rellenar y enviar el modelo de formulario de desistimiento u otra declaraci\u00f3n clara por v\u00eda electr\u00f3nica a trav\u00e9s de nuestra p\u00e1gina web (insertar direcci\u00f3n de Internet). Si hace uso de esta opci\u00f3n, le enviaremos inmediatamente una confirmaci\u00f3n de recepci\u00f3n de dicho desistimiento (por ejemplo, por correo electr\u00f3nico).<\/p>\n\n\n\n<p>Para cumplir con el plazo de desistimiento, basta con que env\u00ede su notificaci\u00f3n de ejercicio del derecho de desistimiento antes de que expire dicho plazo.<\/p>\n\n\n\n<p><strong>Consecuencias de la cancelaci\u00f3n<\/strong><br\/>Si rescinde este contrato, le reembolsaremos todos los pagos que hayamos recibido de usted, incluidos los gastos de env\u00edo (excepto los gastos adicionales derivados de su elecci\u00f3n de una modalidad de env\u00edo distinta de la modalidad de env\u00edo est\u00e1ndar m\u00e1s econ\u00f3mica que ofrecemos), sin demora indebida y, en cualquier caso, a m\u00e1s tardar en un plazo de 14 d\u00edas a partir de la fecha en que se nos haya comunicado su decisi\u00f3n de rescindir este contrato. Para este reembolso, utilizaremos el mismo medio de pago que usted utiliz\u00f3 para la transacci\u00f3n original, salvo que se acuerde expresamente lo contrario con usted; en ning\u00fan caso se le cobrar\u00e1n comisiones por este reembolso. Podremos retener el reembolso hasta que hayamos recibido los bienes o hasta que usted haya aportado pruebas de que los ha devuelto, lo que ocurra primero.<\/p>\n\n\n\n<p>Deber\u00e1 devolvernos los productos o entreg\u00e1rnoslos a nosotros o a (indique el nombre y la direcci\u00f3n de la persona autorizada por usted para recibir los productos) de inmediato y, en cualquier caso, a m\u00e1s tardar en un plazo de catorce d\u00edas a partir de la fecha en que nos comunique la rescisi\u00f3n del presente contrato. Se considerar\u00e1 cumplido el plazo si env\u00eda los productos antes de que expire el plazo de catorce d\u00edas.<\/p>\n\n\n\n<p>Los gastos directos de devoluci\u00f3n de la mercanc\u00eda corren a tu cargo.<\/p>\n\n\n\n<p>Solo tendr\u00e1s que pagar por la p\u00e9rdida de valor de los productos si dicha p\u00e9rdida se debe a una manipulaci\u00f3n de los mismos que no sea necesaria para comprobar su estado, sus caracter\u00edsticas y su funcionamiento.<\/p>\n\n\n\n<p><strong>Fin de la pol\u00edtica de cancelaci\u00f3n &#8211;<\/strong><br\/>(<strong>\u00b9<\/strong> Esta pol\u00edtica de cancelaci\u00f3n entra en vigor a partir del 28 de mayo de 2022. No se aplica a la entrega independiente de productos).<\/p>\n\n\n\n<p><\/p>\n\n\n\n<p><\/p>\n<\/div>\n<\/div>\n","protected":false},"excerpt":{"rendered":"<p>GENERALLas entregas las realizamos exclusivamente de conformidad con las presentes condiciones de venta. Al aceptar nuestra oferta, el cliente acepta estas condiciones, incluso en caso de que contradigan, total o parcialmente, sus propias condiciones. Si el cliente no desea aceptar nuestras condiciones, deber\u00e1 rechazar nuestra oferta. 1 REALIZACI\u00d3N DEL PEDIDONuestras ofertas est\u00e1n sujetas a cambios.\u2026 <a href=\"https:\/\/tps-elektronik.com\/es\/condiciones-generales\/\">Read More &raquo;<\/a><\/p>\n","protected":false},"author":1,"featured_media":0,"parent":0,"menu_order":97,"comment_status":"closed","ping_status":"closed","template":"page-rechtliches.php","meta":{"_acf_changed":false,"footnotes":""},"class_list":["post-11058","page","type-page","status-publish","hentry"],"acf":[],"yoast_head":"<!-- This site is optimized with the Yoast SEO plugin v27.4 - https:\/\/yoast.com\/product\/yoast-seo-wordpress\/ -->\n<title>Condiciones generales de contrataci\u00f3n de TPS Elektronik GmbH<\/title>\n<meta name=\"description\" content=\"Puede consultar nuestras condiciones generales de contrataci\u00f3n aqu\u00ed.\" \/>\n<meta name=\"robots\" content=\"index, follow, max-snippet:-1, max-image-preview:large, max-video-preview:-1\" \/>\n<link rel=\"canonical\" href=\"https:\/\/tps-elektronik.com\/es\/condiciones-generales\/\" \/>\n<meta property=\"og:locale\" content=\"es_ES\" \/>\n<meta property=\"og:type\" content=\"article\" \/>\n<meta property=\"og:title\" content=\"Condiciones generales de contrataci\u00f3n de TPS Elektronik GmbH\" \/>\n<meta property=\"og:description\" content=\"Puede consultar nuestras condiciones generales de contrataci\u00f3n aqu\u00ed.\" \/>\n<meta property=\"og:url\" content=\"https:\/\/tps-elektronik.com\/es\/condiciones-generales\/\" \/>\n<meta property=\"og:site_name\" content=\"TPS\" \/>\n<meta property=\"article:modified_time\" content=\"2026-04-15T10:03:59+00:00\" \/>\n<meta property=\"og:image\" content=\"https:\/\/tps-elektronik.com\/wp-content\/uploads\/2025\/06\/tps-elektronik-platzhalter-historie.jpg\" \/>\n<meta name=\"twitter:card\" content=\"summary_large_image\" \/>\n<meta name=\"twitter:label1\" content=\"Tiempo de lectura\" \/>\n\t<meta name=\"twitter:data1\" content=\"13 minutos\" \/>\n<script type=\"application\/ld+json\" class=\"yoast-schema-graph\">{\"@context\":\"https:\\\/\\\/schema.org\",\"@graph\":[{\"@type\":\"WebPage\",\"@id\":\"https:\\\/\\\/tps-elektronik.com\\\/es\\\/condiciones-generales\\\/\",\"url\":\"https:\\\/\\\/tps-elektronik.com\\\/es\\\/condiciones-generales\\\/\",\"name\":\"Condiciones generales de contrataci\u00f3n de TPS Elektronik GmbH\",\"isPartOf\":{\"@id\":\"https:\\\/\\\/tps-elektronik.com\\\/es\\\/#website\"},\"datePublished\":\"2025-04-28T13:56:22+00:00\",\"dateModified\":\"2026-04-15T10:03:59+00:00\",\"description\":\"Puede consultar nuestras condiciones generales de contrataci\u00f3n aqu\u00ed.\",\"breadcrumb\":{\"@id\":\"https:\\\/\\\/tps-elektronik.com\\\/es\\\/condiciones-generales\\\/#breadcrumb\"},\"inLanguage\":\"es\",\"potentialAction\":[{\"@type\":\"ReadAction\",\"target\":[\"https:\\\/\\\/tps-elektronik.com\\\/es\\\/condiciones-generales\\\/\"]}]},{\"@type\":\"BreadcrumbList\",\"@id\":\"https:\\\/\\\/tps-elektronik.com\\\/es\\\/condiciones-generales\\\/#breadcrumb\",\"itemListElement\":[{\"@type\":\"ListItem\",\"position\":1,\"name\":\"Startseite\",\"item\":\"https:\\\/\\\/tps-elektronik.com\\\/es\\\/\"},{\"@type\":\"ListItem\",\"position\":2,\"name\":\"Condiciones generales\"}]},{\"@type\":\"WebSite\",\"@id\":\"https:\\\/\\\/tps-elektronik.com\\\/es\\\/#website\",\"url\":\"https:\\\/\\\/tps-elektronik.com\\\/es\\\/\",\"name\":\"TPS\",\"description\":\"\",\"potentialAction\":[{\"@type\":\"SearchAction\",\"target\":{\"@type\":\"EntryPoint\",\"urlTemplate\":\"https:\\\/\\\/tps-elektronik.com\\\/es\\\/?s={search_term_string}\"},\"query-input\":{\"@type\":\"PropertyValueSpecification\",\"valueRequired\":true,\"valueName\":\"search_term_string\"}}],\"inLanguage\":\"es\"}]}<\/script>\n<!-- \/ Yoast SEO plugin. -->","yoast_head_json":{"title":"Condiciones generales de contrataci\u00f3n de TPS Elektronik GmbH","description":"Puede consultar nuestras condiciones generales de contrataci\u00f3n aqu\u00ed.","robots":{"index":"index","follow":"follow","max-snippet":"max-snippet:-1","max-image-preview":"max-image-preview:large","max-video-preview":"max-video-preview:-1"},"canonical":"https:\/\/tps-elektronik.com\/es\/condiciones-generales\/","og_locale":"es_ES","og_type":"article","og_title":"Condiciones generales de contrataci\u00f3n de TPS Elektronik GmbH","og_description":"Puede consultar nuestras condiciones generales de contrataci\u00f3n aqu\u00ed.","og_url":"https:\/\/tps-elektronik.com\/es\/condiciones-generales\/","og_site_name":"TPS","article_modified_time":"2026-04-15T10:03:59+00:00","og_image":[{"url":"https:\/\/tps-elektronik.com\/wp-content\/uploads\/2025\/06\/tps-elektronik-platzhalter-historie.jpg","type":"","width":"","height":""}],"twitter_card":"summary_large_image","twitter_misc":{"Tiempo de lectura":"13 minutos"},"schema":{"@context":"https:\/\/schema.org","@graph":[{"@type":"WebPage","@id":"https:\/\/tps-elektronik.com\/es\/condiciones-generales\/","url":"https:\/\/tps-elektronik.com\/es\/condiciones-generales\/","name":"Condiciones generales de contrataci\u00f3n de TPS Elektronik GmbH","isPartOf":{"@id":"https:\/\/tps-elektronik.com\/es\/#website"},"datePublished":"2025-04-28T13:56:22+00:00","dateModified":"2026-04-15T10:03:59+00:00","description":"Puede consultar nuestras condiciones generales de contrataci\u00f3n aqu\u00ed.","breadcrumb":{"@id":"https:\/\/tps-elektronik.com\/es\/condiciones-generales\/#breadcrumb"},"inLanguage":"es","potentialAction":[{"@type":"ReadAction","target":["https:\/\/tps-elektronik.com\/es\/condiciones-generales\/"]}]},{"@type":"BreadcrumbList","@id":"https:\/\/tps-elektronik.com\/es\/condiciones-generales\/#breadcrumb","itemListElement":[{"@type":"ListItem","position":1,"name":"Startseite","item":"https:\/\/tps-elektronik.com\/es\/"},{"@type":"ListItem","position":2,"name":"Condiciones generales"}]},{"@type":"WebSite","@id":"https:\/\/tps-elektronik.com\/es\/#website","url":"https:\/\/tps-elektronik.com\/es\/","name":"TPS","description":"","potentialAction":[{"@type":"SearchAction","target":{"@type":"EntryPoint","urlTemplate":"https:\/\/tps-elektronik.com\/es\/?s={search_term_string}"},"query-input":{"@type":"PropertyValueSpecification","valueRequired":true,"valueName":"search_term_string"}}],"inLanguage":"es"}]}},"_links":{"self":[{"href":"https:\/\/tps-elektronik.com\/es\/wp-json\/wp\/v2\/pages\/11058","targetHints":{"allow":["GET"]}}],"collection":[{"href":"https:\/\/tps-elektronik.com\/es\/wp-json\/wp\/v2\/pages"}],"about":[{"href":"https:\/\/tps-elektronik.com\/es\/wp-json\/wp\/v2\/types\/page"}],"author":[{"embeddable":true,"href":"https:\/\/tps-elektronik.com\/es\/wp-json\/wp\/v2\/users\/1"}],"replies":[{"embeddable":true,"href":"https:\/\/tps-elektronik.com\/es\/wp-json\/wp\/v2\/comments?post=11058"}],"version-history":[{"count":1,"href":"https:\/\/tps-elektronik.com\/es\/wp-json\/wp\/v2\/pages\/11058\/revisions"}],"predecessor-version":[{"id":11059,"href":"https:\/\/tps-elektronik.com\/es\/wp-json\/wp\/v2\/pages\/11058\/revisions\/11059"}],"wp:attachment":[{"href":"https:\/\/tps-elektronik.com\/es\/wp-json\/wp\/v2\/media?parent=11058"}],"curies":[{"name":"wp","href":"https:\/\/api.w.org\/{rel}","templated":true}]}}