{"id":11032,"date":"2025-04-28T15:54:20","date_gmt":"2025-04-28T13:54:20","guid":{"rendered":"https:\/\/tps-elektronik.com\/acerca-de-tps-electronics\/"},"modified":"2026-04-15T11:26:28","modified_gmt":"2026-04-15T09:26:28","slug":"acerca-de-tps-electronics","status":"publish","type":"page","link":"https:\/\/tps-elektronik.com\/es\/acerca-de-tps-electronics\/","title":{"rendered":"Acerca de TPS Electronics"},"content":{"rendered":"\n<h2 class=\"wp-block-heading\">\u00bfQu\u00e9 nos diferencia?<\/h2>\n\n<div class=\"wp-block-columns is-layout-flex wp-container-core-columns-is-layout-9d6595d7 wp-block-columns-is-layout-flex\">\n<div class=\"wp-block-column is-layout-flow wp-block-column-is-layout-flow\">\n<p>Nuestra visi\u00f3n ha sido y sigue siendo ofrecer sistemas completos de un \u00fanico proveedor y ir m\u00e1s all\u00e1 de lo que ofrece un proveedor est\u00e1ndar de servicios de fabricaci\u00f3n de sistemas electr\u00f3nicos (EMS). Para garantizar que nuestras soluciones se adapten en todo momento a las necesidades de los clientes y al mercado, tanto desde el punto de vista t\u00e9cnico como econ\u00f3mico, aprovechamos las sinergias de todas nuestras divisiones en beneficio de nuestros clientes de todo el mundo, mejoramos la rentabilidad y nos centramos en establecer relaciones duraderas con clientes y proveedores. Combinamos nuestra experiencia intersectorial e intertecnol\u00f3gica y nuestras d\u00e9cadas de experiencia con los puntos fuertes de nuestros clientes para abrir conjuntamente nuevos mercados en crecimiento y convertir las ideas en \u00e9xitos. Gracias a nuestro amplio posicionamiento en el sector, podemos aprovechar las sinergias de los distintos sectores a nivel mundial para abrir nuevas posibilidades a nuestros clientes.<\/p>\n<\/div>\n\n\n\n<div class=\"wp-block-column is-layout-flow wp-block-column-is-layout-flow\">\n<p>Desde la electr\u00f3nica y la mec\u00e1nica hasta los componentes inductivos: siempre estamos a la vanguardia de la tecnolog\u00eda para usted en todos los \u00e1mbitos t\u00e9cnicos. Para poder aprovechar estas tecnolog\u00edas y sistemas de forma \u00f3ptima en su beneficio, tambi\u00e9n concedemos especial importancia a la formaci\u00f3n continua de nuestros empleados.<\/p>\n\n\n\n<p>Lo que nos distingue es nuestra fiabilidad y la forma en que colaboramos para hacer realidad nuevas ideas, aportar inspiraci\u00f3n y atrevernos siempre a probar cosas nuevas con el fin de alcanzar el \u00e9xito juntos. Damos especial importancia a ofrecer a nuestros clientes un apoyo integral y personalizado tanto antes como durante y despu\u00e9s de la ejecuci\u00f3n del encargo. Proporcionamos asistencia espec\u00edfica all\u00ed donde se requiere nuestra experiencia.<\/p>\n<\/div>\n<\/div>\n","protected":false},"excerpt":{"rendered":"<p>\u00bfQu\u00e9 nos diferencia? Nuestra visi\u00f3n ha sido y sigue siendo ofrecer sistemas completos de un \u00fanico proveedor y ir m\u00e1s all\u00e1 de lo que ofrece un proveedor est\u00e1ndar de servicios de fabricaci\u00f3n de sistemas electr\u00f3nicos (EMS). Para garantizar que nuestras soluciones se adapten en todo momento a las necesidades de los clientes y al mercado,\u2026 <a href=\"https:\/\/tps-elektronik.com\/es\/acerca-de-tps-electronics\/\">Read More &raquo;<\/a><\/p>\n","protected":false},"author":1,"featured_media":11035,"parent":0,"menu_order":4,"comment_status":"closed","ping_status":"closed","template":"page-about.php","meta":{"_acf_changed":false,"footnotes":""},"class_list":["post-11032","page","type-page","status-publish","has-post-thumbnail","hentry"],"acf":[],"yoast_head":"<!-- This site is optimized with the Yoast SEO plugin v27.4 - https:\/\/yoast.com\/product\/yoast-seo-wordpress\/ -->\n<title>Acerca de TPS Elektronik GmbH: nuestros valores, nuestra historia y nuestras sedes<\/title>\n<meta name=\"description\" content=\"Fundada en el a\u00f1o 2000, hemos crecido de forma constante desde entonces y contamos con sedes en Alemania, China, India y Estados Unidos. Descubre m\u00e1s sobre nosotros.\" \/>\n<meta name=\"robots\" content=\"index, follow, max-snippet:-1, max-image-preview:large, max-video-preview:-1\" \/>\n<link rel=\"canonical\" href=\"https:\/\/tps-elektronik.com\/es\/acerca-de-tps-electronics\/\" \/>\n<meta property=\"og:locale\" content=\"es_ES\" \/>\n<meta property=\"og:type\" content=\"article\" \/>\n<meta property=\"og:title\" content=\"Acerca de TPS Elektronik GmbH: nuestros valores, nuestra historia y nuestras sedes\" \/>\n<meta property=\"og:description\" content=\"Fundada en el a\u00f1o 2000, hemos crecido de forma constante desde entonces y contamos con sedes en Alemania, China, India y Estados Unidos. Descubre m\u00e1s sobre nosotros.\" \/>\n<meta property=\"og:url\" content=\"https:\/\/tps-elektronik.com\/es\/acerca-de-tps-electronics\/\" \/>\n<meta property=\"og:site_name\" content=\"TPS\" \/>\n<meta property=\"article:modified_time\" content=\"2026-04-15T09:26:28+00:00\" \/>\n<meta property=\"og:image\" content=\"https:\/\/tps-elektronik.com\/wp-content\/uploads\/2025\/06\/TPSUnterstuetzungMarketing.jpg\" \/>\n<meta name=\"twitter:card\" content=\"summary_large_image\" \/>\n<meta name=\"twitter:label1\" content=\"Tiempo de lectura\" \/>\n\t<meta name=\"twitter:data1\" content=\"1 minuto\" \/>\n<script type=\"application\/ld+json\" class=\"yoast-schema-graph\">{\"@context\":\"https:\\\/\\\/schema.org\",\"@graph\":[{\"@type\":\"WebPage\",\"@id\":\"https:\\\/\\\/tps-elektronik.com\\\/es\\\/acerca-de-tps-electronics\\\/\",\"url\":\"https:\\\/\\\/tps-elektronik.com\\\/es\\\/acerca-de-tps-electronics\\\/\",\"name\":\"Acerca de TPS Elektronik GmbH: nuestros valores, nuestra historia y nuestras sedes\",\"isPartOf\":{\"@id\":\"https:\\\/\\\/tps-elektronik.com\\\/es\\\/#website\"},\"primaryImageOfPage\":{\"@id\":\"https:\\\/\\\/tps-elektronik.com\\\/es\\\/acerca-de-tps-electronics\\\/#primaryimage\"},\"image\":{\"@id\":\"https:\\\/\\\/tps-elektronik.com\\\/es\\\/acerca-de-tps-electronics\\\/#primaryimage\"},\"thumbnailUrl\":\"https:\\\/\\\/tps-elektronik.com\\\/wp-content\\\/uploads\\\/2025\\\/05\\\/tps-elektronik-ueber-tps-header.jpeg\",\"datePublished\":\"2025-04-28T13:54:20+00:00\",\"dateModified\":\"2026-04-15T09:26:28+00:00\",\"description\":\"Fundada en el a\u00f1o 2000, hemos crecido de forma constante desde entonces y contamos con sedes en Alemania, China, India y Estados Unidos. Descubre m\u00e1s sobre nosotros.\",\"breadcrumb\":{\"@id\":\"https:\\\/\\\/tps-elektronik.com\\\/es\\\/acerca-de-tps-electronics\\\/#breadcrumb\"},\"inLanguage\":\"es\",\"potentialAction\":[{\"@type\":\"ReadAction\",\"target\":[\"https:\\\/\\\/tps-elektronik.com\\\/es\\\/acerca-de-tps-electronics\\\/\"]}]},{\"@type\":\"ImageObject\",\"inLanguage\":\"es\",\"@id\":\"https:\\\/\\\/tps-elektronik.com\\\/es\\\/acerca-de-tps-electronics\\\/#primaryimage\",\"url\":\"https:\\\/\\\/tps-elektronik.com\\\/wp-content\\\/uploads\\\/2025\\\/05\\\/tps-elektronik-ueber-tps-header.jpeg\",\"contentUrl\":\"https:\\\/\\\/tps-elektronik.com\\\/wp-content\\\/uploads\\\/2025\\\/05\\\/tps-elektronik-ueber-tps-header.jpeg\",\"width\":1920,\"height\":1131},{\"@type\":\"BreadcrumbList\",\"@id\":\"https:\\\/\\\/tps-elektronik.com\\\/es\\\/acerca-de-tps-electronics\\\/#breadcrumb\",\"itemListElement\":[{\"@type\":\"ListItem\",\"position\":1,\"name\":\"Startseite\",\"item\":\"https:\\\/\\\/tps-elektronik.com\\\/es\\\/\"},{\"@type\":\"ListItem\",\"position\":2,\"name\":\"Acerca de TPS Electronics\"}]},{\"@type\":\"WebSite\",\"@id\":\"https:\\\/\\\/tps-elektronik.com\\\/es\\\/#website\",\"url\":\"https:\\\/\\\/tps-elektronik.com\\\/es\\\/\",\"name\":\"TPS\",\"description\":\"\",\"potentialAction\":[{\"@type\":\"SearchAction\",\"target\":{\"@type\":\"EntryPoint\",\"urlTemplate\":\"https:\\\/\\\/tps-elektronik.com\\\/es\\\/?s={search_term_string}\"},\"query-input\":{\"@type\":\"PropertyValueSpecification\",\"valueRequired\":true,\"valueName\":\"search_term_string\"}}],\"inLanguage\":\"es\"}]}<\/script>\n<!-- \/ Yoast SEO plugin. -->","yoast_head_json":{"title":"Acerca de TPS Elektronik GmbH: nuestros valores, nuestra historia y nuestras sedes","description":"Fundada en el a\u00f1o 2000, hemos crecido de forma constante desde entonces y contamos con sedes en Alemania, China, India y Estados Unidos. Descubre m\u00e1s sobre nosotros.","robots":{"index":"index","follow":"follow","max-snippet":"max-snippet:-1","max-image-preview":"max-image-preview:large","max-video-preview":"max-video-preview:-1"},"canonical":"https:\/\/tps-elektronik.com\/es\/acerca-de-tps-electronics\/","og_locale":"es_ES","og_type":"article","og_title":"Acerca de TPS Elektronik GmbH: nuestros valores, nuestra historia y nuestras sedes","og_description":"Fundada en el a\u00f1o 2000, hemos crecido de forma constante desde entonces y contamos con sedes en Alemania, China, India y Estados Unidos. Descubre m\u00e1s sobre nosotros.","og_url":"https:\/\/tps-elektronik.com\/es\/acerca-de-tps-electronics\/","og_site_name":"TPS","article_modified_time":"2026-04-15T09:26:28+00:00","og_image":[{"url":"https:\/\/tps-elektronik.com\/wp-content\/uploads\/2025\/06\/TPSUnterstuetzungMarketing.jpg","type":"","width":"","height":""}],"twitter_card":"summary_large_image","twitter_misc":{"Tiempo de lectura":"1 minuto"},"schema":{"@context":"https:\/\/schema.org","@graph":[{"@type":"WebPage","@id":"https:\/\/tps-elektronik.com\/es\/acerca-de-tps-electronics\/","url":"https:\/\/tps-elektronik.com\/es\/acerca-de-tps-electronics\/","name":"Acerca de TPS Elektronik GmbH: nuestros valores, nuestra historia y nuestras sedes","isPartOf":{"@id":"https:\/\/tps-elektronik.com\/es\/#website"},"primaryImageOfPage":{"@id":"https:\/\/tps-elektronik.com\/es\/acerca-de-tps-electronics\/#primaryimage"},"image":{"@id":"https:\/\/tps-elektronik.com\/es\/acerca-de-tps-electronics\/#primaryimage"},"thumbnailUrl":"https:\/\/tps-elektronik.com\/wp-content\/uploads\/2025\/05\/tps-elektronik-ueber-tps-header.jpeg","datePublished":"2025-04-28T13:54:20+00:00","dateModified":"2026-04-15T09:26:28+00:00","description":"Fundada en el a\u00f1o 2000, hemos crecido de forma constante desde entonces y contamos con sedes en Alemania, China, India y Estados Unidos. Descubre m\u00e1s sobre nosotros.","breadcrumb":{"@id":"https:\/\/tps-elektronik.com\/es\/acerca-de-tps-electronics\/#breadcrumb"},"inLanguage":"es","potentialAction":[{"@type":"ReadAction","target":["https:\/\/tps-elektronik.com\/es\/acerca-de-tps-electronics\/"]}]},{"@type":"ImageObject","inLanguage":"es","@id":"https:\/\/tps-elektronik.com\/es\/acerca-de-tps-electronics\/#primaryimage","url":"https:\/\/tps-elektronik.com\/wp-content\/uploads\/2025\/05\/tps-elektronik-ueber-tps-header.jpeg","contentUrl":"https:\/\/tps-elektronik.com\/wp-content\/uploads\/2025\/05\/tps-elektronik-ueber-tps-header.jpeg","width":1920,"height":1131},{"@type":"BreadcrumbList","@id":"https:\/\/tps-elektronik.com\/es\/acerca-de-tps-electronics\/#breadcrumb","itemListElement":[{"@type":"ListItem","position":1,"name":"Startseite","item":"https:\/\/tps-elektronik.com\/es\/"},{"@type":"ListItem","position":2,"name":"Acerca de TPS Electronics"}]},{"@type":"WebSite","@id":"https:\/\/tps-elektronik.com\/es\/#website","url":"https:\/\/tps-elektronik.com\/es\/","name":"TPS","description":"","potentialAction":[{"@type":"SearchAction","target":{"@type":"EntryPoint","urlTemplate":"https:\/\/tps-elektronik.com\/es\/?s={search_term_string}"},"query-input":{"@type":"PropertyValueSpecification","valueRequired":true,"valueName":"search_term_string"}}],"inLanguage":"es"}]}},"_links":{"self":[{"href":"https:\/\/tps-elektronik.com\/es\/wp-json\/wp\/v2\/pages\/11032","targetHints":{"allow":["GET"]}}],"collection":[{"href":"https:\/\/tps-elektronik.com\/es\/wp-json\/wp\/v2\/pages"}],"about":[{"href":"https:\/\/tps-elektronik.com\/es\/wp-json\/wp\/v2\/types\/page"}],"author":[{"embeddable":true,"href":"https:\/\/tps-elektronik.com\/es\/wp-json\/wp\/v2\/users\/1"}],"replies":[{"embeddable":true,"href":"https:\/\/tps-elektronik.com\/es\/wp-json\/wp\/v2\/comments?post=11032"}],"version-history":[{"count":1,"href":"https:\/\/tps-elektronik.com\/es\/wp-json\/wp\/v2\/pages\/11032\/revisions"}],"predecessor-version":[{"id":11053,"href":"https:\/\/tps-elektronik.com\/es\/wp-json\/wp\/v2\/pages\/11032\/revisions\/11053"}],"wp:featuredmedia":[{"embeddable":true,"href":"https:\/\/tps-elektronik.com\/es\/wp-json\/wp\/v2\/media\/11035"}],"wp:attachment":[{"href":"https:\/\/tps-elektronik.com\/es\/wp-json\/wp\/v2\/media?parent=11032"}],"curies":[{"name":"wp","href":"https:\/\/api.w.org\/{rel}","templated":true}]}}