{"id":11028,"date":"2025-04-28T15:54:04","date_gmt":"2025-04-28T13:54:04","guid":{"rendered":"https:\/\/tps-elektronik.com\/socio\/"},"modified":"2026-04-15T11:18:57","modified_gmt":"2026-04-15T09:18:57","slug":"socio","status":"publish","type":"page","link":"https:\/\/tps-elektronik.com\/es\/socio\/","title":{"rendered":"Socio"},"content":{"rendered":"\n<p class=\"preheadline\">Juntos por tu \u00e9xito<\/p>\n\n<h2 class=\"wp-block-heading\">Socio<\/h2>\n\n<div class=\"wp-block-columns is-layout-flex wp-container-core-columns-is-layout-9d6595d7 wp-block-columns-is-layout-flex\">\n<div class=\"wp-block-column is-layout-flow wp-block-column-is-layout-flow\">\n<p>Como proveedores de servicios de EMS, sabemos que los proyectos exitosos suelen requerir una gama de conocimientos m\u00e1s amplia de la que una sola empresa puede abarcar por s\u00ed sola. Por eso contamos con una red de empresas cuidadosamente seleccionadas que complementan de manera \u00f3ptima nuestra oferta y que estaremos encantados de recomendarle.<\/p>\n\n\n\n<p><strong>Una red para su \u00e9xito<\/strong><br\/>A la hora de seleccionar a nuestros socios, damos gran importancia a la transparencia y a que cumplan los mismos est\u00e1ndares de calidad y experiencia. Solo con flexibilidad y capacidad de adaptaci\u00f3n podemos nosotros y nuestra creciente red de empresas asociadas reaccionar ante los cambios a nivel mundial y desarrollar soluciones innovadoras. Nuestra estrecha colaboraci\u00f3n, basada en la cooperaci\u00f3n, da como resultado productos que cumplen los m\u00e1s altos est\u00e1ndares de calidad y que perdurar\u00e1n en el mercado a largo plazo.<\/p>\n<\/div>\n\n\n\n<div class=\"wp-block-column is-layout-flow wp-block-column-is-layout-flow\">\n<p><strong>En lo que puedes confiar<\/strong><\/p>\n\n\n\n<p><strong>La confianza es lo primero<\/strong><br\/>Conocemos a las empresas de nuestra red gracias a muchos a\u00f1os de colaboraci\u00f3n satisfactoria. Comparten nuestros valores en cuanto a calidad, fiabilidad y experiencia especializada.<\/p>\n\n\n\n<p>Para nosotros tambi\u00e9n es importante mantener una <strong>comunicaci\u00f3n clara<\/strong> con nuestros socios de la red. Solo recomendamos empresas en las que puedas contar con procesos transparentes y un trato abierto y orientado a la b\u00fasqueda de soluciones.<\/p>\n\n\n\n<p><strong>Flexibilidad y adaptabilidad<\/strong>, ya que, tanto si necesita asistencia en materia de desarrollo, tecnolog\u00edas de producci\u00f3n especiales o servicios adicionales, podemos poner a su disposici\u00f3n socios que responder\u00e1n de forma r\u00e1pida y flexible a sus necesidades.<\/p>\n<\/div>\n<\/div>\n","protected":false},"excerpt":{"rendered":"<p>Juntos por tu \u00e9xito Socio Como proveedores de servicios de EMS, sabemos que los proyectos exitosos suelen requerir una gama de conocimientos m\u00e1s amplia de la que una sola empresa puede abarcar por s\u00ed sola. Por eso contamos con una red de empresas cuidadosamente seleccionadas que complementan de manera \u00f3ptima nuestra oferta y que estaremos\u2026 <a href=\"https:\/\/tps-elektronik.com\/es\/socio\/\">Read More &raquo;<\/a><\/p>\n","protected":false},"author":1,"featured_media":11029,"parent":0,"menu_order":3,"comment_status":"closed","ping_status":"closed","template":"archive-partner.php","meta":{"_acf_changed":false,"footnotes":""},"class_list":["post-11028","page","type-page","status-publish","has-post-thumbnail","hentry"],"acf":[],"yoast_head":"<!-- This site is optimized with the Yoast SEO plugin v27.4 - https:\/\/yoast.com\/product\/yoast-seo-wordpress\/ -->\n<title>Socios internacionales de TPS Elektronik GmbH<\/title>\n<meta name=\"description\" content=\"Resumen de nuestra s\u00f3lida red de socios. \u00bfLe gustar\u00eda convertirse en socio de TPS Elektronik GmbH? Inf\u00f3rmese sobre nosotros y las ventajas que le ofrecemos.\" \/>\n<meta name=\"robots\" content=\"index, follow, max-snippet:-1, max-image-preview:large, max-video-preview:-1\" \/>\n<link rel=\"canonical\" href=\"https:\/\/tps-elektronik.com\/es\/socio\/\" \/>\n<meta property=\"og:locale\" content=\"es_ES\" \/>\n<meta property=\"og:type\" content=\"article\" \/>\n<meta property=\"og:title\" content=\"Socios internacionales de TPS Elektronik GmbH\" \/>\n<meta property=\"og:description\" content=\"Resumen de nuestra s\u00f3lida red de socios. \u00bfLe gustar\u00eda convertirse en socio de TPS Elektronik GmbH? Inf\u00f3rmese sobre nosotros y las ventajas que le ofrecemos.\" \/>\n<meta property=\"og:url\" content=\"https:\/\/tps-elektronik.com\/es\/socio\/\" \/>\n<meta property=\"og:site_name\" content=\"TPS\" \/>\n<meta property=\"article:modified_time\" content=\"2026-04-15T09:18:57+00:00\" \/>\n<meta property=\"og:image\" content=\"https:\/\/tps-elektronik.com\/wp-content\/uploads\/2025\/05\/tps-elektronik-partner-header.jpeg\" \/>\n<meta name=\"twitter:card\" content=\"summary_large_image\" \/>\n<meta name=\"twitter:label1\" content=\"Tiempo de lectura\" \/>\n\t<meta name=\"twitter:data1\" content=\"1 minuto\" \/>\n<script type=\"application\/ld+json\" class=\"yoast-schema-graph\">{\"@context\":\"https:\\\/\\\/schema.org\",\"@graph\":[{\"@type\":\"WebPage\",\"@id\":\"https:\\\/\\\/tps-elektronik.com\\\/es\\\/socio\\\/\",\"url\":\"https:\\\/\\\/tps-elektronik.com\\\/es\\\/socio\\\/\",\"name\":\"Socios internacionales de TPS Elektronik GmbH\",\"isPartOf\":{\"@id\":\"https:\\\/\\\/tps-elektronik.com\\\/es\\\/#website\"},\"primaryImageOfPage\":{\"@id\":\"https:\\\/\\\/tps-elektronik.com\\\/es\\\/socio\\\/#primaryimage\"},\"image\":{\"@id\":\"https:\\\/\\\/tps-elektronik.com\\\/es\\\/socio\\\/#primaryimage\"},\"thumbnailUrl\":\"https:\\\/\\\/tps-elektronik.com\\\/wp-content\\\/uploads\\\/2025\\\/05\\\/tps-elektronik-partner-header.jpeg\",\"datePublished\":\"2025-04-28T13:54:04+00:00\",\"dateModified\":\"2026-04-15T09:18:57+00:00\",\"description\":\"Resumen de nuestra s\u00f3lida red de socios. \u00bfLe gustar\u00eda convertirse en socio de TPS Elektronik GmbH? Inf\u00f3rmese sobre nosotros y las ventajas que le ofrecemos.\",\"breadcrumb\":{\"@id\":\"https:\\\/\\\/tps-elektronik.com\\\/es\\\/socio\\\/#breadcrumb\"},\"inLanguage\":\"es\",\"potentialAction\":[{\"@type\":\"ReadAction\",\"target\":[\"https:\\\/\\\/tps-elektronik.com\\\/es\\\/socio\\\/\"]}]},{\"@type\":\"ImageObject\",\"inLanguage\":\"es\",\"@id\":\"https:\\\/\\\/tps-elektronik.com\\\/es\\\/socio\\\/#primaryimage\",\"url\":\"https:\\\/\\\/tps-elektronik.com\\\/wp-content\\\/uploads\\\/2025\\\/05\\\/tps-elektronik-partner-header.jpeg\",\"contentUrl\":\"https:\\\/\\\/tps-elektronik.com\\\/wp-content\\\/uploads\\\/2025\\\/05\\\/tps-elektronik-partner-header.jpeg\",\"width\":1920,\"height\":1280},{\"@type\":\"BreadcrumbList\",\"@id\":\"https:\\\/\\\/tps-elektronik.com\\\/es\\\/socio\\\/#breadcrumb\",\"itemListElement\":[{\"@type\":\"ListItem\",\"position\":1,\"name\":\"Startseite\",\"item\":\"https:\\\/\\\/tps-elektronik.com\\\/es\\\/\"},{\"@type\":\"ListItem\",\"position\":2,\"name\":\"Socio\"}]},{\"@type\":\"WebSite\",\"@id\":\"https:\\\/\\\/tps-elektronik.com\\\/es\\\/#website\",\"url\":\"https:\\\/\\\/tps-elektronik.com\\\/es\\\/\",\"name\":\"TPS\",\"description\":\"\",\"potentialAction\":[{\"@type\":\"SearchAction\",\"target\":{\"@type\":\"EntryPoint\",\"urlTemplate\":\"https:\\\/\\\/tps-elektronik.com\\\/es\\\/?s={search_term_string}\"},\"query-input\":{\"@type\":\"PropertyValueSpecification\",\"valueRequired\":true,\"valueName\":\"search_term_string\"}}],\"inLanguage\":\"es\"}]}<\/script>\n<!-- \/ Yoast SEO plugin. -->","yoast_head_json":{"title":"Socios internacionales de TPS Elektronik GmbH","description":"Resumen de nuestra s\u00f3lida red de socios. \u00bfLe gustar\u00eda convertirse en socio de TPS Elektronik GmbH? Inf\u00f3rmese sobre nosotros y las ventajas que le ofrecemos.","robots":{"index":"index","follow":"follow","max-snippet":"max-snippet:-1","max-image-preview":"max-image-preview:large","max-video-preview":"max-video-preview:-1"},"canonical":"https:\/\/tps-elektronik.com\/es\/socio\/","og_locale":"es_ES","og_type":"article","og_title":"Socios internacionales de TPS Elektronik GmbH","og_description":"Resumen de nuestra s\u00f3lida red de socios. \u00bfLe gustar\u00eda convertirse en socio de TPS Elektronik GmbH? Inf\u00f3rmese sobre nosotros y las ventajas que le ofrecemos.","og_url":"https:\/\/tps-elektronik.com\/es\/socio\/","og_site_name":"TPS","article_modified_time":"2026-04-15T09:18:57+00:00","og_image":[{"url":"https:\/\/tps-elektronik.com\/wp-content\/uploads\/2025\/05\/tps-elektronik-partner-header.jpeg","type":"","width":"","height":""}],"twitter_card":"summary_large_image","twitter_misc":{"Tiempo de lectura":"1 minuto"},"schema":{"@context":"https:\/\/schema.org","@graph":[{"@type":"WebPage","@id":"https:\/\/tps-elektronik.com\/es\/socio\/","url":"https:\/\/tps-elektronik.com\/es\/socio\/","name":"Socios internacionales de TPS Elektronik GmbH","isPartOf":{"@id":"https:\/\/tps-elektronik.com\/es\/#website"},"primaryImageOfPage":{"@id":"https:\/\/tps-elektronik.com\/es\/socio\/#primaryimage"},"image":{"@id":"https:\/\/tps-elektronik.com\/es\/socio\/#primaryimage"},"thumbnailUrl":"https:\/\/tps-elektronik.com\/wp-content\/uploads\/2025\/05\/tps-elektronik-partner-header.jpeg","datePublished":"2025-04-28T13:54:04+00:00","dateModified":"2026-04-15T09:18:57+00:00","description":"Resumen de nuestra s\u00f3lida red de socios. \u00bfLe gustar\u00eda convertirse en socio de TPS Elektronik GmbH? Inf\u00f3rmese sobre nosotros y las ventajas que le ofrecemos.","breadcrumb":{"@id":"https:\/\/tps-elektronik.com\/es\/socio\/#breadcrumb"},"inLanguage":"es","potentialAction":[{"@type":"ReadAction","target":["https:\/\/tps-elektronik.com\/es\/socio\/"]}]},{"@type":"ImageObject","inLanguage":"es","@id":"https:\/\/tps-elektronik.com\/es\/socio\/#primaryimage","url":"https:\/\/tps-elektronik.com\/wp-content\/uploads\/2025\/05\/tps-elektronik-partner-header.jpeg","contentUrl":"https:\/\/tps-elektronik.com\/wp-content\/uploads\/2025\/05\/tps-elektronik-partner-header.jpeg","width":1920,"height":1280},{"@type":"BreadcrumbList","@id":"https:\/\/tps-elektronik.com\/es\/socio\/#breadcrumb","itemListElement":[{"@type":"ListItem","position":1,"name":"Startseite","item":"https:\/\/tps-elektronik.com\/es\/"},{"@type":"ListItem","position":2,"name":"Socio"}]},{"@type":"WebSite","@id":"https:\/\/tps-elektronik.com\/es\/#website","url":"https:\/\/tps-elektronik.com\/es\/","name":"TPS","description":"","potentialAction":[{"@type":"SearchAction","target":{"@type":"EntryPoint","urlTemplate":"https:\/\/tps-elektronik.com\/es\/?s={search_term_string}"},"query-input":{"@type":"PropertyValueSpecification","valueRequired":true,"valueName":"search_term_string"}}],"inLanguage":"es"}]}},"_links":{"self":[{"href":"https:\/\/tps-elektronik.com\/es\/wp-json\/wp\/v2\/pages\/11028","targetHints":{"allow":["GET"]}}],"collection":[{"href":"https:\/\/tps-elektronik.com\/es\/wp-json\/wp\/v2\/pages"}],"about":[{"href":"https:\/\/tps-elektronik.com\/es\/wp-json\/wp\/v2\/types\/page"}],"author":[{"embeddable":true,"href":"https:\/\/tps-elektronik.com\/es\/wp-json\/wp\/v2\/users\/1"}],"replies":[{"embeddable":true,"href":"https:\/\/tps-elektronik.com\/es\/wp-json\/wp\/v2\/comments?post=11028"}],"version-history":[{"count":1,"href":"https:\/\/tps-elektronik.com\/es\/wp-json\/wp\/v2\/pages\/11028\/revisions"}],"predecessor-version":[{"id":11031,"href":"https:\/\/tps-elektronik.com\/es\/wp-json\/wp\/v2\/pages\/11028\/revisions\/11031"}],"wp:featuredmedia":[{"embeddable":true,"href":"https:\/\/tps-elektronik.com\/es\/wp-json\/wp\/v2\/media\/11029"}],"wp:attachment":[{"href":"https:\/\/tps-elektronik.com\/es\/wp-json\/wp\/v2\/media?parent=11028"}],"curies":[{"name":"wp","href":"https:\/\/api.w.org\/{rel}","templated":true}]}}