{"id":11022,"date":"2025-04-28T15:53:39","date_gmt":"2025-04-28T13:53:39","guid":{"rendered":"https:\/\/tps-elektronik.com\/productos\/"},"modified":"2026-04-15T11:05:41","modified_gmt":"2026-04-15T09:05:41","slug":"productos","status":"publish","type":"page","link":"https:\/\/tps-elektronik.com\/es\/productos\/","title":{"rendered":"Productos"},"content":{"rendered":"\n<h2 class=\"wp-block-heading\">Compromiso con la calidad<\/h2>\n\n<div class=\"wp-block-columns is-layout-flex wp-container-core-columns-is-layout-9d6595d7 wp-block-columns-is-layout-flex\">\n<div class=\"wp-block-column is-layout-flow wp-block-column-is-layout-flow\">\n<p>Como fabricante por encargo de dispositivos para el sector de la electr\u00f3nica de potencia, concedemos una gran importancia a la calidad. Para ofrecer a nuestros clientes productos y servicios de la m\u00e1xima calidad, nos comprometemos a lo siguiente:<\/p>\n\n\n\n<p><strong>Gesti\u00f3n de la calidad<\/strong><br\/>Hemos implantado un sistema integral de gesti\u00f3n de la calidad que abarca todo el proceso, desde la adquisici\u00f3n de materias primas hasta la entrega del producto. Mediante rigurosos procesos de control de calidad, nos aseguramos de que cada paso cumpla con los requisitos y est\u00e1ndares m\u00e1s exigentes.<br\/><br\/>Nuestro sistema de gesti\u00f3n de la calidad se revisa y optimiza peri\u00f3dicamente con el fin de adaptarlo a las cambiantes exigencias del mercado y a los avances tecnol\u00f3gicos.<\/p>\n\n\n\n<p><strong>Materias primas de alta calidad<\/strong><br\/>Solo seleccionamos proveedores que hayan sido sometidos a rigurosos controles y cuenten con la correspondiente certificaci\u00f3n, con el fin de garantizar que las materias primas adquiridas cumplan con nuestros exigentes requisitos de calidad. Para evitar que materiales inadecuados entren en el proceso de producci\u00f3n, las materias primas son objeto de un estricto control y se someten a pruebas exhaustivas.<\/p>\n\n\n\n<p><strong>Tecnolog\u00eda y equipamiento<\/strong><br\/>Utilizamos tecnolog\u00edas y equipos de producci\u00f3n avanzados para aumentar la eficiencia productiva y mejorar la estabilidad de la calidad de los productos. Incorporamos continuamente nuevas tecnolog\u00edas y procesos para mejorar nuestra capacidad de producci\u00f3n y la competitividad de nuestros productos.<\/p>\n<\/div>\n\n\n\n<div class=\"wp-block-column is-layout-flow wp-block-column-is-layout-flow\">\n<p><strong>Equipo de t\u00e9cnicos altamente cualificados<\/strong><br\/>Contamos con un equipo de t\u00e9cnicos con amplia experiencia y conocimientos que ofrece a nuestros clientes asistencia t\u00e9cnica profesional y soluciones. Impartimos formaci\u00f3n y evaluaciones peri\u00f3dicas al personal t\u00e9cnico con el fin de mejorar continuamente su nivel t\u00e9cnico y la calidad general de nuestro servicio.<\/p>\n\n\n\n<p><strong>Estrictos controles de calidad del producto final<\/strong><br\/>Cada lote de productos terminados se somete a rigurosas inspecciones y pruebas para garantizar que cumplen con las normas pertinentes y los requisitos de los clientes. Solo los productos que superan con \u00e9xito las pruebas pueden entregarse a los clientes. De este modo, se garantiza que los clientes reciban productos de alta calidad.<\/p>\n\n\n\n<p><strong>Excelente servicio de atenci\u00f3n al cliente<\/strong><br\/>Ofrecemos un servicio de atenci\u00f3n al cliente integral y respondemos con rapidez a las necesidades y comentarios de los clientes. Escuchamos las preguntas y sugerencias de nuestros clientes y, a partir de ah\u00ed, desarrollamos soluciones pr\u00e1cticas y eficaces.<\/p>\n<\/div>\n<\/div>\n","protected":false},"excerpt":{"rendered":"<p>Compromiso con la calidad Como fabricante por encargo de dispositivos para el sector de la electr\u00f3nica de potencia, concedemos una gran importancia a la calidad. Para ofrecer a nuestros clientes productos y servicios de la m\u00e1xima calidad, nos comprometemos a lo siguiente: Gesti\u00f3n de la calidadHemos implantado un sistema integral de gesti\u00f3n de la calidad\u2026 <a href=\"https:\/\/tps-elektronik.com\/es\/productos\/\">Read More &raquo;<\/a><\/p>\n","protected":false},"author":1,"featured_media":11007,"parent":0,"menu_order":2,"comment_status":"closed","ping_status":"closed","template":"page-produkte.php","meta":{"_acf_changed":false,"footnotes":""},"class_list":["post-11022","page","type-page","status-publish","has-post-thumbnail","hentry"],"acf":[],"yoast_head":"<!-- This site is optimized with the Yoast SEO plugin v27.4 - https:\/\/yoast.com\/product\/yoast-seo-wordpress\/ -->\n<title>Productos EMS de la m\u00e1s alta calidad | TPS Elektronik GmbH<\/title>\n<meta name=\"description\" content=\"Como fabricantes por encargo de equipos para la industria de la electr\u00f3nica de potencia, en TPS Elektronik damos mucha importancia a la calidad. Con\u00f3zcanos.\" \/>\n<meta name=\"robots\" content=\"index, follow, max-snippet:-1, max-image-preview:large, max-video-preview:-1\" \/>\n<link rel=\"canonical\" href=\"https:\/\/tps-elektronik.com\/es\/productos\/\" \/>\n<meta property=\"og:locale\" content=\"es_ES\" \/>\n<meta property=\"og:type\" content=\"article\" \/>\n<meta property=\"og:title\" content=\"Productos EMS de la m\u00e1s alta calidad | TPS Elektronik GmbH\" \/>\n<meta property=\"og:description\" content=\"Como fabricantes por encargo de equipos para la industria de la electr\u00f3nica de potencia, en TPS Elektronik damos mucha importancia a la calidad. Con\u00f3zcanos.\" \/>\n<meta property=\"og:url\" content=\"https:\/\/tps-elektronik.com\/es\/productos\/\" \/>\n<meta property=\"og:site_name\" content=\"TPS\" \/>\n<meta property=\"article:modified_time\" content=\"2026-04-15T09:05:41+00:00\" \/>\n<meta property=\"og:image\" content=\"https:\/\/tps-elektronik.com\/wp-content\/uploads\/2025\/05\/tps-elektronik-ems-service-pcb-bestueckung.jpg\" \/>\n<meta name=\"twitter:card\" content=\"summary_large_image\" \/>\n<meta name=\"twitter:label1\" content=\"Tiempo de lectura\" \/>\n\t<meta name=\"twitter:data1\" content=\"2 minutos\" \/>\n<script type=\"application\/ld+json\" class=\"yoast-schema-graph\">{\"@context\":\"https:\\\/\\\/schema.org\",\"@graph\":[{\"@type\":\"WebPage\",\"@id\":\"https:\\\/\\\/tps-elektronik.com\\\/es\\\/productos\\\/\",\"url\":\"https:\\\/\\\/tps-elektronik.com\\\/es\\\/productos\\\/\",\"name\":\"Productos EMS de la m\u00e1s alta calidad | TPS Elektronik GmbH\",\"isPartOf\":{\"@id\":\"https:\\\/\\\/tps-elektronik.com\\\/es\\\/#website\"},\"primaryImageOfPage\":{\"@id\":\"https:\\\/\\\/tps-elektronik.com\\\/es\\\/productos\\\/#primaryimage\"},\"image\":{\"@id\":\"https:\\\/\\\/tps-elektronik.com\\\/es\\\/productos\\\/#primaryimage\"},\"thumbnailUrl\":\"https:\\\/\\\/tps-elektronik.com\\\/wp-content\\\/uploads\\\/2025\\\/04\\\/platzhalter-img-header-unterseiten.jpg\",\"datePublished\":\"2025-04-28T13:53:39+00:00\",\"dateModified\":\"2026-04-15T09:05:41+00:00\",\"description\":\"Como fabricantes por encargo de equipos para la industria de la electr\u00f3nica de potencia, en TPS Elektronik damos mucha importancia a la calidad. Con\u00f3zcanos.\",\"breadcrumb\":{\"@id\":\"https:\\\/\\\/tps-elektronik.com\\\/es\\\/productos\\\/#breadcrumb\"},\"inLanguage\":\"es\",\"potentialAction\":[{\"@type\":\"ReadAction\",\"target\":[\"https:\\\/\\\/tps-elektronik.com\\\/es\\\/productos\\\/\"]}]},{\"@type\":\"ImageObject\",\"inLanguage\":\"es\",\"@id\":\"https:\\\/\\\/tps-elektronik.com\\\/es\\\/productos\\\/#primaryimage\",\"url\":\"https:\\\/\\\/tps-elektronik.com\\\/wp-content\\\/uploads\\\/2025\\\/04\\\/platzhalter-img-header-unterseiten.jpg\",\"contentUrl\":\"https:\\\/\\\/tps-elektronik.com\\\/wp-content\\\/uploads\\\/2025\\\/04\\\/platzhalter-img-header-unterseiten.jpg\",\"width\":1920,\"height\":817},{\"@type\":\"BreadcrumbList\",\"@id\":\"https:\\\/\\\/tps-elektronik.com\\\/es\\\/productos\\\/#breadcrumb\",\"itemListElement\":[{\"@type\":\"ListItem\",\"position\":1,\"name\":\"Startseite\",\"item\":\"https:\\\/\\\/tps-elektronik.com\\\/es\\\/\"},{\"@type\":\"ListItem\",\"position\":2,\"name\":\"Productos\"}]},{\"@type\":\"WebSite\",\"@id\":\"https:\\\/\\\/tps-elektronik.com\\\/es\\\/#website\",\"url\":\"https:\\\/\\\/tps-elektronik.com\\\/es\\\/\",\"name\":\"TPS\",\"description\":\"\",\"potentialAction\":[{\"@type\":\"SearchAction\",\"target\":{\"@type\":\"EntryPoint\",\"urlTemplate\":\"https:\\\/\\\/tps-elektronik.com\\\/es\\\/?s={search_term_string}\"},\"query-input\":{\"@type\":\"PropertyValueSpecification\",\"valueRequired\":true,\"valueName\":\"search_term_string\"}}],\"inLanguage\":\"es\"}]}<\/script>\n<!-- \/ Yoast SEO plugin. -->","yoast_head_json":{"title":"Productos EMS de la m\u00e1s alta calidad | TPS Elektronik GmbH","description":"Como fabricantes por encargo de equipos para la industria de la electr\u00f3nica de potencia, en TPS Elektronik damos mucha importancia a la calidad. Con\u00f3zcanos.","robots":{"index":"index","follow":"follow","max-snippet":"max-snippet:-1","max-image-preview":"max-image-preview:large","max-video-preview":"max-video-preview:-1"},"canonical":"https:\/\/tps-elektronik.com\/es\/productos\/","og_locale":"es_ES","og_type":"article","og_title":"Productos EMS de la m\u00e1s alta calidad | TPS Elektronik GmbH","og_description":"Como fabricantes por encargo de equipos para la industria de la electr\u00f3nica de potencia, en TPS Elektronik damos mucha importancia a la calidad. Con\u00f3zcanos.","og_url":"https:\/\/tps-elektronik.com\/es\/productos\/","og_site_name":"TPS","article_modified_time":"2026-04-15T09:05:41+00:00","og_image":[{"url":"https:\/\/tps-elektronik.com\/wp-content\/uploads\/2025\/05\/tps-elektronik-ems-service-pcb-bestueckung.jpg","type":"","width":"","height":""}],"twitter_card":"summary_large_image","twitter_misc":{"Tiempo de lectura":"2 minutos"},"schema":{"@context":"https:\/\/schema.org","@graph":[{"@type":"WebPage","@id":"https:\/\/tps-elektronik.com\/es\/productos\/","url":"https:\/\/tps-elektronik.com\/es\/productos\/","name":"Productos EMS de la m\u00e1s alta calidad | TPS Elektronik GmbH","isPartOf":{"@id":"https:\/\/tps-elektronik.com\/es\/#website"},"primaryImageOfPage":{"@id":"https:\/\/tps-elektronik.com\/es\/productos\/#primaryimage"},"image":{"@id":"https:\/\/tps-elektronik.com\/es\/productos\/#primaryimage"},"thumbnailUrl":"https:\/\/tps-elektronik.com\/wp-content\/uploads\/2025\/04\/platzhalter-img-header-unterseiten.jpg","datePublished":"2025-04-28T13:53:39+00:00","dateModified":"2026-04-15T09:05:41+00:00","description":"Como fabricantes por encargo de equipos para la industria de la electr\u00f3nica de potencia, en TPS Elektronik damos mucha importancia a la calidad. Con\u00f3zcanos.","breadcrumb":{"@id":"https:\/\/tps-elektronik.com\/es\/productos\/#breadcrumb"},"inLanguage":"es","potentialAction":[{"@type":"ReadAction","target":["https:\/\/tps-elektronik.com\/es\/productos\/"]}]},{"@type":"ImageObject","inLanguage":"es","@id":"https:\/\/tps-elektronik.com\/es\/productos\/#primaryimage","url":"https:\/\/tps-elektronik.com\/wp-content\/uploads\/2025\/04\/platzhalter-img-header-unterseiten.jpg","contentUrl":"https:\/\/tps-elektronik.com\/wp-content\/uploads\/2025\/04\/platzhalter-img-header-unterseiten.jpg","width":1920,"height":817},{"@type":"BreadcrumbList","@id":"https:\/\/tps-elektronik.com\/es\/productos\/#breadcrumb","itemListElement":[{"@type":"ListItem","position":1,"name":"Startseite","item":"https:\/\/tps-elektronik.com\/es\/"},{"@type":"ListItem","position":2,"name":"Productos"}]},{"@type":"WebSite","@id":"https:\/\/tps-elektronik.com\/es\/#website","url":"https:\/\/tps-elektronik.com\/es\/","name":"TPS","description":"","potentialAction":[{"@type":"SearchAction","target":{"@type":"EntryPoint","urlTemplate":"https:\/\/tps-elektronik.com\/es\/?s={search_term_string}"},"query-input":{"@type":"PropertyValueSpecification","valueRequired":true,"valueName":"search_term_string"}}],"inLanguage":"es"}]}},"_links":{"self":[{"href":"https:\/\/tps-elektronik.com\/es\/wp-json\/wp\/v2\/pages\/11022","targetHints":{"allow":["GET"]}}],"collection":[{"href":"https:\/\/tps-elektronik.com\/es\/wp-json\/wp\/v2\/pages"}],"about":[{"href":"https:\/\/tps-elektronik.com\/es\/wp-json\/wp\/v2\/types\/page"}],"author":[{"embeddable":true,"href":"https:\/\/tps-elektronik.com\/es\/wp-json\/wp\/v2\/users\/1"}],"replies":[{"embeddable":true,"href":"https:\/\/tps-elektronik.com\/es\/wp-json\/wp\/v2\/comments?post=11022"}],"version-history":[{"count":1,"href":"https:\/\/tps-elektronik.com\/es\/wp-json\/wp\/v2\/pages\/11022\/revisions"}],"predecessor-version":[{"id":11025,"href":"https:\/\/tps-elektronik.com\/es\/wp-json\/wp\/v2\/pages\/11022\/revisions\/11025"}],"wp:featuredmedia":[{"embeddable":true,"href":"https:\/\/tps-elektronik.com\/es\/wp-json\/wp\/v2\/media\/11007"}],"wp:attachment":[{"href":"https:\/\/tps-elektronik.com\/es\/wp-json\/wp\/v2\/media?parent=11022"}],"curies":[{"name":"wp","href":"https:\/\/api.w.org\/{rel}","templated":true}]}}