{"id":11018,"date":"2025-05-20T11:17:22","date_gmt":"2025-05-20T09:17:22","guid":{"rendered":"https:\/\/tps-elektronik.com\/services\/"},"modified":"2026-04-15T10:50:23","modified_gmt":"2026-04-15T08:50:23","slug":"servicios","status":"publish","type":"page","link":"https:\/\/tps-elektronik.com\/es\/servicios\/","title":{"rendered":"Servicios"},"content":{"rendered":"\n<p class=\"preheadline\"><strong><strong>EMS con servicio completo<\/strong><\/strong><\/p>\n\n\n\n<h2 class=\"wp-block-heading\"><strong>Servicios EMS<\/strong><\/h2>\n\n\n\n<div class=\"wp-block-columns is-layout-flex wp-container-core-columns-is-layout-9d6595d7 wp-block-columns-is-layout-flex\">\n<div class=\"wp-block-column is-layout-flow wp-block-column-is-layout-flow\">\n<p>TPS Elektronik GmbH se especializa en el desarrollo de aplicaciones de hardware y software para la electr\u00f3nica de potencia. Entre nuestras aplicaciones se incluyen fuentes de CA y CC, estaciones de recarga, cargadores a bordo (OBC), inversores fotovoltaicos, pruebas de carga y descarga de bater\u00edas, gesti\u00f3n del almacenamiento de sistemas de conversi\u00f3n de potencia (PCS), etc., con potencias que van desde unos pocos cientos de vatios hasta varios cientos de kilovatios.<\/p>\n<\/div>\n\n\n\n<div class=\"wp-block-column is-layout-flow wp-block-column-is-layout-flow\">\n<p>Como proveedor de servicios EMS, desarrollamos, fabricamos y montamos conjuntos, dispositivos y sistemas electr\u00f3nicos para nuestros clientes de todo el mundo.<\/p>\n\n\n\n<p>Nuestro punto fuerte reside tambi\u00e9n en el servicio integral que ofrecemos como proveedor a lo largo de toda la cadena de valor. Esto abarca todas las etapas, desde el desarrollo y el aprovisionamiento de materiales hasta la producci\u00f3n de productos electr\u00f3nicos listos para la fabricaci\u00f3n en serie, incluyendo la entrega y el servicio posventa como servicios adicionales completos.<\/p>\n<\/div>\n<\/div>\n\n\n\n<div style=\"height:50px\" aria-hidden=\"true\" class=\"wp-block-spacer\"><\/div>\n\n\n\n<h2 class=\"wp-block-heading\">Servicios de emergencias m\u00e9dicas<\/h2>\n","protected":false},"excerpt":{"rendered":"<p>EMS con servicio completo Servicios EMS TPS Elektronik GmbH se especializa en el desarrollo de aplicaciones de hardware y software para la electr\u00f3nica de potencia. Entre nuestras aplicaciones se incluyen fuentes de CA y CC, estaciones de recarga, cargadores a bordo (OBC), inversores fotovoltaicos, pruebas de carga y descarga de bater\u00edas, gesti\u00f3n del almacenamiento de\u2026 <a href=\"https:\/\/tps-elektronik.com\/es\/servicios\/\">Read More &raquo;<\/a><\/p>\n","protected":false},"author":8,"featured_media":11019,"parent":0,"menu_order":1,"comment_status":"closed","ping_status":"closed","template":"page-service.php","meta":{"_acf_changed":false,"footnotes":""},"class_list":["post-11018","page","type-page","status-publish","has-post-thumbnail","hentry"],"acf":[],"yoast_head":"<!-- This site is optimized with the Yoast SEO plugin v27.4 - https:\/\/yoast.com\/product\/yoast-seo-wordpress\/ -->\n<title>Todos tus servicios de EMS de un solo proveedor: TPS Elektronik GmbH<\/title>\n<meta name=\"description\" content=\"Como proveedor de servicios EMS, desarrollamos, fabricamos y montamos conjuntos, dispositivos y sistemas electr\u00f3nicos para nuestros clientes de todo el mundo.\" \/>\n<meta name=\"robots\" content=\"index, follow, max-snippet:-1, max-image-preview:large, max-video-preview:-1\" \/>\n<link rel=\"canonical\" href=\"https:\/\/tps-elektronik.com\/es\/servicios\/\" \/>\n<meta property=\"og:locale\" content=\"es_ES\" \/>\n<meta property=\"og:type\" content=\"article\" \/>\n<meta property=\"og:title\" content=\"Ihr EMS Services aus einer Hand I TPS Elektronik GmbH\" \/>\n<meta property=\"og:description\" content=\"Als EMS Dienstleister entwickeln, produzieren, montieren wir im Auftrag unserer weltweiten Kunden elektronische Baugruppen, Ger\u00e4te, Systeme\" \/>\n<meta property=\"og:url\" content=\"https:\/\/tps-elektronik.com\/es\/servicios\/\" \/>\n<meta property=\"og:site_name\" content=\"TPS\" \/>\n<meta property=\"article:modified_time\" content=\"2026-04-15T08:50:23+00:00\" \/>\n<meta property=\"og:image\" content=\"https:\/\/tps-elektronik.com\/wp-content\/uploads\/2025\/05\/tps-elektronik-leistungen-header.jpeg\" \/>\n<meta name=\"twitter:card\" content=\"summary_large_image\" \/>\n<meta name=\"twitter:label1\" content=\"Tiempo de lectura\" \/>\n\t<meta name=\"twitter:data1\" content=\"1 minuto\" \/>\n<script type=\"application\/ld+json\" class=\"yoast-schema-graph\">{\"@context\":\"https:\\\/\\\/schema.org\",\"@graph\":[{\"@type\":\"WebPage\",\"@id\":\"https:\\\/\\\/tps-elektronik.com\\\/es\\\/servicios\\\/\",\"url\":\"https:\\\/\\\/tps-elektronik.com\\\/es\\\/servicios\\\/\",\"name\":\"Todos tus servicios de EMS de un solo proveedor: TPS Elektronik GmbH\",\"isPartOf\":{\"@id\":\"https:\\\/\\\/tps-elektronik.com\\\/es\\\/#website\"},\"primaryImageOfPage\":{\"@id\":\"https:\\\/\\\/tps-elektronik.com\\\/es\\\/servicios\\\/#primaryimage\"},\"image\":{\"@id\":\"https:\\\/\\\/tps-elektronik.com\\\/es\\\/servicios\\\/#primaryimage\"},\"thumbnailUrl\":\"https:\\\/\\\/tps-elektronik.com\\\/wp-content\\\/uploads\\\/2025\\\/05\\\/tps-elektronik-leistungen-header.jpeg\",\"datePublished\":\"2025-05-20T09:17:22+00:00\",\"dateModified\":\"2026-04-15T08:50:23+00:00\",\"description\":\"Como proveedor de servicios EMS, desarrollamos, fabricamos y montamos conjuntos, dispositivos y sistemas electr\u00f3nicos para nuestros clientes de todo el mundo.\",\"breadcrumb\":{\"@id\":\"https:\\\/\\\/tps-elektronik.com\\\/es\\\/servicios\\\/#breadcrumb\"},\"inLanguage\":\"es\",\"potentialAction\":[{\"@type\":\"ReadAction\",\"target\":[\"https:\\\/\\\/tps-elektronik.com\\\/es\\\/servicios\\\/\"]}]},{\"@type\":\"ImageObject\",\"inLanguage\":\"es\",\"@id\":\"https:\\\/\\\/tps-elektronik.com\\\/es\\\/servicios\\\/#primaryimage\",\"url\":\"https:\\\/\\\/tps-elektronik.com\\\/wp-content\\\/uploads\\\/2025\\\/05\\\/tps-elektronik-leistungen-header.jpeg\",\"contentUrl\":\"https:\\\/\\\/tps-elektronik.com\\\/wp-content\\\/uploads\\\/2025\\\/05\\\/tps-elektronik-leistungen-header.jpeg\",\"width\":1920,\"height\":1280},{\"@type\":\"BreadcrumbList\",\"@id\":\"https:\\\/\\\/tps-elektronik.com\\\/es\\\/servicios\\\/#breadcrumb\",\"itemListElement\":[{\"@type\":\"ListItem\",\"position\":1,\"name\":\"Startseite\",\"item\":\"https:\\\/\\\/tps-elektronik.com\\\/es\\\/\"},{\"@type\":\"ListItem\",\"position\":2,\"name\":\"Servicios\"}]},{\"@type\":\"WebSite\",\"@id\":\"https:\\\/\\\/tps-elektronik.com\\\/es\\\/#website\",\"url\":\"https:\\\/\\\/tps-elektronik.com\\\/es\\\/\",\"name\":\"TPS\",\"description\":\"\",\"potentialAction\":[{\"@type\":\"SearchAction\",\"target\":{\"@type\":\"EntryPoint\",\"urlTemplate\":\"https:\\\/\\\/tps-elektronik.com\\\/es\\\/?s={search_term_string}\"},\"query-input\":{\"@type\":\"PropertyValueSpecification\",\"valueRequired\":true,\"valueName\":\"search_term_string\"}}],\"inLanguage\":\"es\"}]}<\/script>\n<!-- \/ Yoast SEO plugin. -->","yoast_head_json":{"title":"Todos tus servicios de EMS de un solo proveedor: TPS Elektronik GmbH","description":"Como proveedor de servicios EMS, desarrollamos, fabricamos y montamos conjuntos, dispositivos y sistemas electr\u00f3nicos para nuestros clientes de todo el mundo.","robots":{"index":"index","follow":"follow","max-snippet":"max-snippet:-1","max-image-preview":"max-image-preview:large","max-video-preview":"max-video-preview:-1"},"canonical":"https:\/\/tps-elektronik.com\/es\/servicios\/","og_locale":"es_ES","og_type":"article","og_title":"Ihr EMS Services aus einer Hand I TPS Elektronik GmbH","og_description":"Als EMS Dienstleister entwickeln, produzieren, montieren wir im Auftrag unserer weltweiten Kunden elektronische Baugruppen, Ger\u00e4te, Systeme","og_url":"https:\/\/tps-elektronik.com\/es\/servicios\/","og_site_name":"TPS","article_modified_time":"2026-04-15T08:50:23+00:00","og_image":[{"url":"https:\/\/tps-elektronik.com\/wp-content\/uploads\/2025\/05\/tps-elektronik-leistungen-header.jpeg","type":"","width":"","height":""}],"twitter_card":"summary_large_image","twitter_misc":{"Tiempo de lectura":"1 minuto"},"schema":{"@context":"https:\/\/schema.org","@graph":[{"@type":"WebPage","@id":"https:\/\/tps-elektronik.com\/es\/servicios\/","url":"https:\/\/tps-elektronik.com\/es\/servicios\/","name":"Todos tus servicios de EMS de un solo proveedor: TPS Elektronik GmbH","isPartOf":{"@id":"https:\/\/tps-elektronik.com\/es\/#website"},"primaryImageOfPage":{"@id":"https:\/\/tps-elektronik.com\/es\/servicios\/#primaryimage"},"image":{"@id":"https:\/\/tps-elektronik.com\/es\/servicios\/#primaryimage"},"thumbnailUrl":"https:\/\/tps-elektronik.com\/wp-content\/uploads\/2025\/05\/tps-elektronik-leistungen-header.jpeg","datePublished":"2025-05-20T09:17:22+00:00","dateModified":"2026-04-15T08:50:23+00:00","description":"Como proveedor de servicios EMS, desarrollamos, fabricamos y montamos conjuntos, dispositivos y sistemas electr\u00f3nicos para nuestros clientes de todo el mundo.","breadcrumb":{"@id":"https:\/\/tps-elektronik.com\/es\/servicios\/#breadcrumb"},"inLanguage":"es","potentialAction":[{"@type":"ReadAction","target":["https:\/\/tps-elektronik.com\/es\/servicios\/"]}]},{"@type":"ImageObject","inLanguage":"es","@id":"https:\/\/tps-elektronik.com\/es\/servicios\/#primaryimage","url":"https:\/\/tps-elektronik.com\/wp-content\/uploads\/2025\/05\/tps-elektronik-leistungen-header.jpeg","contentUrl":"https:\/\/tps-elektronik.com\/wp-content\/uploads\/2025\/05\/tps-elektronik-leistungen-header.jpeg","width":1920,"height":1280},{"@type":"BreadcrumbList","@id":"https:\/\/tps-elektronik.com\/es\/servicios\/#breadcrumb","itemListElement":[{"@type":"ListItem","position":1,"name":"Startseite","item":"https:\/\/tps-elektronik.com\/es\/"},{"@type":"ListItem","position":2,"name":"Servicios"}]},{"@type":"WebSite","@id":"https:\/\/tps-elektronik.com\/es\/#website","url":"https:\/\/tps-elektronik.com\/es\/","name":"TPS","description":"","potentialAction":[{"@type":"SearchAction","target":{"@type":"EntryPoint","urlTemplate":"https:\/\/tps-elektronik.com\/es\/?s={search_term_string}"},"query-input":{"@type":"PropertyValueSpecification","valueRequired":true,"valueName":"search_term_string"}}],"inLanguage":"es"}]}},"_links":{"self":[{"href":"https:\/\/tps-elektronik.com\/es\/wp-json\/wp\/v2\/pages\/11018","targetHints":{"allow":["GET"]}}],"collection":[{"href":"https:\/\/tps-elektronik.com\/es\/wp-json\/wp\/v2\/pages"}],"about":[{"href":"https:\/\/tps-elektronik.com\/es\/wp-json\/wp\/v2\/types\/page"}],"author":[{"embeddable":true,"href":"https:\/\/tps-elektronik.com\/es\/wp-json\/wp\/v2\/users\/8"}],"replies":[{"embeddable":true,"href":"https:\/\/tps-elektronik.com\/es\/wp-json\/wp\/v2\/comments?post=11018"}],"version-history":[{"count":1,"href":"https:\/\/tps-elektronik.com\/es\/wp-json\/wp\/v2\/pages\/11018\/revisions"}],"predecessor-version":[{"id":11021,"href":"https:\/\/tps-elektronik.com\/es\/wp-json\/wp\/v2\/pages\/11018\/revisions\/11021"}],"wp:featuredmedia":[{"embeddable":true,"href":"https:\/\/tps-elektronik.com\/es\/wp-json\/wp\/v2\/media\/11019"}],"wp:attachment":[{"href":"https:\/\/tps-elektronik.com\/es\/wp-json\/wp\/v2\/media?parent=11018"}],"curies":[{"name":"wp","href":"https:\/\/api.w.org\/{rel}","templated":true}]}}