{"id":10961,"date":"2025-04-28T13:52:47","date_gmt":"2025-04-28T11:52:47","guid":{"rendered":"https:\/\/tps-elektronik.com\/?page_id=10961"},"modified":"2026-04-15T10:42:40","modified_gmt":"2026-04-15T08:42:40","slug":"inicio","status":"publish","type":"page","link":"https:\/\/tps-elektronik.com\/es\/","title":{"rendered":"Inicio"},"content":{"rendered":"","protected":false},"excerpt":{"rendered":"","protected":false},"author":1,"featured_media":0,"parent":0,"menu_order":0,"comment_status":"closed","ping_status":"closed","template":"page-home.php","meta":{"_acf_changed":false,"footnotes":""},"class_list":["post-10961","page","type-page","status-publish","hentry"],"acf":[],"yoast_head":"<!-- This site is optimized with the Yoast SEO plugin v27.4 - https:\/\/yoast.com\/product\/yoast-seo-wordpress\/ -->\n<title>Servicios y productos EMS en todo el mundo - TPS Elektronik GmbH<\/title>\n<meta name=\"description\" content=\"TPS Elektronik: su socio EMS para la electr\u00f3nica de potencia y las soluciones a medida. Desde el desarrollo y la creaci\u00f3n de prototipos hasta la fabricaci\u00f3n en serie, ofrecemos calidad certificada e innovaci\u00f3n.\" \/>\n<meta name=\"robots\" content=\"index, follow, max-snippet:-1, max-image-preview:large, max-video-preview:-1\" \/>\n<link rel=\"canonical\" href=\"https:\/\/tps-elektronik.com\/es\/\" \/>\n<meta property=\"og:locale\" content=\"es_ES\" \/>\n<meta property=\"og:type\" content=\"article\" \/>\n<meta property=\"og:title\" content=\"EMS Service und Produkte weltweit - TPS Elektronik GmbH\" \/>\n<meta property=\"og:description\" content=\"Leistungsstarker EMS Dienstleister mit Produkten von K\u00fchlung, Stromversorgung, Busbars und starken Services weltweit f\u00fcr Ihr individuelles Produkt\" \/>\n<meta property=\"og:url\" content=\"https:\/\/tps-elektronik.com\/es\/\" \/>\n<meta property=\"og:site_name\" content=\"TPS\" \/>\n<meta property=\"article:modified_time\" content=\"2026-04-15T08:42:40+00:00\" \/>\n<meta property=\"og:image\" content=\"https:\/\/tps-elektronik.com\/wp-content\/uploads\/2025\/04\/platzhalter-img-quer.jpg\" \/>\n<meta name=\"twitter:card\" content=\"summary_large_image\" \/>\n<script type=\"application\/ld+json\" class=\"yoast-schema-graph\">{\"@context\":\"https:\\\/\\\/schema.org\",\"@graph\":[{\"@type\":\"WebPage\",\"@id\":\"https:\\\/\\\/tps-elektronik.com\\\/es\\\/\",\"url\":\"https:\\\/\\\/tps-elektronik.com\\\/es\\\/\",\"name\":\"Servicios y productos EMS en todo el mundo - TPS Elektronik GmbH\",\"isPartOf\":{\"@id\":\"https:\\\/\\\/tps-elektronik.com\\\/es\\\/#website\"},\"datePublished\":\"2025-04-28T11:52:47+00:00\",\"dateModified\":\"2026-04-15T08:42:40+00:00\",\"description\":\"TPS Elektronik: su socio EMS para la electr\u00f3nica de potencia y las soluciones a medida. Desde el desarrollo y la creaci\u00f3n de prototipos hasta la fabricaci\u00f3n en serie, ofrecemos calidad certificada e innovaci\u00f3n.\",\"breadcrumb\":{\"@id\":\"https:\\\/\\\/tps-elektronik.com\\\/es\\\/#breadcrumb\"},\"inLanguage\":\"es\",\"potentialAction\":[{\"@type\":\"ReadAction\",\"target\":[\"https:\\\/\\\/tps-elektronik.com\\\/es\\\/\"]}]},{\"@type\":\"BreadcrumbList\",\"@id\":\"https:\\\/\\\/tps-elektronik.com\\\/es\\\/#breadcrumb\",\"itemListElement\":[{\"@type\":\"ListItem\",\"position\":1,\"name\":\"Startseite\",\"item\":\"https:\\\/\\\/tps-elektronik.com\\\/es\\\/\"},{\"@type\":\"ListItem\",\"position\":2,\"name\":\"Inicio\"}]},{\"@type\":\"WebSite\",\"@id\":\"https:\\\/\\\/tps-elektronik.com\\\/es\\\/#website\",\"url\":\"https:\\\/\\\/tps-elektronik.com\\\/es\\\/\",\"name\":\"TPS\",\"description\":\"\",\"potentialAction\":[{\"@type\":\"SearchAction\",\"target\":{\"@type\":\"EntryPoint\",\"urlTemplate\":\"https:\\\/\\\/tps-elektronik.com\\\/es\\\/?s={search_term_string}\"},\"query-input\":{\"@type\":\"PropertyValueSpecification\",\"valueRequired\":true,\"valueName\":\"search_term_string\"}}],\"inLanguage\":\"es\"}]}<\/script>\n<!-- \/ Yoast SEO plugin. -->","yoast_head_json":{"title":"Servicios y productos EMS en todo el mundo - TPS Elektronik GmbH","description":"TPS Elektronik: su socio EMS para la electr\u00f3nica de potencia y las soluciones a medida. Desde el desarrollo y la creaci\u00f3n de prototipos hasta la fabricaci\u00f3n en serie, ofrecemos calidad certificada e innovaci\u00f3n.","robots":{"index":"index","follow":"follow","max-snippet":"max-snippet:-1","max-image-preview":"max-image-preview:large","max-video-preview":"max-video-preview:-1"},"canonical":"https:\/\/tps-elektronik.com\/es\/","og_locale":"es_ES","og_type":"article","og_title":"EMS Service und Produkte weltweit - TPS Elektronik GmbH","og_description":"Leistungsstarker EMS Dienstleister mit Produkten von K\u00fchlung, Stromversorgung, Busbars und starken Services weltweit f\u00fcr Ihr individuelles Produkt","og_url":"https:\/\/tps-elektronik.com\/es\/","og_site_name":"TPS","article_modified_time":"2026-04-15T08:42:40+00:00","og_image":[{"url":"https:\/\/tps-elektronik.com\/wp-content\/uploads\/2025\/04\/platzhalter-img-quer.jpg","type":"","width":"","height":""}],"twitter_card":"summary_large_image","schema":{"@context":"https:\/\/schema.org","@graph":[{"@type":"WebPage","@id":"https:\/\/tps-elektronik.com\/es\/","url":"https:\/\/tps-elektronik.com\/es\/","name":"Servicios y productos EMS en todo el mundo - TPS Elektronik GmbH","isPartOf":{"@id":"https:\/\/tps-elektronik.com\/es\/#website"},"datePublished":"2025-04-28T11:52:47+00:00","dateModified":"2026-04-15T08:42:40+00:00","description":"TPS Elektronik: su socio EMS para la electr\u00f3nica de potencia y las soluciones a medida. Desde el desarrollo y la creaci\u00f3n de prototipos hasta la fabricaci\u00f3n en serie, ofrecemos calidad certificada e innovaci\u00f3n.","breadcrumb":{"@id":"https:\/\/tps-elektronik.com\/es\/#breadcrumb"},"inLanguage":"es","potentialAction":[{"@type":"ReadAction","target":["https:\/\/tps-elektronik.com\/es\/"]}]},{"@type":"BreadcrumbList","@id":"https:\/\/tps-elektronik.com\/es\/#breadcrumb","itemListElement":[{"@type":"ListItem","position":1,"name":"Startseite","item":"https:\/\/tps-elektronik.com\/es\/"},{"@type":"ListItem","position":2,"name":"Inicio"}]},{"@type":"WebSite","@id":"https:\/\/tps-elektronik.com\/es\/#website","url":"https:\/\/tps-elektronik.com\/es\/","name":"TPS","description":"","potentialAction":[{"@type":"SearchAction","target":{"@type":"EntryPoint","urlTemplate":"https:\/\/tps-elektronik.com\/es\/?s={search_term_string}"},"query-input":{"@type":"PropertyValueSpecification","valueRequired":true,"valueName":"search_term_string"}}],"inLanguage":"es"}]}},"_links":{"self":[{"href":"https:\/\/tps-elektronik.com\/es\/wp-json\/wp\/v2\/pages\/10961","targetHints":{"allow":["GET"]}}],"collection":[{"href":"https:\/\/tps-elektronik.com\/es\/wp-json\/wp\/v2\/pages"}],"about":[{"href":"https:\/\/tps-elektronik.com\/es\/wp-json\/wp\/v2\/types\/page"}],"author":[{"embeddable":true,"href":"https:\/\/tps-elektronik.com\/es\/wp-json\/wp\/v2\/users\/1"}],"replies":[{"embeddable":true,"href":"https:\/\/tps-elektronik.com\/es\/wp-json\/wp\/v2\/comments?post=10961"}],"version-history":[{"count":2,"href":"https:\/\/tps-elektronik.com\/es\/wp-json\/wp\/v2\/pages\/10961\/revisions"}],"predecessor-version":[{"id":11016,"href":"https:\/\/tps-elektronik.com\/es\/wp-json\/wp\/v2\/pages\/10961\/revisions\/11016"}],"wp:attachment":[{"href":"https:\/\/tps-elektronik.com\/es\/wp-json\/wp\/v2\/media?parent=10961"}],"curies":[{"name":"wp","href":"https:\/\/api.w.org\/{rel}","templated":true}]}}