{"id":1243,"date":"2025-04-28T15:55:38","date_gmt":"2025-04-28T13:55:38","guid":{"rendered":"https:\/\/tps-elektronik.com\/impressum\/"},"modified":"2025-07-16T11:15:24","modified_gmt":"2025-07-16T09:15:24","slug":"legal-notice","status":"publish","type":"page","link":"https:\/\/tps-elektronik.com\/en\/legal-notice\/","title":{"rendered":"Legal Notice"},"content":{"rendered":"\n<div class=\"wp-block-columns is-layout-flex wp-container-core-columns-is-layout-9d6595d7 wp-block-columns-is-layout-flex\">\n<div class=\"wp-block-column is-layout-flow wp-block-column-is-layout-flow\">\n<p><strong>TPS Elektronik GmbH<\/strong><br>Senefelderstra\u00dfe 8<br>D-41066 M\u00f6nchengladbach<br><\/p>\n\n\n\n<p><strong>Responsible for the content<\/strong><\/p>\n\n\n\n<p><strong>TPS Elektronik GmbH<\/strong><br>Senefelderstra\u00dfe 8<br>D-41066 M\u00f6nchengladbach<\/p>\n\n\n\n<p><strong>Tel.:<\/strong>\u00a0+49 (0) 21 61 &#8211; 49 52 6 &#8211; 0<br><strong>Fax:<\/strong>\u00a0+49 (0) 21 61 &#8211; 49 52 6 &#8211; 29<br><strong>E-Mail<\/strong>:\u00a0<a href=\"mailto:office@tps-elektronik.com\">office@tps-elektronik.com<\/a><br><strong>Web<\/strong>:\u00a0<a href=\"http:\/\/www.tps-elektronik.com\" target=\"_blank\" rel=\"noopener noreferrer nofollow\">http:\/\/www.tps-elektronik.com<\/a><\/p>\n\n\n\n<p>Managing Director: Dipl. Ing. Zhiyi Li<\/p>\n\n\n\n<p><strong>Entry in the commercial register.<\/strong><br><strong>Register court: <\/strong>Local court M\u00f6nchengladbach<br><strong>Register number: <\/strong>HRB 6392<\/p>\n\n\n\n<p><strong>Value added tax identification number in accordance with \u00a727 a of the Value Added Tax Act:<\/strong><br>DE 209 364 155<\/p>\n\n\n\n<p><strong>Contact person V.i.S.d.P.:<\/strong><br>Dipl. Ing. Zhiyi Li<\/p>\n\n\n\n<p><strong>Legal notice<\/strong><\/p>\n\n\n\n<p><strong>Dispute resolution<\/strong><\/p>\n\n\n\n<p>The European Commission provides a platform for online dispute resolution (ODR): h<a href=\"https:\/\/ec.europa.eu\/consumers\/odr\/main\/index.cfm?event=main.home.chooseLanguage\" target=\"_blank\" rel=\"noreferrer noopener\">ttps:\/\/ec.europa.eu\/consumers\/odr.<\/a><\/p>\n\n\n\n<p>Since 20 March 2025, complaints can no longer be submitted via the ODR platform.<\/p>\n\n\n\n<p>You can find our email address in the legal notice above.<\/p>\n\n\n\n<p>Consumer dispute resolution<\/p>\n\n\n\n<p>We are not willing or obliged to participate in dispute resolution proceedings before a consumer arbitration board.<\/p>\n\n\n\n<p><strong>Liability for content<\/strong><br>As a service provider, we are responsible for our own content on these pages in accordance with \u00a7 5 DDG and general legislation. However, as a service provider, we are not obliged to monitor transmitted or stored third-party information or to investigate circumstances that indicate illegal activity.<\/p>\n\n\n\n<p>Obligations to remove or block the use of information in accordance with general legislation remain unaffected by this. However, liability in this respect is only possible from the time of knowledge of a specific infringement. As soon as we become aware of such infringements, we will remove this content immediately.<\/p>\n\n\n\n<p><strong>Liability for links<\/strong><br>Our website contains links to external third-party websites over whose content we have no influence. Therefore, we cannot accept any liability for this third-party content. The respective provider or operator of the pages is always responsible for the content of the linked pages. The linked pages were checked for possible legal violations at the time of linking. Illegal content was not recognisable at the time of linking.<\/p>\n\n\n\n<p>However, permanent monitoring of the content of the linked pages is not reasonable without concrete evidence of an infringement. If we become aware of any legal infringements, we will remove such links immediately.<br><\/p>\n\n\n\n<p><strong>Copyright<\/strong><br>The content and works created by the site operators on these pages are subject to German copyright law. Duplication, processing, distribution and any kind of utilisation outside the limits of copyright law require the written consent of the respective author or creator. Downloads and copies of this site are only permitted for private, non-commercial use.<\/p>\n\n\n\n<p>Insofar as the content on this site was not created by the operator, the copyrights of third parties are respected. In particular, third-party content is labelled as such. Should you nevertheless become aware of a copyright infringement, please inform us accordingly. If we become aware of any infringements, we will remove such content immediately.<br><\/p>\n\n\n\n<p><\/p>\n<\/div>\n<\/div>\n","protected":false},"excerpt":{"rendered":"<p>TPS Elektronik GmbHSenefelderstra\u00dfe 8D-41066 M\u00f6nchengladbach Responsible for the content TPS Elektronik GmbHSenefelderstra\u00dfe 8D-41066 M\u00f6nchengladbach Tel.:\u00a0+49 (0) 21 61 &#8211; 49 52 6 &#8211; 0Fax:\u00a0+49 (0) 21 61 &#8211; 49 52 6 &#8211; 29E-Mail:\u00a0office@tps-elektronik.comWeb:\u00a0http:\/\/www.tps-elektronik.com Managing Director: Dipl. Ing. Zhiyi Li Entry in the commercial register.Register court: Local court M\u00f6nchengladbachRegister number: HRB 6392 Value added tax identification\u2026 <a href=\"https:\/\/tps-elektronik.com\/en\/legal-notice\/\">Read More &raquo;<\/a><\/p>\n","protected":false},"author":1,"featured_media":0,"parent":0,"menu_order":98,"comment_status":"closed","ping_status":"closed","template":"page-rechtliches.php","meta":{"_acf_changed":false,"footnotes":""},"class_list":["post-1243","page","type-page","status-publish","hentry"],"acf":[],"yoast_head":"<!-- This site is optimized with the Yoast SEO plugin v27.3 - https:\/\/yoast.com\/product\/yoast-seo-wordpress\/ -->\n<title>Impressum der TPS Elektronik GmbH in Deutschland<\/title>\n<meta name=\"description\" content=\"Alle rechtlichen Angaben zu unserem Standort und unserer Website finden Sie hier: TPS Elektronik GmbH, Senefelderstra\u00dfe 8, 41066 M\u00f6nchengladbach\" \/>\n<meta name=\"robots\" content=\"index, follow, max-snippet:-1, max-image-preview:large, max-video-preview:-1\" \/>\n<link rel=\"canonical\" href=\"https:\/\/tps-elektronik.com\/en\/legal-notice\/\" \/>\n<meta property=\"og:locale\" content=\"en_US\" \/>\n<meta property=\"og:type\" content=\"article\" \/>\n<meta property=\"og:title\" content=\"Impressum der TPS Elektronik GmbH in Deutschland\" \/>\n<meta property=\"og:description\" content=\"Alle rechtlichen Angaben zu unserem Standort und unserer Website finden Sie hier: TPS Elektronik GmbH, Senefelderstra\u00dfe 8, 41066 M\u00f6nchengladbach\" \/>\n<meta property=\"og:url\" content=\"https:\/\/tps-elektronik.com\/en\/legal-notice\/\" \/>\n<meta property=\"og:site_name\" content=\"TPS\" \/>\n<meta property=\"article:modified_time\" content=\"2025-07-16T09:15:24+00:00\" \/>\n<meta property=\"og:image\" content=\"https:\/\/tps-elektronik.com\/wp-content\/uploads\/2025\/06\/tps-elektronik-platzhalter-historie.jpg\" \/>\n<meta name=\"twitter:card\" content=\"summary_large_image\" \/>\n<meta name=\"twitter:label1\" content=\"Est. reading time\" \/>\n\t<meta name=\"twitter:data1\" content=\"3 minutes\" \/>\n<script type=\"application\/ld+json\" class=\"yoast-schema-graph\">{\"@context\":\"https:\\\/\\\/schema.org\",\"@graph\":[{\"@type\":\"WebPage\",\"@id\":\"https:\\\/\\\/tps-elektronik.com\\\/en\\\/legal-notice\\\/\",\"url\":\"https:\\\/\\\/tps-elektronik.com\\\/en\\\/legal-notice\\\/\",\"name\":\"Impressum der TPS Elektronik GmbH in Deutschland\",\"isPartOf\":{\"@id\":\"https:\\\/\\\/tps-elektronik.com\\\/en\\\/#website\"},\"datePublished\":\"2025-04-28T13:55:38+00:00\",\"dateModified\":\"2025-07-16T09:15:24+00:00\",\"description\":\"Alle rechtlichen Angaben zu unserem Standort und unserer Website finden Sie hier: TPS Elektronik GmbH, Senefelderstra\u00dfe 8, 41066 M\u00f6nchengladbach\",\"breadcrumb\":{\"@id\":\"https:\\\/\\\/tps-elektronik.com\\\/en\\\/legal-notice\\\/#breadcrumb\"},\"inLanguage\":\"en-US\",\"potentialAction\":[{\"@type\":\"ReadAction\",\"target\":[\"https:\\\/\\\/tps-elektronik.com\\\/en\\\/legal-notice\\\/\"]}]},{\"@type\":\"BreadcrumbList\",\"@id\":\"https:\\\/\\\/tps-elektronik.com\\\/en\\\/legal-notice\\\/#breadcrumb\",\"itemListElement\":[{\"@type\":\"ListItem\",\"position\":1,\"name\":\"Startseite\",\"item\":\"https:\\\/\\\/tps-elektronik.com\\\/en\\\/\"},{\"@type\":\"ListItem\",\"position\":2,\"name\":\"Legal Notice\"}]},{\"@type\":\"WebSite\",\"@id\":\"https:\\\/\\\/tps-elektronik.com\\\/en\\\/#website\",\"url\":\"https:\\\/\\\/tps-elektronik.com\\\/en\\\/\",\"name\":\"TPS\",\"description\":\"\",\"potentialAction\":[{\"@type\":\"SearchAction\",\"target\":{\"@type\":\"EntryPoint\",\"urlTemplate\":\"https:\\\/\\\/tps-elektronik.com\\\/en\\\/?s={search_term_string}\"},\"query-input\":{\"@type\":\"PropertyValueSpecification\",\"valueRequired\":true,\"valueName\":\"search_term_string\"}}],\"inLanguage\":\"en-US\"}]}<\/script>\n<!-- \/ Yoast SEO plugin. -->","yoast_head_json":{"title":"Impressum der TPS Elektronik GmbH in Deutschland","description":"Alle rechtlichen Angaben zu unserem Standort und unserer Website finden Sie hier: TPS Elektronik GmbH, Senefelderstra\u00dfe 8, 41066 M\u00f6nchengladbach","robots":{"index":"index","follow":"follow","max-snippet":"max-snippet:-1","max-image-preview":"max-image-preview:large","max-video-preview":"max-video-preview:-1"},"canonical":"https:\/\/tps-elektronik.com\/en\/legal-notice\/","og_locale":"en_US","og_type":"article","og_title":"Impressum der TPS Elektronik GmbH in Deutschland","og_description":"Alle rechtlichen Angaben zu unserem Standort und unserer Website finden Sie hier: TPS Elektronik GmbH, Senefelderstra\u00dfe 8, 41066 M\u00f6nchengladbach","og_url":"https:\/\/tps-elektronik.com\/en\/legal-notice\/","og_site_name":"TPS","article_modified_time":"2025-07-16T09:15:24+00:00","og_image":[{"url":"https:\/\/tps-elektronik.com\/wp-content\/uploads\/2025\/06\/tps-elektronik-platzhalter-historie.jpg","type":"","width":"","height":""}],"twitter_card":"summary_large_image","twitter_misc":{"Est. reading time":"3 minutes"},"schema":{"@context":"https:\/\/schema.org","@graph":[{"@type":"WebPage","@id":"https:\/\/tps-elektronik.com\/en\/legal-notice\/","url":"https:\/\/tps-elektronik.com\/en\/legal-notice\/","name":"Impressum der TPS Elektronik GmbH in Deutschland","isPartOf":{"@id":"https:\/\/tps-elektronik.com\/en\/#website"},"datePublished":"2025-04-28T13:55:38+00:00","dateModified":"2025-07-16T09:15:24+00:00","description":"Alle rechtlichen Angaben zu unserem Standort und unserer Website finden Sie hier: TPS Elektronik GmbH, Senefelderstra\u00dfe 8, 41066 M\u00f6nchengladbach","breadcrumb":{"@id":"https:\/\/tps-elektronik.com\/en\/legal-notice\/#breadcrumb"},"inLanguage":"en-US","potentialAction":[{"@type":"ReadAction","target":["https:\/\/tps-elektronik.com\/en\/legal-notice\/"]}]},{"@type":"BreadcrumbList","@id":"https:\/\/tps-elektronik.com\/en\/legal-notice\/#breadcrumb","itemListElement":[{"@type":"ListItem","position":1,"name":"Startseite","item":"https:\/\/tps-elektronik.com\/en\/"},{"@type":"ListItem","position":2,"name":"Legal Notice"}]},{"@type":"WebSite","@id":"https:\/\/tps-elektronik.com\/en\/#website","url":"https:\/\/tps-elektronik.com\/en\/","name":"TPS","description":"","potentialAction":[{"@type":"SearchAction","target":{"@type":"EntryPoint","urlTemplate":"https:\/\/tps-elektronik.com\/en\/?s={search_term_string}"},"query-input":{"@type":"PropertyValueSpecification","valueRequired":true,"valueName":"search_term_string"}}],"inLanguage":"en-US"}]}},"_links":{"self":[{"href":"https:\/\/tps-elektronik.com\/en\/wp-json\/wp\/v2\/pages\/1243","targetHints":{"allow":["GET"]}}],"collection":[{"href":"https:\/\/tps-elektronik.com\/en\/wp-json\/wp\/v2\/pages"}],"about":[{"href":"https:\/\/tps-elektronik.com\/en\/wp-json\/wp\/v2\/types\/page"}],"author":[{"embeddable":true,"href":"https:\/\/tps-elektronik.com\/en\/wp-json\/wp\/v2\/users\/1"}],"replies":[{"embeddable":true,"href":"https:\/\/tps-elektronik.com\/en\/wp-json\/wp\/v2\/comments?post=1243"}],"version-history":[{"count":3,"href":"https:\/\/tps-elektronik.com\/en\/wp-json\/wp\/v2\/pages\/1243\/revisions"}],"predecessor-version":[{"id":1273,"href":"https:\/\/tps-elektronik.com\/en\/wp-json\/wp\/v2\/pages\/1243\/revisions\/1273"}],"wp:attachment":[{"href":"https:\/\/tps-elektronik.com\/en\/wp-json\/wp\/v2\/media?parent=1243"}],"curies":[{"name":"wp","href":"https:\/\/api.w.org\/{rel}","templated":true}]}}