{"id":1045,"date":"2025-04-28T15:53:39","date_gmt":"2025-04-28T13:53:39","guid":{"rendered":"https:\/\/tps-elektronik.com\/produkte\/"},"modified":"2025-07-15T15:10:15","modified_gmt":"2025-07-15T13:10:15","slug":"produkts","status":"publish","type":"page","link":"https:\/\/tps-elektronik.com\/en\/produkts\/","title":{"rendered":"Products"},"content":{"rendered":"\n<h2 class=\"wp-block-heading\">Commitment to quality<\/h2>\n\n\n\n<div class=\"wp-block-columns is-layout-flex wp-container-core-columns-is-layout-9d6595d7 wp-block-columns-is-layout-flex\">\n<div class=\"wp-block-column is-layout-flow wp-block-column-is-layout-flow\">\n<p>As a contract manufacturer of devices for the power electronics industry, we place great importance on quality. To provide our customers with products and services of the highest quality, we are committed to the following:<\/p>\n\n\n\n<p><strong>Quality management<\/strong><br>We have implemented a comprehensive quality management system that covers the entire process from raw material procurement to product delivery. Through stringent quality control processes, we ensure that every step fulfils the highest requirements and standards.<br><br>Our quality management system is regularly reviewed and optimised in order to adapt it to changing market requirements and technological developments.<\/p>\n\n\n\n<p><strong>High-quality raw materials<\/strong><br>Wir w\u00e4hlen ausschlie\u00dflich Lieferanten aus, die streng gepr\u00fcft und zertifiziert wurden, um sicherzustellen, dass die erworbenen Rohstoffe unseren hohen Qualit\u00e4tsanforderungen entsprechen. Um zu verhindern, dass ungeeignete Materialien in den Produktionsprozess gelangen, werden die Rohstoffe streng \u00fcberwacht und getestet.<\/p>\n\n\n\n<p><strong>Technology and equipment<\/strong><br>We use advanced production technologies and equipment to increase production efficiency and improve the stability of product quality. We continuously introduce new technologies and processes to improve our production capacity and the competitiveness of our products.<\/p>\n<\/div>\n\n\n\n<div class=\"wp-block-column is-layout-flow wp-block-column-is-layout-flow\">\n<p><strong>Highly qualified team of technicians<\/strong><br>We have an experienced and knowledgeable team of technicians who can offer our customers professional technical support and solutions. We provide regular training and assessment to the technical staff to continuously improve their technical level and overall quality.<\/p>\n\n\n\n<p><strong>Strict end product testing<\/strong><br>Each batch of finished products is rigorously inspected and tested to ensure that the products meet the relevant standards and customer requirements. Only products that successfully pass the test can be delivered to customers. This ensures that customers receive high quality products.<\/p>\n\n\n\n<p><strong>Excellent customer service<\/strong><br>We offer comprehensive customer service and respond promptly to customers&#8217; needs and feedback. We listen to our customers&#8217; questions and suggestions and develop practical and effective solutions on this basis.<\/p>\n<\/div>\n<\/div>\n","protected":false},"excerpt":{"rendered":"<p>Commitment to quality As a contract manufacturer of devices for the power electronics industry, we place great importance on quality. To provide our customers with products and services of the highest quality, we are committed to the following: Quality managementWe have implemented a comprehensive quality management system that covers the entire process from raw material\u2026 <a href=\"https:\/\/tps-elektronik.com\/en\/produkts\/\">Read More &raquo;<\/a><\/p>\n","protected":false},"author":1,"featured_media":874,"parent":0,"menu_order":2,"comment_status":"closed","ping_status":"closed","template":"page-produkte.php","meta":{"_acf_changed":false,"footnotes":""},"class_list":["post-1045","page","type-page","status-publish","has-post-thumbnail","hentry"],"acf":[],"yoast_head":"<!-- This site is optimized with the Yoast SEO plugin v27.3 - https:\/\/yoast.com\/product\/yoast-seo-wordpress\/ -->\n<title>EMS Produkte mit h\u00f6chster Qualit\u00e4t I TPS Elektronik GmbH<\/title>\n<meta name=\"description\" content=\"Als Auftragsfertiger von Ger\u00e4ten f\u00fcr die Leistungselektronikindustrie legen wir, das TPS Elektronik Team, gro\u00dfen Wert auf Qualit\u00e4t. Lernen Sie uns kennen.\" \/>\n<meta name=\"robots\" content=\"index, follow, max-snippet:-1, max-image-preview:large, max-video-preview:-1\" \/>\n<link rel=\"canonical\" href=\"https:\/\/tps-elektronik.com\/en\/produkts\/\" \/>\n<meta property=\"og:locale\" content=\"en_US\" \/>\n<meta property=\"og:type\" content=\"article\" \/>\n<meta property=\"og:title\" content=\"EMS Produkte mit h\u00f6chster Qualit\u00e4t I TPS Elektronik GmbH\" \/>\n<meta property=\"og:description\" content=\"Als Auftragsfertiger von Ger\u00e4ten f\u00fcr die Leistungselektronikindustrie legen wir, das TPS Elektronik Team, gro\u00dfen Wert auf Qualit\u00e4t. Lernen Sie uns kennen.\" \/>\n<meta property=\"og:url\" content=\"https:\/\/tps-elektronik.com\/en\/produkts\/\" \/>\n<meta property=\"og:site_name\" content=\"TPS\" \/>\n<meta property=\"article:modified_time\" content=\"2025-07-15T13:10:15+00:00\" \/>\n<meta property=\"og:image\" content=\"https:\/\/tps-elektronik.com\/wp-content\/uploads\/2025\/05\/tps-elektronik-ems-service-pcb-bestueckung.jpg\" \/>\n<meta name=\"twitter:card\" content=\"summary_large_image\" \/>\n<meta name=\"twitter:label1\" content=\"Est. reading time\" \/>\n\t<meta name=\"twitter:data1\" content=\"2 minutes\" \/>\n<script type=\"application\/ld+json\" class=\"yoast-schema-graph\">{\"@context\":\"https:\\\/\\\/schema.org\",\"@graph\":[{\"@type\":\"WebPage\",\"@id\":\"https:\\\/\\\/tps-elektronik.com\\\/en\\\/produkts\\\/\",\"url\":\"https:\\\/\\\/tps-elektronik.com\\\/en\\\/produkts\\\/\",\"name\":\"EMS Produkte mit h\u00f6chster Qualit\u00e4t I TPS Elektronik GmbH\",\"isPartOf\":{\"@id\":\"https:\\\/\\\/tps-elektronik.com\\\/en\\\/#website\"},\"primaryImageOfPage\":{\"@id\":\"https:\\\/\\\/tps-elektronik.com\\\/en\\\/produkts\\\/#primaryimage\"},\"image\":{\"@id\":\"https:\\\/\\\/tps-elektronik.com\\\/en\\\/produkts\\\/#primaryimage\"},\"thumbnailUrl\":\"https:\\\/\\\/tps-elektronik.com\\\/wp-content\\\/uploads\\\/2025\\\/04\\\/platzhalter-img-header-unterseiten.jpg\",\"datePublished\":\"2025-04-28T13:53:39+00:00\",\"dateModified\":\"2025-07-15T13:10:15+00:00\",\"description\":\"Als Auftragsfertiger von Ger\u00e4ten f\u00fcr die Leistungselektronikindustrie legen wir, das TPS Elektronik Team, gro\u00dfen Wert auf Qualit\u00e4t. Lernen Sie uns kennen.\",\"breadcrumb\":{\"@id\":\"https:\\\/\\\/tps-elektronik.com\\\/en\\\/produkts\\\/#breadcrumb\"},\"inLanguage\":\"en-US\",\"potentialAction\":[{\"@type\":\"ReadAction\",\"target\":[\"https:\\\/\\\/tps-elektronik.com\\\/en\\\/produkts\\\/\"]}]},{\"@type\":\"ImageObject\",\"inLanguage\":\"en-US\",\"@id\":\"https:\\\/\\\/tps-elektronik.com\\\/en\\\/produkts\\\/#primaryimage\",\"url\":\"https:\\\/\\\/tps-elektronik.com\\\/wp-content\\\/uploads\\\/2025\\\/04\\\/platzhalter-img-header-unterseiten.jpg\",\"contentUrl\":\"https:\\\/\\\/tps-elektronik.com\\\/wp-content\\\/uploads\\\/2025\\\/04\\\/platzhalter-img-header-unterseiten.jpg\",\"width\":1920,\"height\":817},{\"@type\":\"BreadcrumbList\",\"@id\":\"https:\\\/\\\/tps-elektronik.com\\\/en\\\/produkts\\\/#breadcrumb\",\"itemListElement\":[{\"@type\":\"ListItem\",\"position\":1,\"name\":\"Startseite\",\"item\":\"https:\\\/\\\/tps-elektronik.com\\\/en\\\/\"},{\"@type\":\"ListItem\",\"position\":2,\"name\":\"Products\"}]},{\"@type\":\"WebSite\",\"@id\":\"https:\\\/\\\/tps-elektronik.com\\\/en\\\/#website\",\"url\":\"https:\\\/\\\/tps-elektronik.com\\\/en\\\/\",\"name\":\"TPS\",\"description\":\"\",\"potentialAction\":[{\"@type\":\"SearchAction\",\"target\":{\"@type\":\"EntryPoint\",\"urlTemplate\":\"https:\\\/\\\/tps-elektronik.com\\\/en\\\/?s={search_term_string}\"},\"query-input\":{\"@type\":\"PropertyValueSpecification\",\"valueRequired\":true,\"valueName\":\"search_term_string\"}}],\"inLanguage\":\"en-US\"}]}<\/script>\n<!-- \/ Yoast SEO plugin. -->","yoast_head_json":{"title":"EMS Produkte mit h\u00f6chster Qualit\u00e4t I TPS Elektronik GmbH","description":"Als Auftragsfertiger von Ger\u00e4ten f\u00fcr die Leistungselektronikindustrie legen wir, das TPS Elektronik Team, gro\u00dfen Wert auf Qualit\u00e4t. Lernen Sie uns kennen.","robots":{"index":"index","follow":"follow","max-snippet":"max-snippet:-1","max-image-preview":"max-image-preview:large","max-video-preview":"max-video-preview:-1"},"canonical":"https:\/\/tps-elektronik.com\/en\/produkts\/","og_locale":"en_US","og_type":"article","og_title":"EMS Produkte mit h\u00f6chster Qualit\u00e4t I TPS Elektronik GmbH","og_description":"Als Auftragsfertiger von Ger\u00e4ten f\u00fcr die Leistungselektronikindustrie legen wir, das TPS Elektronik Team, gro\u00dfen Wert auf Qualit\u00e4t. Lernen Sie uns kennen.","og_url":"https:\/\/tps-elektronik.com\/en\/produkts\/","og_site_name":"TPS","article_modified_time":"2025-07-15T13:10:15+00:00","og_image":[{"url":"https:\/\/tps-elektronik.com\/wp-content\/uploads\/2025\/05\/tps-elektronik-ems-service-pcb-bestueckung.jpg","type":"","width":"","height":""}],"twitter_card":"summary_large_image","twitter_misc":{"Est. reading time":"2 minutes"},"schema":{"@context":"https:\/\/schema.org","@graph":[{"@type":"WebPage","@id":"https:\/\/tps-elektronik.com\/en\/produkts\/","url":"https:\/\/tps-elektronik.com\/en\/produkts\/","name":"EMS Produkte mit h\u00f6chster Qualit\u00e4t I TPS Elektronik GmbH","isPartOf":{"@id":"https:\/\/tps-elektronik.com\/en\/#website"},"primaryImageOfPage":{"@id":"https:\/\/tps-elektronik.com\/en\/produkts\/#primaryimage"},"image":{"@id":"https:\/\/tps-elektronik.com\/en\/produkts\/#primaryimage"},"thumbnailUrl":"https:\/\/tps-elektronik.com\/wp-content\/uploads\/2025\/04\/platzhalter-img-header-unterseiten.jpg","datePublished":"2025-04-28T13:53:39+00:00","dateModified":"2025-07-15T13:10:15+00:00","description":"Als Auftragsfertiger von Ger\u00e4ten f\u00fcr die Leistungselektronikindustrie legen wir, das TPS Elektronik Team, gro\u00dfen Wert auf Qualit\u00e4t. Lernen Sie uns kennen.","breadcrumb":{"@id":"https:\/\/tps-elektronik.com\/en\/produkts\/#breadcrumb"},"inLanguage":"en-US","potentialAction":[{"@type":"ReadAction","target":["https:\/\/tps-elektronik.com\/en\/produkts\/"]}]},{"@type":"ImageObject","inLanguage":"en-US","@id":"https:\/\/tps-elektronik.com\/en\/produkts\/#primaryimage","url":"https:\/\/tps-elektronik.com\/wp-content\/uploads\/2025\/04\/platzhalter-img-header-unterseiten.jpg","contentUrl":"https:\/\/tps-elektronik.com\/wp-content\/uploads\/2025\/04\/platzhalter-img-header-unterseiten.jpg","width":1920,"height":817},{"@type":"BreadcrumbList","@id":"https:\/\/tps-elektronik.com\/en\/produkts\/#breadcrumb","itemListElement":[{"@type":"ListItem","position":1,"name":"Startseite","item":"https:\/\/tps-elektronik.com\/en\/"},{"@type":"ListItem","position":2,"name":"Products"}]},{"@type":"WebSite","@id":"https:\/\/tps-elektronik.com\/en\/#website","url":"https:\/\/tps-elektronik.com\/en\/","name":"TPS","description":"","potentialAction":[{"@type":"SearchAction","target":{"@type":"EntryPoint","urlTemplate":"https:\/\/tps-elektronik.com\/en\/?s={search_term_string}"},"query-input":{"@type":"PropertyValueSpecification","valueRequired":true,"valueName":"search_term_string"}}],"inLanguage":"en-US"}]}},"_links":{"self":[{"href":"https:\/\/tps-elektronik.com\/en\/wp-json\/wp\/v2\/pages\/1045","targetHints":{"allow":["GET"]}}],"collection":[{"href":"https:\/\/tps-elektronik.com\/en\/wp-json\/wp\/v2\/pages"}],"about":[{"href":"https:\/\/tps-elektronik.com\/en\/wp-json\/wp\/v2\/types\/page"}],"author":[{"embeddable":true,"href":"https:\/\/tps-elektronik.com\/en\/wp-json\/wp\/v2\/users\/1"}],"replies":[{"embeddable":true,"href":"https:\/\/tps-elektronik.com\/en\/wp-json\/wp\/v2\/comments?post=1045"}],"version-history":[{"count":2,"href":"https:\/\/tps-elektronik.com\/en\/wp-json\/wp\/v2\/pages\/1045\/revisions"}],"predecessor-version":[{"id":1202,"href":"https:\/\/tps-elektronik.com\/en\/wp-json\/wp\/v2\/pages\/1045\/revisions\/1202"}],"wp:featuredmedia":[{"embeddable":true,"href":"https:\/\/tps-elektronik.com\/en\/wp-json\/wp\/v2\/media\/874"}],"wp:attachment":[{"href":"https:\/\/tps-elektronik.com\/en\/wp-json\/wp\/v2\/media?parent=1045"}],"curies":[{"name":"wp","href":"https:\/\/api.w.org\/{rel}","templated":true}]}}